{"id":1887,"date":"2025-08-20T14:41:36","date_gmt":"2025-08-20T14:41:36","guid":{"rendered":"https:\/\/mrel.com\/?page_id=1887"},"modified":"2025-08-20T15:50:45","modified_gmt":"2025-08-20T15:50:45","slug":"portal","status":"publish","type":"page","link":"https:\/\/mrel.com\/pt\/portal\/","title":{"rendered":"PORTAL MREL"},"content":{"rendered":"<div id=\"fws_69d464e953837\"  data-column-margin=\"default\" data-midnight=\"dark\" data-top-percent=\"2%\" data-bottom-percent=\"7%\"  class=\"wpb_row vc_row-fluid vc_row full-width-content vc_row-o-equal-height vc_row-flex vc_row-o-content-middle  zindex-set right_padding_5pct left_padding_5pct top_padding_tablet_20pct top_padding_phone_25pct\"  style=\"padding-top: calc(100vw * 0.02); padding-bottom: calc(100vw * 0.07);  z-index: 100;\"><div class=\"row-bg-wrap\" data-bg-animation=\"fade-in\" data-bg-animation-delay=\"\" data-bg-overlay=\"false\"><div class=\"inner-wrap row-bg-layer\" ><div class=\"row-bg viewport-desktop\"  style=\"\"><\/div><\/div><\/div><div class=\"row_col_wrap_12 col span_12 dark left\">\n\t<div  class=\"vc_col-sm-12 wpb_column column_container vc_column_container col no-extra-padding inherit_tablet inherit_phone\"  data-padding-pos=\"all\" data-has-bg-color=\"false\" data-bg-color=\"\" data-bg-opacity=\"1\" data-animation=\"\" data-delay=\"0\" >\n\t\t<div class=\"vc_column-inner\" >\n\t\t\t<div class=\"wpb_wrapper\">\n\t\t\t\t<div id=\"fws_69d464e953dc5\" data-midnight=\"\" data-column-margin=\"default\" class=\"wpb_row vc_row-fluid vc_row inner_row vc_row-o-equal-height vc_row-flex vc_row-o-content-bottom\"  style=\"\"><div class=\"row-bg-wrap\"> <div class=\"row-bg\" ><\/div> <\/div><div class=\"row_col_wrap_12_inner col span_12  left\">\n\t<div  class=\"vc_col-sm-10 wpb_column column_container vc_column_container col child_column padding-14-percent bottom_margin_tablet_20px no-extra-padding_tablet inherit_phone\"    data-t-w-inherits=\"small_desktop\" data-padding-pos=\"right\" data-has-bg-color=\"false\" data-bg-color=\"\" data-bg-opacity=\"1\" data-animation=\"\" data-delay=\"0\" >\n\t\t<div class=\"vc_column-inner\" >\n\t\t<div class=\"wpb_wrapper\">\n\t\t\t<div class=\"nectar-split-heading  font_size_3vw font_size_tablet_9vw font_size_phone_10vw font_line_height_1-3\" data-align=\"default\" data-m-align=\"inherit\" data-text-effect=\"letter-reveal-bottom\" data-animation-type=\"line-reveal-by-space\" data-animation-delay=\"0\" data-animation-offset=\"\" data-m-rm-animation=\"true\" data-stagger=\"true\" data-custom-font-size=\"true\" style=\"font-size: 3vw; line-height: 3.3vw;\"><h1 class=\"translation-block\" >Portal MREL \u2013 Sua porta de entrada para uma gest\u00e3o mais inteligente de instrumentos explosivos<\/h1><\/div>\n<div class=\"wpb_text_column wpb_content_element\" >\n\t<div class=\"wpb_wrapper\">\n\t\t<h5>Em Breve \u2013 Fique Conectado<\/h5>\n\t<\/div>\n<\/div>\n\n\n\n\n<div class=\"wpb_text_column wpb_content_element\" >\n\t<div class=\"wpb_wrapper\">\n\t\t<p>Na MREL, estamos comprometidos em fornecer aos nossos clientes e distribuidores as ferramentas de que precisam para ter sucesso. \u00c9 por isso que estamos lan\u00e7ando dois portais seguros, baseados em fun\u00e7\u00f5es \u2014 projetados para tornar a gest\u00e3o de equipamentos, o acompanhamento de calibra\u00e7\u00e3o e o suporte mais f\u00e1ceis do que nunca.<\/p>\n<h5>Valor-chave:<\/h5>\n<ul>\n<li>Economize tempo \u2013 tudo o que voc\u00ea precisa est\u00e1 online, em um s\u00f3 lugar.<\/li>\n<li>Mantenha-se seguro \u2013 acompanhe os cronogramas de calibra\u00e7\u00e3o e o cumprimento das normas sem esfor\u00e7o.<\/li>\n<li>Mantenha-se conectado \u2013 acesse recursos, treinamentos e suporte personalizados para voc\u00ea.<\/li>\n<\/ul>\n<p>Escolha seu portal para ver como ele pode transformar a forma como voc\u00ea gerencia seu relacionamento com a MREL:<\/p>\n\t<\/div>\n<\/div>\n\n\n\n<a class=\"nectar-button small regular accent-color  regular-button\"  role=\"button\" style=\"\"  href=\"https:\/\/mrel.com\/pt\/customer-portal\/\" data-color-override=\"false\" data-hover-color-override=\"false\" data-hover-text-color-override=\"#fff\"><span>Registro no Portal do Cliente<\/span><\/a><a class=\"nectar-button small regular accent-color  regular-button\"  role=\"button\" style=\"margin-left: 100px;\"  href=\"https:\/\/mrel.com\/pt\/dealer-portal\/\" data-color-override=\"false\" data-hover-color-override=\"false\" data-hover-text-color-override=\"#fff\"><span>Registro no Portal do Distribuidor<\/span><\/a>\n\t\t<\/div> \n\t<\/div>\n\t<\/div> \n<\/div><\/div>\n\t\t\t<\/div> \n\t\t<\/div>\n\t<\/div> \n<\/div><\/div>","protected":false},"excerpt":{"rendered":"MREL Portals \u2013 Your Gateway to Smarter Explosives Instrumentation Management Coming Soon \u2013 Stay Connected At MREL, we are committed to giving our customers and dealers the tools they need to succeed. That\u2019s why we\u2019re launching two secure,...","protected":false},"author":5,"featured_media":0,"parent":0,"menu_order":0,"comment_status":"closed","ping_status":"closed","template":"","meta":{"footnotes":""},"class_list":["post-1887","page","type-page","status-publish"],"_links":{"self":[{"href":"https:\/\/mrel.com\/pt\/wp-json\/wp\/v2\/pages\/1887","targetHints":{"allow":["GET"]}}],"collection":[{"href":"https:\/\/mrel.com\/pt\/wp-json\/wp\/v2\/pages"}],"about":[{"href":"https:\/\/mrel.com\/pt\/wp-json\/wp\/v2\/types\/page"}],"author":[{"embeddable":true,"href":"https:\/\/mrel.com\/pt\/wp-json\/wp\/v2\/users\/5"}],"replies":[{"embeddable":true,"href":"https:\/\/mrel.com\/pt\/wp-json\/wp\/v2\/comments?post=1887"}],"version-history":[{"count":12,"href":"https:\/\/mrel.com\/pt\/wp-json\/wp\/v2\/pages\/1887\/revisions"}],"predecessor-version":[{"id":1913,"href":"https:\/\/mrel.com\/pt\/wp-json\/wp\/v2\/pages\/1887\/revisions\/1913"}],"wp:attachment":[{"href":"https:\/\/mrel.com\/pt\/wp-json\/wp\/v2\/media?parent=1887"}],"curies":[{"name":"wp","href":"https:\/\/api.w.org\/{rel}","templated":true}]}}