{"id":1883,"date":"2025-08-20T15:16:30","date_gmt":"2025-08-20T15:16:30","guid":{"rendered":"https:\/\/mrel.com\/?page_id=1883"},"modified":"2025-08-20T15:16:30","modified_gmt":"2025-08-20T15:16:30","slug":"dealer-portal","status":"publish","type":"page","link":"https:\/\/mrel.com\/pt\/dealer-portal\/","title":{"rendered":"Portal do Revendedor"},"content":{"rendered":"<div id=\"fws_69d851dd80ee4\"  data-column-margin=\"default\" data-midnight=\"dark\" data-top-percent=\"2%\" data-bottom-percent=\"7%\"  class=\"wpb_row vc_row-fluid vc_row full-width-content vc_row-o-equal-height vc_row-flex vc_row-o-content-middle  zindex-set right_padding_5pct left_padding_5pct top_padding_tablet_20pct top_padding_phone_25pct\"  style=\"padding-top: calc(100vw * 0.02); padding-bottom: calc(100vw * 0.07);  z-index: 100;\"><div class=\"row-bg-wrap\" data-bg-animation=\"fade-in\" data-bg-animation-delay=\"\" data-bg-overlay=\"false\"><div class=\"inner-wrap row-bg-layer\" ><div class=\"row-bg viewport-desktop\"  style=\"\"><\/div><\/div><\/div><div class=\"row_col_wrap_12 col span_12 dark left\">\n\t<div  class=\"vc_col-sm-12 wpb_column column_container vc_column_container col no-extra-padding inherit_tablet inherit_phone\"  data-padding-pos=\"all\" data-has-bg-color=\"false\" data-bg-color=\"\" data-bg-opacity=\"1\" data-animation=\"\" data-delay=\"0\" >\n\t\t<div class=\"vc_column-inner\" >\n\t\t\t<div class=\"wpb_wrapper\">\n\t\t\t\t<div id=\"fws_69d851dd81455\" data-midnight=\"\" data-column-margin=\"default\" class=\"wpb_row vc_row-fluid vc_row inner_row vc_row-o-equal-height vc_row-flex vc_row-o-content-bottom\"  style=\"\"><div class=\"row-bg-wrap\"> <div class=\"row-bg\" ><\/div> <\/div><div class=\"row_col_wrap_12_inner col span_12  left\">\n\t<div  class=\"vc_col-sm-10 wpb_column column_container vc_column_container col child_column padding-14-percent bottom_margin_tablet_20px no-extra-padding_tablet inherit_phone\"    data-t-w-inherits=\"small_desktop\" data-padding-pos=\"right\" data-has-bg-color=\"false\" data-bg-color=\"\" data-bg-opacity=\"1\" data-animation=\"\" data-delay=\"0\" >\n\t\t<div class=\"vc_column-inner\" >\n\t\t<div class=\"wpb_wrapper\">\n\t\t\t<div class=\"nectar-split-heading  font_size_3vw font_size_tablet_9vw font_size_phone_10vw font_line_height_1-3\" data-align=\"default\" data-m-align=\"inherit\" data-text-effect=\"letter-reveal-bottom\" data-animation-type=\"line-reveal-by-space\" data-animation-delay=\"0\" data-animation-offset=\"\" data-m-rm-animation=\"true\" data-stagger=\"true\" data-custom-font-size=\"true\" style=\"font-size: 3vw; line-height: 3.3vw;\"><h1 class=\"translation-block\" >Portal do Revendedor MREL<\/h1><\/div>\n<div class=\"wpb_text_column wpb_content_element\" >\n\t<div class=\"wpb_wrapper\">\n\t\t<h5><strong>Em Breve \u2013 Capacitando Nossos Revendedores Globais<\/strong><\/h5>\n\t<\/div>\n<\/div>\n\n\n\n\n<div class=\"wpb_text_column wpb_content_element\" >\n\t<div class=\"wpb_wrapper\">\n\t\t<p class=\"translation-block\">O <strong data-end=\"283\" data-start=\"261\">Portal do Revendedor MREL<\/strong> ser\u00e1 seu recurso online dedicado e seguro para gerenciar sua parceria com a MREL.<\/p>\n<p>Por meio do Portal, Revendedores Autorizados em breve poder\u00e3o:<\/p>\n<ul data-end=\"702\" data-start=\"426\">\n<li data-end=\"483\" data-start=\"426\">Registrar e acompanhar oportunidades e pedidos de clientes.<\/li>\n<li data-end=\"546\" data-start=\"484\">Acessar listas de pre\u00e7os e ofertas especiais.<\/li>\n<li data-end=\"621\" data-start=\"547\">Enviar e gerenciar solicita\u00e7\u00f5es de RMA e calibra\u00e7\u00e3o em nome dos clientes.<\/li>\n<li data-end=\"702\" data-start=\"622\">Baixar materiais de marketing, documenta\u00e7\u00e3o de produtos e recursos de treinamento.<\/li>\n<\/ul>\n<p data-end=\"813\" data-start=\"704\">Estamos finalizando o lan\u00e7amento desta poderosa nova ferramenta para apoiar e fortalecer nossa Rede Global de Revendedores.<\/p>\n\t<\/div>\n<\/div>\n\n\n\n\n\t\t<\/div> \n\t<\/div>\n\t<\/div> \n<\/div><\/div>\n\t\t\t<\/div> \n\t\t<\/div>\n\t<\/div> \n<\/div><\/div>\n\t\t<div id=\"fws_69d851dd81c82\"  data-column-margin=\"default\" data-midnight=\"dark\"  class=\"wpb_row vc_row-fluid vc_row\"  style=\"padding-top: 0px; padding-bottom: 0px; \"><div class=\"row-bg-wrap\" data-bg-animation=\"none\" data-bg-animation-delay=\"\" data-bg-overlay=\"false\"><div class=\"inner-wrap row-bg-layer\" ><div class=\"row-bg viewport-desktop using-bg-color\"  style=\"background-color: #F7F7F7; \"><\/div><\/div><\/div><div class=\"row_col_wrap_12 col span_12 dark left\">\n\t<div  class=\"vc_col-sm-12 wpb_column column_container vc_column_container col no-extra-padding inherit_tablet inherit_phone\"  data-padding-pos=\"all\" data-has-bg-color=\"false\" data-bg-color=\"\" data-bg-opacity=\"1\" data-animation=\"\" data-delay=\"0\" >\n\t\t<div class=\"vc_column-inner\" >\n\t\t\t<div class=\"wpb_wrapper\">\n\t\t\t\t\n<div class=\"wpb_text_column wpb_content_element\" >\n\t<div class=\"wpb_wrapper\">\n\t\t<h3>Seja o Primeiro a Saber<\/h3>\n<p data-end=\"783\" data-start=\"667\">Registre seu interesse abaixo para ser notificado assim que o Portal do Revendedor estiver dispon\u00edvel.<\/p>\n<p data-end=\"869\" data-start=\"785\"><a href=\"https:\/\/zfrmz.com\/bExsrpqAWnGbgNEGui43\" target=\"_blank\" rel=\"noopener\"><strong data-end=\"811\" data-start=\"785\">Registrar meu Interesse<\/strong><\/a><\/p>\n\t<\/div>\n<\/div>\n\n\n\n\n\t\t\t<\/div> \n\t\t<\/div>\n\t<\/div> \n<\/div><\/div>","protected":false},"excerpt":{"rendered":"MREL Dealer Portal Coming Soon \u2013 Empowering Our Global Dealers The MREL Dealer Portal will be your dedicated, secure online resource for managing your partnership with MREL. Through the Portal, Authorized Dealers will soon be able to: Register...","protected":false},"author":5,"featured_media":0,"parent":0,"menu_order":0,"comment_status":"closed","ping_status":"closed","template":"","meta":{"footnotes":""},"class_list":["post-1883","page","type-page","status-publish"],"_links":{"self":[{"href":"https:\/\/mrel.com\/pt\/wp-json\/wp\/v2\/pages\/1883","targetHints":{"allow":["GET"]}}],"collection":[{"href":"https:\/\/mrel.com\/pt\/wp-json\/wp\/v2\/pages"}],"about":[{"href":"https:\/\/mrel.com\/pt\/wp-json\/wp\/v2\/types\/page"}],"author":[{"embeddable":true,"href":"https:\/\/mrel.com\/pt\/wp-json\/wp\/v2\/users\/5"}],"replies":[{"embeddable":true,"href":"https:\/\/mrel.com\/pt\/wp-json\/wp\/v2\/comments?post=1883"}],"version-history":[{"count":10,"href":"https:\/\/mrel.com\/pt\/wp-json\/wp\/v2\/pages\/1883\/revisions"}],"predecessor-version":[{"id":1902,"href":"https:\/\/mrel.com\/pt\/wp-json\/wp\/v2\/pages\/1883\/revisions\/1902"}],"wp:attachment":[{"href":"https:\/\/mrel.com\/pt\/wp-json\/wp\/v2\/media?parent=1883"}],"curies":[{"name":"wp","href":"https:\/\/api.w.org\/{rel}","templated":true}]}}