{"id":180,"date":"2024-01-03T08:47:24","date_gmt":"2024-01-03T08:47:24","guid":{"rendered":"https:\/\/mrel.com\/?page_id=180"},"modified":"2025-05-20T16:22:44","modified_gmt":"2025-05-20T16:22:44","slug":"instrumentacao-de-detonacao","status":"publish","type":"page","link":"https:\/\/mrel.com\/pt\/instrumentacao-de-detonacao\/","title":{"rendered":"INSTRUMENTA\u00c7\u00c3O PARA DETONA\u00c7\u00c3O"},"content":{"rendered":"<div id=\"fws_69d44b7e05327\"  data-column-margin=\"default\" data-midnight=\"dark\"  class=\"wpb_row vc_row-fluid vc_row full-width-section\"  style=\"padding-top: 80px; padding-bottom: 0px; \"><div class=\"row-bg-wrap\" data-bg-animation=\"none\" data-bg-animation-delay=\"\" data-bg-overlay=\"false\"><div class=\"inner-wrap row-bg-layer\" ><div class=\"row-bg viewport-desktop\"  style=\"\"><\/div><\/div><\/div><div class=\"row_col_wrap_12 col span_12 dark left\">\n\t<div  class=\"vc_col-sm-12 wpb_column column_container vc_column_container col no-extra-padding inherit_tablet inherit_phone\"  data-padding-pos=\"all\" data-has-bg-color=\"false\" data-bg-color=\"\" data-bg-opacity=\"1\" data-animation=\"\" data-delay=\"0\" >\n\t\t<div class=\"vc_column-inner\" >\n\t\t\t<div class=\"wpb_wrapper\">\n\t\t\t\t<div class=\"nectar-split-heading  font_size_50px\" data-align=\"default\" data-m-align=\"inherit\" data-text-effect=\"letter-reveal-bottom\" data-animation-type=\"line-reveal-by-space\" data-animation-delay=\"0\" data-animation-offset=\"\" data-m-rm-animation=\"true\" data-stagger=\"true\" data-custom-font-size=\"true\" style=\"font-size: 50px; line-height: 54px;\"><h2 style=\" color: #cfcfcf;\">INSTRUMENTA\u00c7\u00c3O PARA DETONA\u00c7\u00c3O<\/h2><\/div>\n<div class=\"wpb_text_column wpb_content_element  vc_custom_1704311423733\" >\n\t<div class=\"wpb_wrapper\">\n\t\t<h6><strong>BEM-VINDO AO CORA\u00c7\u00c3O DA PRECIS\u00c3O EM TECNOLOGIA DE EXPLOSIVOS!<\/strong><\/h6>\n\t<\/div>\n<\/div>\n\n\n\n\n<div class=\"wpb_text_column wpb_content_element  vc_custom_1704311318055\" >\n\t<div class=\"wpb_wrapper\">\n\t\t<p class=\"translation-block\">A MREL Blasting Instrumentation dedica-se a definir o padr\u00e3o do setor com nossos mundialmente renomados <strong>gravadores de velocidade de detona\u00e7\u00e3o (VOD)<\/strong> e <strong>c\u00e2meras de v\u00eddeo de alta velocidade<\/strong>.<\/p>\n\t<\/div>\n<\/div>\n\n\n\n\n<div class=\"wpb_text_column wpb_content_element  vc_custom_1704312498538\" >\n\t<div class=\"wpb_wrapper\">\n\t\t<h6><strong>EXPLORE OS RECURSOS DA INSTRUMENTA\u00c7\u00c3O DE DETONA\u00c7\u00c3O DA MREL.<\/strong><\/h6>\n\t<\/div>\n<\/div>\n\n\n\n\n<div class=\"wpb_text_column wpb_content_element  vc_custom_1704313563678\" >\n\t<div class=\"wpb_wrapper\">\n\t\t<p><span style=\"font-weight: 400;\">Se voc\u00ea fabrica, usa ou estuda explosivos e seus efeitos, \u00e9 prov\u00e1vel que j\u00e1 esteja documentando o desempenho de seus explosivos, detonadores e explos\u00f5es com os principais gravadores e c\u00e2meras do mundo da Divis\u00e3o de Instrumenta\u00e7\u00e3o de Explos\u00e3o da MREL. As aplica\u00e7\u00f5es incluem a velocidade de detona\u00e7\u00e3o de explosivos (VOD), tempos de atraso do detonador, sobrepress\u00e3o de jato de ar, press\u00e3o subaqu\u00e1tica, tens\u00e3o din\u00e2mica, vibra\u00e7\u00e3o em campo pr\u00f3ximo, tempos de disparo de furos de detona\u00e7\u00e3o e movimento de rochas e troncos.<\/span><\/p>\n\t<\/div>\n<\/div>\n\n\n\n\n\t\t\t<\/div> \n\t\t<\/div>\n\t<\/div> \n<\/div><\/div>\n\t\t<div id=\"fws_69d44b7e05cae\"  data-column-margin=\"default\" data-midnight=\"dark\"  class=\"wpb_row vc_row-fluid vc_row\"  style=\"padding-top: 0px; padding-bottom: 80px; \"><div class=\"row-bg-wrap\" data-bg-animation=\"none\" data-bg-animation-delay=\"\" data-bg-overlay=\"false\"><div class=\"inner-wrap row-bg-layer\" ><div class=\"row-bg viewport-desktop\"  style=\"\"><\/div><\/div><\/div><div class=\"row_col_wrap_12 col span_12 dark left\">\n\t<div  class=\"vc_col-sm-2 wpb_column column_container vc_column_container col no-extra-padding column_element_direction_desktop_horizontal inherit_tablet inherit_phone\"  data-padding-pos=\"all\" data-has-bg-color=\"false\" data-bg-color=\"\" data-bg-opacity=\"1\" data-animation=\"\" data-delay=\"0\" >\n\t\t<div class=\"vc_column-inner\" >\n\t\t\t<div class=\"wpb_wrapper\">\n\t\t\t\t<div id=\"fws_69d44b7e0601a\" data-midnight=\"\" data-column-margin=\"10px\" class=\"wpb_row vc_row-fluid vc_row inner_row\"  style=\"\"><div class=\"row-bg-wrap\"> <div class=\"row-bg\" ><\/div> <\/div><div class=\"row_col_wrap_12_inner col span_12  left\">\n\t<div  class=\"vc_col-sm-6 vc_col-md-6 vc_col-xs-4 wpb_column column_container vc_column_container col child_column no-extra-padding inherit_tablet inherit_phone\"   data-padding-pos=\"all\" data-has-bg-color=\"false\" data-bg-color=\"\" data-bg-opacity=\"1\" data-animation=\"\" data-delay=\"0\" >\n\t\t<div class=\"vc_column-inner\" >\n\t\t<div class=\"wpb_wrapper\">\n\t\t\t<div class=\"img-with-aniamtion-wrap  custom-width-50px custom-width-tablet-50px custom-width-phone-45px\" data-max-width=\"custom\" data-max-width-mobile=\"default\" data-shadow=\"small_depth\" data-animation=\"none\" >\n      <div class=\"inner\">\n        <div class=\"hover-wrap\"> \n          <div class=\"hover-wrap-inner\">\n            <a href=\"\/wp-content\/uploads\/2025\/05\/SummaryBrochure_Portuguese.pdf\" target=\"_blank\" class=\"\">\n              <img loading=\"lazy\" decoding=\"async\" class=\"img-with-animation skip-lazy\" data-delay=\"0\" height=\"1650\" width=\"1275\" data-animation=\"none\" src=\"https:\/\/mrel.com\/wp-content\/uploads\/2025\/05\/SummaryBrochure_English_page-0001-1.jpg\" alt=\"\" srcset=\"https:\/\/mrel.com\/wp-content\/uploads\/2025\/05\/SummaryBrochure_English_page-0001-1.jpg 1275w, https:\/\/mrel.com\/wp-content\/uploads\/2025\/05\/SummaryBrochure_English_page-0001-1-232x300.jpg 232w, https:\/\/mrel.com\/wp-content\/uploads\/2025\/05\/SummaryBrochure_English_page-0001-1-791x1024.jpg 791w, https:\/\/mrel.com\/wp-content\/uploads\/2025\/05\/SummaryBrochure_English_page-0001-1-768x994.jpg 768w, https:\/\/mrel.com\/wp-content\/uploads\/2025\/05\/SummaryBrochure_English_page-0001-1-1187x1536.jpg 1187w, https:\/\/mrel.com\/wp-content\/uploads\/2025\/05\/SummaryBrochure_English_page-0001-1-9x12.jpg 9w, https:\/\/mrel.com\/wp-content\/uploads\/2025\/05\/SummaryBrochure_English_page-0001-1-25x32.jpg 25w\" sizes=\"auto, (max-width: 1275px) 100vw, 1275px\" \/>\n            <\/a>\n          <\/div>\n        <\/div>\n      <\/div>\n      <\/div>\n\t\t<\/div> \n\t<\/div>\n\t<\/div> \n\n\t<div  class=\"vc_col-sm-6 vc_col-md-6 vc_col-xs-4 wpb_column column_container vc_column_container col child_column no-extra-padding inherit_tablet inherit_phone\"   data-padding-pos=\"all\" data-has-bg-color=\"false\" data-bg-color=\"\" data-bg-opacity=\"1\" data-animation=\"\" data-delay=\"0\" >\n\t\t<div class=\"vc_column-inner\" >\n\t\t<div class=\"wpb_wrapper\">\n\t\t\t\n<div class=\"wpb_text_column wpb_content_element  acor-links\" >\n\t<div class=\"wpb_wrapper\">\n\t\t<p class=\"translation-block\"><a href=\"https:\/\/mrel.com\/wp-content\/uploads\/2025\/05\/SummaryBrochure_Portuguese.pdf\" target=\"_blank\" rel=\"noopener\"><strong>MREL<\/strong><br>\n<strong>SUM\u00c1RIO<\/strong><br>\n<strong>BROCHURA<\/strong><\/a><\/p>\n\t<\/div>\n<\/div>\n\n\n\n\n\t\t<\/div> \n\t<\/div>\n\t<\/div> \n<\/div><\/div>\n\t\t\t<\/div> \n\t\t<\/div>\n\t<\/div> \n\n\t<div  class=\"vc_col-sm-10 wpb_column column_container vc_column_container col no-extra-padding inherit_tablet inherit_phone\"  data-padding-pos=\"all\" data-has-bg-color=\"false\" data-bg-color=\"\" data-bg-opacity=\"1\" data-animation=\"\" data-delay=\"0\" >\n\t\t<div class=\"vc_column-inner\" >\n\t\t\t<div class=\"wpb_wrapper\">\n\t\t\t\t\n\t\t\t<\/div> \n\t\t<\/div>\n\t<\/div> \n<\/div><\/div>\n\t\t<div id=\"fws_69d44b7e06c4f\"  data-column-margin=\"none\" data-midnight=\"dark\"  class=\"wpb_row vc_row-fluid vc_row full-width-content vc_row-o-equal-height vc_row-flex vc_row-o-content-top\"  style=\"padding-top: 0px; padding-bottom: 0px; \"><div class=\"row-bg-wrap\" data-bg-animation=\"none\" data-bg-animation-delay=\"\" data-bg-overlay=\"false\"><div class=\"inner-wrap row-bg-layer\" ><div class=\"row-bg viewport-desktop\"  style=\"\"><\/div><\/div><\/div><div class=\"row_col_wrap_12 col span_12 dark left\">\n\t<div style=\" color: #f3380f;\" class=\"vc_col-sm-6 wpb_column column_container vc_column_container col padding-5-percent inherit_tablet inherit_phone\" data-cfc=\"true\" data-using-bg=\"true\" data-bg-cover=\"true\" data-padding-pos=\"all\" data-has-bg-color=\"false\" data-bg-color=\"\" data-bg-opacity=\"1\" data-animation=\"\" data-delay=\"0\" >\n\t\t<div class=\"vc_column-inner\" ><div class=\"column-image-bg-wrap column-bg-layer viewport-desktop\" data-bg-pos=\"right top\" data-bg-animation=\"none\" data-bg-overlay=\"false\"><div class=\"inner-wrap\"><div class=\"column-image-bg\" style=\" background-image: url('https:\/\/mrel.com\/wp-content\/uploads\/2024\/11\/left-VOD-DATA-1.webp'); \"><\/div><\/div><\/div>\n\t\t\t<div class=\"wpb_wrapper\">\n\t\t\t\t<div class=\"nectar-split-heading  font_line_height_1-2\" data-align=\"default\" data-m-align=\"inherit\" data-text-effect=\"default\" data-animation-type=\"default\" data-animation-delay=\"0\" data-animation-offset=\"\" data-m-rm-animation=\"\" data-stagger=\"\" data-custom-font-size=\"false\" ><div class=\"heading-line\" > <div><h3><strong>ALTA VELOCIDADE<\/strong><\/h3> <\/div> <\/div><div class=\"heading-line\" > <div><h3><strong>VOD\/DATA<\/strong><\/h3> <\/div> <\/div><div class=\"heading-line\" > <div><h3><strong>GRAVADORES<\/strong><\/h3> <\/div> <\/div><\/div><div class=\"divider-wrap\" data-alignment=\"default\"><div style=\"height: 230px;\" class=\"divider\"><\/div><\/div><div class=\"nectar-cta  hover_color_303030 alignment_tablet_default alignment_phone_default display_tablet_inherit display_phone_inherit\" data-color=\"accent-color\" data-using-bg=\"true\" data-style=\"see-through\" data-display=\"block\" data-alignment=\"left\" data-text-color=\"custom\" style=\"margin-top: 50px; \"><h6 style=\"color: #ffffff;\"> <span class=\"text\"> <\/span><span class=\"link_wrap\" style=\"padding-top: 6px; padding-right: 10px; padding-bottom: 6px; padding-left: 10px;\"><a  class=\"link_text\" role=\"button\" href=\"\/pt\/gravadores-de-dados-vod-de-alta-velocidade\/\">CLIQUE AQUI PARA SABER MAIS<span class=\"arrow\"><\/span><\/a><\/span><\/h6><\/div>\n\t\t\t<\/div> \n\t\t<\/div>\n\t<\/div> \n\n\t<div style=\" color: #ffffff;\" class=\"vc_col-sm-6 wpb_column column_container vc_column_container col padding-5-percent inherit_tablet inherit_phone\" data-cfc=\"true\" data-using-bg=\"true\" data-bg-cover=\"true\" data-padding-pos=\"all\" data-has-bg-color=\"false\" data-bg-color=\"\" data-bg-opacity=\"1\" data-animation=\"\" data-delay=\"0\" >\n\t\t<div class=\"vc_column-inner\" ><div class=\"column-image-bg-wrap column-bg-layer viewport-desktop\" data-bg-pos=\"right bottom\" data-bg-animation=\"none\" data-bg-overlay=\"false\"><div class=\"inner-wrap\"><div class=\"column-image-bg\" style=\" background-image: url('https:\/\/mrel.com\/wp-content\/uploads\/2025\/04\/right-VIDEO-CAMERAS-1-copy.webp'); \"><\/div><\/div><\/div>\n\t\t\t<div class=\"wpb_wrapper\">\n\t\t\t\t<div class=\"nectar-split-heading  font_line_height_1-2\" data-align=\"default\" data-m-align=\"inherit\" data-text-effect=\"default\" data-animation-type=\"default\" data-animation-delay=\"0\" data-animation-offset=\"\" data-m-rm-animation=\"\" data-stagger=\"\" data-custom-font-size=\"false\" ><div class=\"heading-line\" > <div><h3><strong>ALTA VELOCIDADE<\/strong><\/h3> <\/div> <\/div><div class=\"heading-line\" > <div><h3><strong>C\u00c2MERAS DE V\u00cdDEO<\/strong><\/h3> <\/div> <\/div><\/div><div class=\"divider-wrap\" data-alignment=\"default\"><div style=\"height: 300px;\" class=\"divider\"><\/div><\/div><div class=\"nectar-cta  hover_color_303030 text_hover_color_ffffff alignment_tablet_default alignment_phone_default display_tablet_inherit display_phone_inherit translate_x_desktop_-10px translate_x_tablet_0px\" data-color=\"white\" data-using-bg=\"true\" data-style=\"see-through\" data-display=\"block\" data-alignment=\"left\" data-text-color=\"custom\" style=\"margin-top: 50px; \"><h6 style=\"color: #f3380f;\"> <span class=\"text\"> <\/span><span class=\"link_wrap\" style=\"padding-top: 6px; padding-right: 10px; padding-bottom: 6px; padding-left: 10px;\"><a  class=\"link_text\" role=\"button\" href=\"\/pt\/high-speed-video-cameras\/\">CLIQUE AQUI PARA SABER MAIS<span class=\"arrow\"><\/span><\/a><\/span><\/h6><\/div>\n\t\t\t<\/div> \n\t\t<\/div>\n\t<\/div> \n<\/div><\/div>","protected":false},"excerpt":{"rendered":"BLASTING INSTRUMENTATION WELCOME TO THE HEART OF PRECISION IN EXPLOSIVE TECHNOLOGY! MREL's Blasting Instrumentation is dedicated to setting the industry standard with our world-renowned velocity of detonation (VOD) recorders and high speed video cameras. EXPLORE THE CAPABILITIES OF...","protected":false},"author":1,"featured_media":0,"parent":0,"menu_order":0,"comment_status":"closed","ping_status":"closed","template":"","meta":{"footnotes":""},"class_list":["post-180","page","type-page","status-publish"],"_links":{"self":[{"href":"https:\/\/mrel.com\/pt\/wp-json\/wp\/v2\/pages\/180","targetHints":{"allow":["GET"]}}],"collection":[{"href":"https:\/\/mrel.com\/pt\/wp-json\/wp\/v2\/pages"}],"about":[{"href":"https:\/\/mrel.com\/pt\/wp-json\/wp\/v2\/types\/page"}],"author":[{"embeddable":true,"href":"https:\/\/mrel.com\/pt\/wp-json\/wp\/v2\/users\/1"}],"replies":[{"embeddable":true,"href":"https:\/\/mrel.com\/pt\/wp-json\/wp\/v2\/comments?post=180"}],"version-history":[{"count":21,"href":"https:\/\/mrel.com\/pt\/wp-json\/wp\/v2\/pages\/180\/revisions"}],"predecessor-version":[{"id":1595,"href":"https:\/\/mrel.com\/pt\/wp-json\/wp\/v2\/pages\/180\/revisions\/1595"}],"wp:attachment":[{"href":"https:\/\/mrel.com\/pt\/wp-json\/wp\/v2\/media?parent=180"}],"curies":[{"name":"wp","href":"https:\/\/api.w.org\/{rel}","templated":true}]}}