{"id":407,"date":"2024-08-28T14:27:27","date_gmt":"2024-08-28T14:27:27","guid":{"rendered":"https:\/\/mrel.com\/?page_id=407"},"modified":"2026-01-05T14:20:19","modified_gmt":"2026-01-05T14:20:19","slug":"contact-us","status":"publish","type":"page","link":"https:\/\/mrel.com\/fr\/contact-us\/","title":{"rendered":"Contact us"},"content":{"rendered":"<div id=\"fws_69d44b7cdedb6\"  data-column-margin=\"default\" data-midnight=\"dark\" data-bottom-percent=\"5%\"  class=\"wpb_row vc_row-fluid vc_row full-width-section  top_margin_5pct\"  style=\"padding-top: 0px; padding-bottom: calc(100vw * 0.05); \"><div class=\"row-bg-wrap\" data-bg-animation=\"none\" data-bg-animation-delay=\"\" data-bg-overlay=\"false\"><div class=\"inner-wrap row-bg-layer\" ><div class=\"row-bg viewport-desktop\"  style=\"\"><\/div><\/div><\/div><div class=\"row_col_wrap_12 col span_12 dark left\">\n\t<div  class=\"vc_col-sm-12 wpb_column column_container vc_column_container col no-extra-padding inherit_tablet inherit_phone\"  data-padding-pos=\"all\" data-has-bg-color=\"false\" data-bg-color=\"\" data-bg-opacity=\"1\" data-animation=\"\" data-delay=\"0\" >\n\t\t<div class=\"vc_column-inner\" >\n\t\t\t<div class=\"wpb_wrapper\">\n\t\t\t\t<div id=\"fws_69d44b7cdf44d\" data-midnight=\"\" data-column-margin=\"60px\" class=\"wpb_row vc_row-fluid vc_row inner_row vc_row-o-equal-height vc_row-flex\"  style=\"\"><div class=\"row-bg-wrap\"> <div class=\"row-bg\" ><\/div> <\/div><div class=\"row_col_wrap_12_inner col span_12  left\">\n\t<div style=\"\" class=\"vc_col-sm-4 wpb_column column_container vc_column_container col child_column centered-text padding-3-percent inherit_tablet inherit_phone\"  data-using-bg=\"true\" data-shadow=\"small_depth\" data-border-radius=\"15px\" data-padding-pos=\"all\" data-has-bg-color=\"true\" data-bg-color=\"#f2f2f2\" data-bg-opacity=\"1\" data-animation=\"\" data-delay=\"0\" >\n\t\t<div class=\"vc_column-inner\" ><div class=\"column-bg-overlay-wrap column-bg-layer\" data-bg-animation=\"none\"><div class=\"column-bg-overlay\" style=\"opacity: 1; background-color: #f2f2f2;\"><\/div><\/div>\n\t\t<div class=\"wpb_wrapper\">\n\t\t\t<h6 style=\"text-align: center\" class=\"vc_custom_heading vc_do_custom_heading\" >CONTACTER L\u2019\u00c9QUIPE DES VENTES<\/h6>\n<div class=\"wpb_text_column wpb_content_element\" >\n\t<div class=\"wpb_wrapper\">\n\t\t<p class=\"translation-block\"><img class=\"alignnone wp-image-1821\" src=\"https:\/\/mrel.com\/wp-content\/uploads\/2025\/07\/Sales_Email-300x49.png\" alt=\"\" width=\"276\" height=\"45\">Si vous \u00eates potentiellement int\u00e9ress\u00e9 par les produits de MREL, veuillez  <span style=\"text-decoration: underline;color: #000000\"><a class=\"cor-links\" style=\"color: #000000;text-decoration: underline\" href=\"https:\/\/forms.zohopublic.com\/mrelportal\/form\/CONTACTMREL\/formperma\/diHj4IArmiQPANvpKo8sq6PCeOpM0q3Gm-x7lzAXcMs\" target=\"_blank\" rel=\"noopener\">remplir ce formulaire<\/a><\/span> afin que toutes vos questions et demandes re\u00e7oivent une r\u00e9ponse.<\/p>\n\t<\/div>\n<\/div>\n\n\n\n\n\t\t<\/div> \n\t<\/div>\n\t<\/div> \n\n\t<div style=\"\" class=\"vc_col-sm-4 wpb_column column_container vc_column_container col child_column centered-text padding-3-percent inherit_tablet inherit_phone\"  data-using-bg=\"true\" data-shadow=\"small_depth\" data-border-radius=\"10px\" data-padding-pos=\"all\" data-has-bg-color=\"true\" data-bg-color=\"#f2f2f2\" data-bg-opacity=\"1\" data-animation=\"\" data-delay=\"0\" >\n\t\t<div class=\"vc_column-inner\" ><div class=\"column-bg-overlay-wrap column-bg-layer\" data-bg-animation=\"none\"><div class=\"column-bg-overlay\" style=\"opacity: 1; background-color: #f2f2f2;\"><\/div><\/div>\n\t\t<div class=\"wpb_wrapper\">\n\t\t\t<h6 style=\"text-align: center\" class=\"vc_custom_heading vc_do_custom_heading\" >CONTACTER L\u2019\u00c9QUIPE DE SUPPORT CLIENT<\/h6>\n<div class=\"wpb_text_column wpb_content_element\" >\n\t<div class=\"wpb_wrapper\">\n\t\t<p class=\"translation-block\"><img class=\"alignnone size-medium wp-image-1823\" src=\"https:\/\/mrel.com\/wp-content\/uploads\/2025\/07\/support_Email-300x36.png\" alt=\"\" width=\"300\" height=\"36\">Si vous \u00eates d\u00e9j\u00e0 client, veuillez <span style=\"text-decoration: underline;color: #000000\"><a class=\"cor-links\" style=\"color: #000000;text-decoration: underline\" href=\"https:\/\/forms.zohopublic.com\/mrelportal\/form\/DESKCONTACTMRELCUSTOMERSUPPORTTEAM\/formperma\/uj5UYtAOuPlCfAWIT8ANtgoHyHrCCIAwvKINWG3PtiE\" target=\"_blank\" rel=\"noopener\">remplir ce formulaire<\/a><\/span> pour obtenir du support concernant l\u2019un de vos produits.<\/p>\n\t<\/div>\n<\/div>\n\n\n\n\n\t\t<\/div> \n\t<\/div>\n\t<\/div> \n\n\t<div style=\"\" class=\"vc_col-sm-4 wpb_column column_container vc_column_container col child_column centered-text padding-3-percent inherit_tablet inherit_phone\"  data-using-bg=\"true\" data-shadow=\"small_depth\" data-border-radius=\"10px\" data-padding-pos=\"all\" data-has-bg-color=\"true\" data-bg-color=\"#f2f2f2\" data-bg-opacity=\"1\" data-animation=\"\" data-delay=\"0\" >\n\t\t<div class=\"vc_column-inner\" ><div class=\"column-bg-overlay-wrap column-bg-layer\" data-bg-animation=\"none\"><div class=\"column-bg-overlay\" style=\"opacity: 1; background-color: #f2f2f2;\"><\/div><\/div>\n\t\t<div class=\"wpb_wrapper\">\n\t\t\t<h6 style=\"text-align: center\" class=\"vc_custom_heading vc_do_custom_heading\" >CONTACTER L\u2019\u00c9QUIPE DE SERVICE PRODUITS<\/h6>\n<div class=\"wpb_text_column wpb_content_element\" >\n\t<div class=\"wpb_wrapper\">\n\t\t<p class=\"translation-block\"><img class=\"alignnone size-medium wp-image-1822\" src=\"https:\/\/mrel.com\/wp-content\/uploads\/2025\/07\/service_email-300x40.png\" alt=\"\" width=\"300\" height=\"40\">Si vous \u00eates d\u00e9j\u00e0 client, veuillez <span style=\"text-decoration: underline;color: #000000\"><a class=\"cor-links\" style=\"color: #000000;text-decoration: underline\" href=\"https:\/\/forms.zohopublic.com\/mrelportal\/form\/CONTACTnewREQUESTCALIBRATIONREPAIRS\/formperma\/AogoG6REBinDURQTnmd0XztFWssLqYzua_vhZADf0fQ\" target=\"_blank\" rel=\"noopener\">remplir ce formulaire<\/a><\/span> pour demander l\u2019\u00e9talonnage et\/ou le service de vos produits.<\/p>\n\t<\/div>\n<\/div>\n\n\n\n\n\t\t<\/div> \n\t<\/div>\n\t<\/div> \n<\/div><\/div>\n\t\t\t<\/div> \n\t\t<\/div>\n\t<\/div> \n<\/div><\/div>\n\t\t<div id=\"fws_69d44b7ce086c\"  data-column-margin=\"default\" data-midnight=\"dark\"  class=\"wpb_row vc_row-fluid vc_row\"  style=\"padding-top: 0px; padding-bottom: 80px; \"><div class=\"row-bg-wrap\" data-bg-animation=\"none\" data-bg-animation-delay=\"\" data-bg-overlay=\"false\"><div class=\"inner-wrap row-bg-layer\" ><div class=\"row-bg viewport-desktop\"  style=\"\"><\/div><\/div><\/div><div class=\"row_col_wrap_12 col span_12 dark left\">\n\t<div  class=\"vc_col-sm-12 wpb_column column_container vc_column_container col no-extra-padding inherit_tablet inherit_phone\"  data-padding-pos=\"all\" data-has-bg-color=\"false\" data-bg-color=\"\" data-bg-opacity=\"1\" data-animation=\"\" data-delay=\"0\" >\n\t\t<div class=\"vc_column-inner\" >\n\t\t\t<div class=\"wpb_wrapper\">\n\t\t\t\t\n<div class=\"wpb_text_column wpb_content_element\" >\n\t<div class=\"wpb_wrapper\">\n\t\t<h5 style=\"text-align: center;\"><strong>MREL Group of Companies Limited<\/strong><\/h5>\n<p style=\"text-align: center;\"><strong><br \/>\n5-779 Sir John A MacDonald Blvd<\/strong><br \/>\n<strong>Kingston, Ontario K7L 1H3<\/strong><br \/>\n<strong>Canada<\/strong><\/p>\n<p style=\"text-align: center;\"><strong>T: +1 613.545.0466<\/strong><\/p>\n\t<\/div>\n<\/div>\n\n\n\n\n\t\t\t<\/div> \n\t\t<\/div>\n\t<\/div> \n<\/div><\/div>","protected":false},"excerpt":{"rendered":"CONTACT SALES TEAM If you are potentially interested in MREL's products, please complete this form to have all your questions and requests answered. CONTACT CUSTOMER SUPPORT TEAM If you are an existing Customer, complete this form to obtain...","protected":false},"author":1,"featured_media":0,"parent":0,"menu_order":0,"comment_status":"closed","ping_status":"closed","template":"","meta":{"footnotes":""},"class_list":["post-407","page","type-page","status-publish"],"_links":{"self":[{"href":"https:\/\/mrel.com\/fr\/wp-json\/wp\/v2\/pages\/407","targetHints":{"allow":["GET"]}}],"collection":[{"href":"https:\/\/mrel.com\/fr\/wp-json\/wp\/v2\/pages"}],"about":[{"href":"https:\/\/mrel.com\/fr\/wp-json\/wp\/v2\/types\/page"}],"author":[{"embeddable":true,"href":"https:\/\/mrel.com\/fr\/wp-json\/wp\/v2\/users\/1"}],"replies":[{"embeddable":true,"href":"https:\/\/mrel.com\/fr\/wp-json\/wp\/v2\/comments?post=407"}],"version-history":[{"count":25,"href":"https:\/\/mrel.com\/fr\/wp-json\/wp\/v2\/pages\/407\/revisions"}],"predecessor-version":[{"id":1956,"href":"https:\/\/mrel.com\/fr\/wp-json\/wp\/v2\/pages\/407\/revisions\/1956"}],"wp:attachment":[{"href":"https:\/\/mrel.com\/fr\/wp-json\/wp\/v2\/media?parent=407"}],"curies":[{"name":"wp","href":"https:\/\/api.w.org\/{rel}","templated":true}]}}