{"id":191,"date":"2024-01-04T04:51:41","date_gmt":"2024-01-04T04:51:41","guid":{"rendered":"https:\/\/mrel.com\/?page_id=191"},"modified":"2025-06-15T04:14:36","modified_gmt":"2025-06-15T04:14:36","slug":"produits-de-securite-pour-la-defense","status":"publish","type":"page","link":"https:\/\/mrel.com\/fr\/produits-de-securite-pour-la-defense\/","title":{"rendered":"DEFENCE &#038; SECURITY SOLUTIONS"},"content":{"rendered":"<div id=\"fws_69d44d431bd2d\"  data-column-margin=\"default\" data-midnight=\"dark\"  class=\"wpb_row vc_row-fluid vc_row full-width-section\"  style=\"padding-top: 80px; padding-bottom: 80px; \"><div class=\"row-bg-wrap\" data-bg-animation=\"none\" data-bg-animation-delay=\"\" data-bg-overlay=\"false\"><div class=\"inner-wrap row-bg-layer\" ><div class=\"row-bg viewport-desktop\"  style=\"\"><\/div><\/div><\/div><div class=\"row_col_wrap_12 col span_12 dark left\">\n\t<div  class=\"vc_col-sm-12 wpb_column column_container vc_column_container col no-extra-padding inherit_tablet inherit_phone\"  data-padding-pos=\"all\" data-has-bg-color=\"false\" data-bg-color=\"\" data-bg-opacity=\"1\" data-animation=\"\" data-delay=\"0\" >\n\t\t<div class=\"vc_column-inner\" >\n\t\t\t<div class=\"wpb_wrapper\">\n\t\t\t\t<div class=\"nectar-split-heading  font_size_50px\" data-align=\"default\" data-m-align=\"inherit\" data-text-effect=\"letter-reveal-bottom\" data-animation-type=\"line-reveal-by-space\" data-animation-delay=\"0\" data-animation-offset=\"\" data-m-rm-animation=\"true\" data-stagger=\"true\" data-custom-font-size=\"true\" style=\"font-size: 50px; line-height: 54px;\"><h2 style=\" color: #cfcfcf;\">PRODUITS DE D\u00c9FENSE ET DE S\u00c9CURIT\u00c9<\/h2><\/div>\n<div class=\"wpb_text_column wpb_content_element  vc_custom_1732627033966\" >\n\t<div class=\"wpb_wrapper\">\n\t\t<h6><strong>EMPOWER YOUR SECURITY OPERATIONS WITH MREL&#8217;S CUTTING-EDGE DEFENCE &amp; SECURITY SOLUTIONS<\/strong><\/h6>\n\t<\/div>\n<\/div>\n\n\n\n\n<div class=\"wpb_text_column wpb_content_element\" >\n\t<div class=\"wpb_wrapper\">\n\t\t<p>Our comprehensive range of products supports military, humanitarian, and law enforcement professionals in critical operations worldwide.<\/p>\n<p>From German-made Vallon Detectors for precise IED, UXO, and mine detection to USA-made Mithix Pro Hook &amp; Line Kits for safe remote handling of explosive threats, MREL provides tailored solutions for diverse operations. With customizable options, advanced technology, and comprehensive accessories, our offerings ensure reliability and adaptability for the most demanding missions.<\/p>\n\t<\/div>\n<\/div>\n\n\n\n\n\t\t\t<\/div> \n\t\t<\/div>\n\t<\/div> \n<\/div><\/div>\n\t\t<div id=\"fws_69d44d431c645\"  data-column-margin=\"none\" data-midnight=\"dark\"  class=\"wpb_row vc_row-fluid vc_row full-width-content vc_row-o-equal-height vc_row-flex vc_row-o-content-top\"  style=\"padding-top: 0px; padding-bottom: 0px; \"><div class=\"row-bg-wrap\" data-bg-animation=\"none\" data-bg-animation-delay=\"\" data-bg-overlay=\"false\"><div class=\"inner-wrap row-bg-layer\" ><div class=\"row-bg viewport-desktop\"  style=\"\"><\/div><\/div><\/div><div class=\"row_col_wrap_12 col span_12 dark left\">\n\t<div style=\" color: #f8931d;\" class=\"vc_col-sm-6 wpb_column column_container vc_column_container col left_padding_desktop_6vw top_padding_desktop_7vh right_padding_desktop_6vw bottom_padding_desktop_7vh\" data-cfc=\"true\" data-using-bg=\"true\" data-bg-cover=\"true\" data-padding-pos=\"all\" data-has-bg-color=\"false\" data-bg-color=\"\" data-bg-opacity=\"1\" data-animation=\"\" data-delay=\"0\" >\n\t\t<div class=\"vc_column-inner\" ><div class=\"column-image-bg-wrap column-bg-layer viewport-desktop\" data-bg-pos=\"right top\" data-bg-animation=\"none\" data-bg-overlay=\"false\"><div class=\"inner-wrap\"><div class=\"column-image-bg\" style=\" background-image: url('https:\/\/mrel.com\/wp-content\/uploads\/2024\/01\/left-copiar-2.webp'); \"><\/div><\/div><\/div>\n\t\t\t<div class=\"wpb_wrapper\">\n\t\t\t\t<div class=\"nectar-split-heading  font_line_height_1-2\" data-align=\"default\" data-m-align=\"inherit\" data-text-effect=\"default\" data-animation-type=\"default\" data-animation-delay=\"0\" data-animation-offset=\"\" data-m-rm-animation=\"\" data-stagger=\"\" data-custom-font-size=\"false\" ><div class=\"heading-line\" > <div><h3><strong>IED\/UXO\/MINE<\/strong><\/h3> <\/div> <\/div><div class=\"heading-line\" > <div><h3><strong>DETECTORS<\/strong><\/h3> <\/div> <\/div><\/div><div class=\"divider-wrap\" data-alignment=\"default\"><div style=\"height: 80px;\" class=\"divider\"><\/div><\/div><div id=\"fws_69d44d431d24b\" data-midnight=\"\" data-column-margin=\"default\" class=\"wpb_row vc_row-fluid vc_row inner_row\"  style=\"\"><div class=\"row-bg-wrap\"> <div class=\"row-bg\" ><\/div> <\/div><div class=\"row_col_wrap_12_inner col span_12  left\">\n\t<div  class=\"vc_col-sm-12 wpb_column column_container vc_column_container col child_column has-animation no-extra-padding inherit_tablet inherit_phone\"   data-padding-pos=\"all\" data-has-bg-color=\"false\" data-bg-color=\"\" data-bg-opacity=\"1\" data-animation=\"fade-in-from-bottom\" data-delay=\"0\" >\n\t\t<div class=\"vc_column-inner\" >\n\t\t<div class=\"wpb_wrapper\">\n\t\t\t<div class=\"nectar-responsive-text font_size_desktop_18px font_line_height_1-2 nectar-link-underline-effect\" style=\"color: #ffffff;max-width: 400px;\"><p class=\"translation-block\"><span style=\"font-weight: 400\">MREL offers the German-made Vallon line of IED\/UXO\/MINE DETECTORS to support the wide variety of landmine (LM), unexploded ordnance (UXO), and Improvised Explosive Device (IED) detection operations conducted by military and humanitarian demining professionals. A variety of types of detectors are available in a variety of configurations. <\/span><span style=\"font-weight: 400\">Custom configurations, programming, and a comprehensive lineup of accessories cater to diverse operational needs.<\/span><\/p>\n<\/div><div class=\"divider-wrap\" data-alignment=\"default\"><div style=\"height: 100px;\" class=\"divider\"><\/div><\/div><div class=\"nectar-cta  hover_color_303030 alignment_tablet_default alignment_phone_default display_tablet_inherit display_phone_inherit\" data-color=\"extra-color-2\" data-using-bg=\"true\" data-style=\"see-through\" data-display=\"block\" data-alignment=\"right\" data-text-color=\"custom\" style=\"margin-top: 50px; \"><h6 style=\"color: #ffffff;\"> <span class=\"text\"> <\/span><span class=\"link_wrap\" style=\"padding-top: 10px; padding-right: 10px; padding-bottom: 10px; padding-left: 10px;\"><a  aria-label=\"IED\/UXO\/MINE DETECTORS\" class=\"link_text\" role=\"button\" href=\"\/fr\/produits-de-securite-pour-la-defense\/ied-uxo-landmine-detectors\/\">CLIQUEZ ICI POUR EN SAVOIR PLUS<span class=\"arrow\"><\/span><\/a><\/span><\/h6><\/div>\n\t\t<\/div> \n\t<\/div>\n\t<\/div> \n<\/div><\/div>\n\t\t\t<\/div> \n\t\t<\/div>\n\t<\/div> \n\n\t<div style=\" color: #303030;\" class=\"vc_col-sm-6 wpb_column column_container vc_column_container col left_padding_desktop_6vw top_padding_desktop_7vh right_padding_desktop_6vw bottom_padding_desktop_7vh\" data-cfc=\"true\" data-using-bg=\"true\" data-padding-pos=\"all\" data-has-bg-color=\"true\" data-bg-color=\"#f8931d\" data-bg-opacity=\"1\" data-animation=\"\" data-delay=\"0\" >\n\t\t<div class=\"vc_column-inner\" ><div class=\"column-bg-overlay-wrap column-bg-layer\" data-bg-animation=\"none\"><div class=\"column-bg-overlay\" style=\"opacity: 1; background-color: #f8931d;\"><\/div><\/div>\n\t\t\t<div class=\"wpb_wrapper\">\n\t\t\t\t<div class=\"nectar-split-heading  font_line_height_1-2\" data-align=\"default\" data-m-align=\"inherit\" data-text-effect=\"default\" data-animation-type=\"default\" data-animation-delay=\"0\" data-animation-offset=\"\" data-m-rm-animation=\"\" data-stagger=\"\" data-custom-font-size=\"false\" ><div class=\"heading-line\" > <div><h3><strong>HOOKS <\/strong><strong>ET<\/strong><\/h3> <\/div> <\/div><div class=\"heading-line\" > <div><h3><strong> LINE KITS<\/strong><\/h3> <\/div> <\/div><\/div><div class=\"img-with-aniamtion-wrap center\" data-max-width=\"100%\" data-max-width-mobile=\"default\" data-shadow=\"none\" data-animation=\"none\"  style=\"margin-top: -20px; margin-bottom: 30px; \">\n      <div class=\"inner\">\n        <div class=\"hover-wrap\"> \n          <div class=\"hover-wrap-inner\">\n            <img loading=\"lazy\" decoding=\"async\" class=\"img-with-animation skip-lazy\" data-delay=\"0\" height=\"516\" width=\"1000\" data-animation=\"none\" src=\"https:\/\/mrel.com\/wp-content\/uploads\/2024\/12\/Micro-Hook-and-Line-Kit-copiar-1.webp\" alt=\"\" srcset=\"https:\/\/mrel.com\/wp-content\/uploads\/2024\/12\/Micro-Hook-and-Line-Kit-copiar-1.webp 1000w, https:\/\/mrel.com\/wp-content\/uploads\/2024\/12\/Micro-Hook-and-Line-Kit-copiar-1-300x155.webp 300w, https:\/\/mrel.com\/wp-content\/uploads\/2024\/12\/Micro-Hook-and-Line-Kit-copiar-1-768x396.webp 768w, https:\/\/mrel.com\/wp-content\/uploads\/2024\/12\/Micro-Hook-and-Line-Kit-copiar-1-32x17.webp 32w\" sizes=\"auto, (max-width: 1000px) 100vw, 1000px\" \/>\n          <\/div>\n        <\/div>\n      <\/div>\n    <\/div><div id=\"fws_69d44d431e5ca\" data-midnight=\"\" data-column-margin=\"default\" class=\"wpb_row vc_row-fluid vc_row inner_row\"  style=\"\"><div class=\"row-bg-wrap\"> <div class=\"row-bg\" ><\/div> <\/div><div class=\"row_col_wrap_12_inner col span_12  left\">\n\t<div  class=\"vc_col-sm-12 wpb_column column_container vc_column_container col child_column has-animation no-extra-padding inherit_tablet inherit_phone\"   data-padding-pos=\"all\" data-has-bg-color=\"false\" data-bg-color=\"\" data-bg-opacity=\"1\" data-animation=\"fade-in-from-bottom\" data-delay=\"0\" >\n\t\t<div class=\"vc_column-inner\" >\n\t\t<div class=\"wpb_wrapper\">\n\t\t\t<div class=\"nectar-responsive-text font_size_desktop_18px font_line_height_1-2 nectar-link-underline-effect\" style=\"color: #303030;\"><p><span style=\"font-weight: 400\">MREL offers the USA-made Mithix Pro line of HOOK &amp; LINE KITS to support the wide variety of Improvised Explosive Device (IED), booby-trap, remote movement and remote handling operations conducted by Explosive Ordnance Disposal (EOD\/IEDD), Bomb Squad, SWAT, Combat Engineer and Special Operations personnel. Kits are available in a variety of configurations. They range in size from micro-sized for at-hand availability when needed, to backpack-sized for more advanced applications. Custom configuration of kits is also available for those Customers with specific requirements in larger quantities.<\/span><\/p>\n<\/div><div class=\"nectar-cta  hover_color_303030 text_hover_color_ffffff alignment_tablet_default alignment_phone_default display_tablet_inherit display_phone_inherit translate_x_desktop_-10px translate_x_tablet_0px\" data-color=\"white\" data-using-bg=\"true\" data-style=\"see-through\" data-display=\"block\" data-alignment=\"left\" data-text-color=\"custom\" style=\"margin-top: 50px; \"><h6 style=\"color: #303030;\"> <span class=\"text\"> <\/span><span class=\"link_wrap\" style=\"padding-top: 10px; padding-right: 10px; padding-bottom: 10px; padding-left: 10px;\"><a  aria-label=\"HOOKS AND LINE KITS\" class=\"link_text\" role=\"button\" href=\"\/fr\/produits-de-securite-pour-la-defense\/hook-and-line-kits\/\">CLIQUEZ ICI POUR EN SAVOIR PLUS<span class=\"arrow\"><\/span><\/a><\/span><\/h6><\/div>\n\t\t<\/div> \n\t<\/div>\n\t<\/div> \n<\/div><\/div>\n\t\t\t<\/div> \n\t\t<\/div>\n\t<\/div> \n<\/div><\/div>","protected":false},"excerpt":{"rendered":"DEFENCE &amp; SECURITY PRODUCTS EMPOWER YOUR SECURITY OPERATIONS WITH MREL'S CUTTING-EDGE DEFENCE &amp; SECURITY SOLUTIONS Our comprehensive range of products supports military, humanitarian, and law enforcement professionals in critical operations worldwide. From German-made Vallon Detectors for precise IED,...","protected":false},"author":1,"featured_media":0,"parent":0,"menu_order":0,"comment_status":"closed","ping_status":"closed","template":"","meta":{"footnotes":""},"class_list":["post-191","page","type-page","status-publish"],"_links":{"self":[{"href":"https:\/\/mrel.com\/fr\/wp-json\/wp\/v2\/pages\/191","targetHints":{"allow":["GET"]}}],"collection":[{"href":"https:\/\/mrel.com\/fr\/wp-json\/wp\/v2\/pages"}],"about":[{"href":"https:\/\/mrel.com\/fr\/wp-json\/wp\/v2\/types\/page"}],"author":[{"embeddable":true,"href":"https:\/\/mrel.com\/fr\/wp-json\/wp\/v2\/users\/1"}],"replies":[{"embeddable":true,"href":"https:\/\/mrel.com\/fr\/wp-json\/wp\/v2\/comments?post=191"}],"version-history":[{"count":40,"href":"https:\/\/mrel.com\/fr\/wp-json\/wp\/v2\/pages\/191\/revisions"}],"predecessor-version":[{"id":1643,"href":"https:\/\/mrel.com\/fr\/wp-json\/wp\/v2\/pages\/191\/revisions\/1643"}],"wp:attachment":[{"href":"https:\/\/mrel.com\/fr\/wp-json\/wp\/v2\/media?parent=191"}],"curies":[{"name":"wp","href":"https:\/\/api.w.org\/{rel}","templated":true}]}}