{"id":425,"date":"2024-08-28T15:53:11","date_gmt":"2024-08-28T15:53:11","guid":{"rendered":"https:\/\/mrel.com\/?page_id=425"},"modified":"2025-09-03T19:10:46","modified_gmt":"2025-09-03T19:10:46","slug":"company-overview","status":"publish","type":"page","link":"https:\/\/mrel.com\/es\/company-overview\/","title":{"rendered":"Presentaci\u00f3n de la empresa"},"content":{"rendered":"<div id=\"fws_69d44b4900c09\"  data-column-margin=\"default\" data-midnight=\"dark\" data-top-percent=\"2%\" data-bottom-percent=\"7%\"  class=\"wpb_row vc_row-fluid vc_row full-width-content vc_row-o-equal-height vc_row-flex vc_row-o-content-middle  zindex-set right_padding_5pct left_padding_5pct top_padding_tablet_20pct top_padding_phone_25pct\"  style=\"padding-top: calc(100vw * 0.02); padding-bottom: calc(100vw * 0.07);  z-index: 100;\"><div class=\"row-bg-wrap\" data-bg-animation=\"fade-in\" data-bg-animation-delay=\"\" data-bg-overlay=\"false\"><div class=\"inner-wrap row-bg-layer\" ><div class=\"row-bg viewport-desktop\"  style=\"\"><\/div><\/div><\/div><div class=\"row_col_wrap_12 col span_12 dark left\">\n\t<div  class=\"vc_col-sm-12 wpb_column column_container vc_column_container col no-extra-padding inherit_tablet inherit_phone\"  data-padding-pos=\"all\" data-has-bg-color=\"false\" data-bg-color=\"\" data-bg-opacity=\"1\" data-animation=\"\" data-delay=\"0\" >\n\t\t<div class=\"vc_column-inner\" >\n\t\t\t<div class=\"wpb_wrapper\">\n\t\t\t\t<div id=\"fws_69d44b4901311\" data-midnight=\"\" data-column-margin=\"default\" class=\"wpb_row vc_row-fluid vc_row inner_row vc_row-o-equal-height vc_row-flex vc_row-o-content-bottom\"  style=\"\"><div class=\"row-bg-wrap\"> <div class=\"row-bg\" ><\/div> <\/div><div class=\"row_col_wrap_12_inner col span_12  left\">\n\t<div  class=\"vc_col-sm-10 wpb_column column_container vc_column_container col child_column padding-14-percent bottom_margin_tablet_20px no-extra-padding_tablet inherit_phone\"    data-t-w-inherits=\"small_desktop\" data-padding-pos=\"right\" data-has-bg-color=\"false\" data-bg-color=\"\" data-bg-opacity=\"1\" data-animation=\"\" data-delay=\"0\" >\n\t\t<div class=\"vc_column-inner\" >\n\t\t<div class=\"wpb_wrapper\">\n\t\t\t<div class=\"nectar-split-heading  font_size_3vw font_size_tablet_9vw font_size_phone_10vw font_line_height_1-3\" data-align=\"default\" data-m-align=\"inherit\" data-text-effect=\"letter-reveal-bottom\" data-animation-type=\"line-reveal-by-space\" data-animation-delay=\"0\" data-animation-offset=\"\" data-m-rm-animation=\"true\" data-stagger=\"true\" data-custom-font-size=\"true\" style=\"font-size: 3vw; line-height: 3.3vw;\"><h1 >Presentaci\u00f3n de la empresa<\/h1><\/div>\n<div class=\"wpb_text_column wpb_content_element\" >\n\t<div class=\"wpb_wrapper\">\n\t\t<p class=\"translation-block\">Fundada en 1973, MREL es una empresa basada en tecnolog\u00eda que ofrece productos \u00fanicos relacionados con explosivos y servicios t\u00e9cnicos asociados a clientes calificados en los sectores de voladuras, eliminaci\u00f3n de explosivos, defensa, explosivos, desminado humanitario y cuerpos policiales.<\/p>\n<p>Los productos de MREL est\u00e1n firmemente posicionados como l\u00edderes globales en sus respectivos mercados. Una red de Distribuidores Autorizados brinda ventas de productos y soporte postventa a los clientes de MREL en todo el mundo.<\/p>\n\t<\/div>\n<\/div>\n\n\n\n\n\t\t<\/div> \n\t<\/div>\n\t<\/div> \n\n\t<div  class=\"vc_col-sm-2 wpb_column column_container vc_column_container col child_column has-animation no-extra-padding el_spacing_10px inherit_tablet inherit_phone mobile-disable-entrance-animation\"    data-t-w-inherits=\"small_desktop\" data-padding-pos=\"all\" data-has-bg-color=\"false\" data-bg-color=\"\" data-bg-opacity=\"1\" data-animation=\"fade-in-from-bottom\" data-delay=\"500\" >\n\t\t<div class=\"vc_column-inner\" >\n\t\t<div class=\"wpb_wrapper\">\n\t\t\t<div class=\"nectar-cta  alignment_tablet_default alignment_phone_default display_tablet_inherit display_phone_inline-block font_size_desktop_20px\" data-color=\"default\" data-using-bg=\"false\" data-display=\"block\" data-style=\"underline\" data-alignment=\"left\" data-text-color=\"custom\" style=\"margin-right: 25px; \"><h6 style=\"color: #0a0a0a;\"> <span class=\"link_wrap\" ><a  class=\"link_text\" style=\"border-color: #0a0a0a;\" role=\"button\" href=\"#introduction\">Introducci\u00f3n<\/a><\/span><\/h6><\/div><div class=\"nectar-cta  alignment_tablet_default alignment_phone_default display_tablet_inherit display_phone_inline-block font_size_desktop_20px\" data-color=\"default\" data-using-bg=\"false\" data-display=\"block\" data-style=\"underline\" data-alignment=\"left\" data-text-color=\"custom\" style=\"margin-right: 25px; \"><h6 style=\"color: #0a0a0a;\"> <span class=\"link_wrap\" ><a  class=\"link_text\" style=\"border-color: #0a0a0a;\" role=\"button\" href=\"#mission\">Declaraci\u00f3n de la Misi\u00f3n<\/a><\/span><\/h6><\/div><div class=\"nectar-cta  alignment_tablet_default alignment_phone_default display_tablet_inherit display_phone_inline-block font_size_desktop_20px\" data-color=\"default\" data-using-bg=\"false\" data-display=\"block\" data-style=\"underline\" data-alignment=\"left\" data-text-color=\"custom\" ><h6 style=\"color: #0a0a0a;\"> <span class=\"link_wrap\" ><a  class=\"link_text\" style=\"border-color: #0a0a0a;\" role=\"button\" href=\"#values\">Valores Fundamentales<\/a><\/span><\/h6><\/div><div class=\"nectar-cta  alignment_tablet_default alignment_phone_default display_tablet_inherit display_phone_inline-block font_size_desktop_20px\" data-color=\"default\" data-using-bg=\"false\" data-display=\"block\" data-style=\"underline\" data-alignment=\"left\" data-text-color=\"custom\" ><h6 style=\"color: #0a0a0a;\"> <span class=\"link_wrap\" ><a  class=\"link_text\" style=\"border-color: #0a0a0a;\" role=\"button\" href=\"#presence\">Presencia Global<\/a><\/span><\/h6><\/div>\n\t\t<\/div> \n\t<\/div>\n\t<\/div> \n<\/div><\/div>\n\t\t\t<\/div> \n\t\t<\/div>\n\t<\/div> \n<\/div><\/div>\n\t\t<div id=\"fws_69d44b490294f\"  data-column-margin=\"default\" data-midnight=\"dark\"  class=\"wpb_row vc_row-fluid vc_row full-width-content vc_row-o-equal-height vc_row-flex vc_row-o-content-top  top_margin_-5pct right_padding_5pct left_padding_5pct\"  style=\"padding-top: 0px; padding-bottom: 0px; \"><div class=\"row-bg-wrap\" data-bg-animation=\"none\" data-bg-animation-delay=\"\" data-bg-overlay=\"false\"><div class=\"inner-wrap row-bg-layer\" ><div class=\"row-bg viewport-desktop\"  style=\"\"><\/div><\/div><\/div><div class=\"row_col_wrap_12 col span_12 dark left\">\n\t<div style=\"\" class=\"vc_col-sm-12 wpb_column column_container vc_column_container col has-animation no-extra-padding inherit_tablet inherit_phone mobile-disable-entrance-animation\" data-using-bg=\"true\" data-bg-cover=\"true\" data-padding-pos=\"all\" data-has-bg-color=\"false\" data-bg-color=\"\" data-bg-opacity=\"1\" data-animation=\"fade-in-from-bottom\" data-delay=\"600\" >\n\t\t<div class=\"vc_column-inner\" ><div class=\"column-image-bg-wrap column-bg-layer viewport-desktop\" data-n-parallax-bg=\"true\" data-parallax-speed=\"very_subtle\" data-bg-pos=\"center bottom\" data-bg-animation=\"none\" data-bg-overlay=\"false\"><div class=\"inner-wrap\"><div class=\"column-image-bg parallax-layer\" style=\" background-image: url('https:\/\/mrel.com\/wp-content\/uploads\/2025\/05\/COMPANY_OVERVIEW.webp'); \"><\/div><\/div><\/div>\n\t\t\t<div class=\"wpb_wrapper\">\n\t\t\t\t<div class=\"divider-wrap height_tablet_70vh height_phone_50vh\" data-alignment=\"default\"><div style=\"height: 50vh;\" class=\"divider\"><\/div><\/div>\n\t\t\t<\/div> \n\t\t<\/div>\n\t<\/div> \n<\/div><\/div>\n\t\t<div id=\"introduction\"  data-column-margin=\"default\" data-midnight=\"dark\" data-top-percent=\"6%\" data-bottom-percent=\"6%\"  class=\"wpb_row vc_row-fluid vc_row full-width-section\"  style=\"padding-top: calc(100vw * 0.06); padding-bottom: calc(100vw * 0.06); \"><div class=\"row-bg-wrap\" data-bg-animation=\"none\" data-bg-animation-delay=\"\" data-bg-overlay=\"false\"><div class=\"inner-wrap row-bg-layer\" ><div class=\"row-bg viewport-desktop using-bg-color\"  style=\"background-color: #ffffff; \"><\/div><\/div><\/div><div class=\"row_col_wrap_12 col span_12 dark left\">\n\t<div  class=\"vc_col-sm-12 wpb_column column_container vc_column_container col no-extra-padding inherit_tablet inherit_phone\"  data-padding-pos=\"all\" data-has-bg-color=\"false\" data-bg-color=\"\" data-bg-opacity=\"1\" data-animation=\"\" data-delay=\"0\" >\n\t\t<div class=\"vc_column-inner\" >\n\t\t\t<div class=\"wpb_wrapper\">\n\t\t\t\t<div id=\"fws_69d44b490338f\" data-midnight=\"\" data-column-margin=\"default\" class=\"wpb_row vc_row-fluid vc_row inner_row  right_padding_30pct right_padding_tablet_0px\"  style=\"\"><div class=\"row-bg-wrap\"> <div class=\"row-bg\" ><\/div> <\/div><div class=\"row_col_wrap_12_inner col span_12  left\">\n\t<div  class=\"vc_col-sm-12 wpb_column column_container vc_column_container col child_column no-extra-padding inherit_tablet inherit_phone\"   data-padding-pos=\"all\" data-has-bg-color=\"false\" data-bg-color=\"\" data-bg-opacity=\"1\" data-animation=\"\" data-delay=\"0\" >\n\t\t<div class=\"vc_column-inner\" >\n\t\t<div class=\"wpb_wrapper\">\n\t\t\t\n<div class=\"wpb_text_column wpb_content_element  vc_custom_1743596862434\" >\n\t<div class=\"wpb_wrapper\">\n\t\t<h5><strong><span style=\"color: #cfcfcf;\">1<\/span>\u00a0Introducci\u00f3n<\/strong><\/h5>\n\t<\/div>\n<\/div>\n\n\n\n\n<div class=\"wpb_text_column wpb_content_element\" >\n\t<div class=\"wpb_wrapper\">\n\t\t<div class=\"nectar-split-heading markup-generated animated-in\" data-align=\"default\" data-m-align=\"inherit\" data-text-effect=\"default\" data-animation-type=\"line-reveal-by-space\" data-animation-delay=\"0\" data-animation-offset=\"\" data-m-rm-animation=\"\" data-stagger=\"\" data-custom-font-size=\"false\">\n<h4 aria-label=\"MREL Group of Companies Limited stands as a beacon of excellence in the realm of manufacturing and associated customer support \" class=\"translation-block\">MREL Group of Companies Limited se destaca como un referente de excelencia en el \u00e1mbito de la fabricaci\u00f3n y el soporte al cliente asociado.<\/h4>\n<\/div>\n\t<\/div>\n<\/div>\n\n\n\n\n\t\t<\/div> \n\t<\/div>\n\t<\/div> \n<\/div><\/div><div id=\"fws_69d44b49037a8\" data-midnight=\"\" data-column-margin=\"default\" class=\"wpb_row vc_row-fluid vc_row inner_row\"  style=\"\"><div class=\"row-bg-wrap\"> <div class=\"row-bg\" ><\/div> <\/div><div class=\"row_col_wrap_12_inner col span_12  left\">\n\t<div  class=\"vc_col-sm-6 wpb_column column_container vc_column_container col child_column has-animation padding-3-percent inherit_tablet inherit_phone\"   data-padding-pos=\"top-bottom\" data-has-bg-color=\"false\" data-bg-color=\"\" data-bg-opacity=\"1\" data-animation=\"fade-in-from-bottom\" data-delay=\"0\" >\n\t\t<div class=\"vc_column-inner\" >\n\t\t<div class=\"wpb_wrapper\">\n\t\t\t\n<div class=\"wpb_text_column wpb_content_element  vc_custom_1724860902163\" >\n\t<div class=\"wpb_wrapper\">\n\t\t<p>Con una rica historia marcada por la innovaci\u00f3n y un firme compromiso con la calidad, nos hemos consolidado como una fuerza l\u00edder en la industria de instrumentaci\u00f3n para voladuras y como un contribuyente cada vez m\u00e1s importante en la provisi\u00f3n de soluciones para los equipos de respuesta en primera l\u00ednea de eliminaci\u00f3n de artefactos explosivos (EOD).<\/p>\n\t<\/div>\n<\/div>\n\n\n\n\n\t\t<\/div> \n\t<\/div>\n\t<\/div> \n\n\t<div  class=\"vc_col-sm-6 wpb_column column_container vc_column_container col child_column has-animation padding-3-percent inherit_tablet inherit_phone\"   data-padding-pos=\"top-bottom\" data-has-bg-color=\"false\" data-bg-color=\"\" data-bg-opacity=\"1\" data-animation=\"fade-in-from-bottom\" data-delay=\"100\" >\n\t\t<div class=\"vc_column-inner\" >\n\t\t<div class=\"wpb_wrapper\">\n\t\t\t\n<div class=\"wpb_text_column wpb_content_element  vc_custom_1724860390127\" >\n\t<div class=\"wpb_wrapper\">\n\t\t<h6>Nuestro portafolio de productos satisface las necesidades de clientes en todo el mundo.<\/h6>\n\t<\/div>\n<\/div>\n\n\n\n\n\t\t<\/div> \n\t<\/div>\n\t<\/div> \n<\/div><\/div>\n\t\t\t<\/div> \n\t\t<\/div>\n\t<\/div> \n<\/div><\/div>\n\t\t<div id=\"mission\"  data-column-margin=\"default\" data-midnight=\"dark\" data-top-percent=\"6%\" data-bottom-percent=\"6%\"  class=\"wpb_row vc_row-fluid vc_row full-width-section\"  style=\"padding-top: calc(100vw * 0.06); padding-bottom: calc(100vw * 0.06); \"><div class=\"row-bg-wrap\" data-bg-animation=\"none\" data-bg-animation-delay=\"\" data-bg-overlay=\"false\"><div class=\"inner-wrap row-bg-layer\" ><div class=\"row-bg viewport-desktop using-bg-color\"  style=\"background-color: #f7f7f7; \"><\/div><\/div><\/div><div class=\"row_col_wrap_12 col span_12 dark left\">\n\t<div  class=\"vc_col-sm-12 wpb_column column_container vc_column_container col no-extra-padding inherit_tablet inherit_phone\"  data-padding-pos=\"all\" data-has-bg-color=\"false\" data-bg-color=\"\" data-bg-opacity=\"1\" data-animation=\"\" data-delay=\"0\" >\n\t\t<div class=\"vc_column-inner\" >\n\t\t\t<div class=\"wpb_wrapper\">\n\t\t\t\t<div id=\"fws_69d44b4903e0e\" data-midnight=\"\" data-column-margin=\"default\" class=\"wpb_row vc_row-fluid vc_row inner_row  right_padding_30pct right_padding_tablet_0px\"  style=\"\"><div class=\"row-bg-wrap\"> <div class=\"row-bg\" ><\/div> <\/div><div class=\"row_col_wrap_12_inner col span_12  left\">\n\t<div  class=\"vc_col-sm-12 wpb_column column_container vc_column_container col child_column no-extra-padding inherit_tablet inherit_phone\"   data-padding-pos=\"all\" data-has-bg-color=\"false\" data-bg-color=\"\" data-bg-opacity=\"1\" data-animation=\"\" data-delay=\"0\" >\n\t\t<div class=\"vc_column-inner\" >\n\t\t<div class=\"wpb_wrapper\">\n\t\t\t\n<div class=\"wpb_text_column wpb_content_element  vc_custom_1743596871108\" >\n\t<div class=\"wpb_wrapper\">\n\t\t<h5><strong><span style=\"color: #cfcfcf;\">2<\/span>\u00a0Declaraci\u00f3n de la Misi\u00f3n<\/strong><\/h5>\n\t<\/div>\n<\/div>\n\n\n\n\n<div class=\"wpb_text_column wpb_content_element\" >\n\t<div class=\"wpb_wrapper\">\n\t\t<div class=\"nectar-split-heading markup-generated animated-in\" data-align=\"default\" data-m-align=\"inherit\" data-text-effect=\"default\" data-animation-type=\"line-reveal-by-space\" data-animation-delay=\"0\" data-animation-offset=\"\" data-m-rm-animation=\"\" data-stagger=\"\" data-custom-font-size=\"false\">\n<h4 class=\"translation-block translation-block\" aria-label=\"At MREL, our mission is clear \">En MREL, nuestra misi\u00f3n es clara<\/h4>\n<\/div>\n\t<\/div>\n<\/div>\n\n\n\n\n\t\t<\/div> \n\t<\/div>\n\t<\/div> \n<\/div><\/div><div id=\"fws_69d44b490410f\" data-midnight=\"\" data-column-margin=\"default\" class=\"wpb_row vc_row-fluid vc_row inner_row\"  style=\"\"><div class=\"row-bg-wrap\"> <div class=\"row-bg\" ><\/div> <\/div><div class=\"row_col_wrap_12_inner col span_12  left\">\n\t<div  class=\"vc_col-sm-12 wpb_column column_container vc_column_container col child_column has-animation padding-3-percent inherit_tablet inherit_phone\"   data-padding-pos=\"top-bottom\" data-has-bg-color=\"false\" data-bg-color=\"\" data-bg-opacity=\"1\" data-animation=\"fade-in-from-bottom\" data-delay=\"0\" >\n\t\t<div class=\"vc_column-inner\" >\n\t\t<div class=\"wpb_wrapper\">\n\t\t\t\n<div class=\"wpb_text_column wpb_content_element  vc_custom_1724860889946\" >\n\t<div class=\"wpb_wrapper\">\n\t\t<p>Brindar productos excepcionales que superen las expectativas, inspiren confianza y promuevan el progreso. A trav\u00e9s de una dedicaci\u00f3n constante a la innovaci\u00f3n, la integridad y la satisfacci\u00f3n del cliente, nuestro objetivo es establecer nuevos est\u00e1ndares de excelencia en todo lo que hacemos.<\/p>\n\t<\/div>\n<\/div>\n\n\n\n\n\t\t<\/div> \n\t<\/div>\n\t<\/div> \n<\/div><\/div>\n\t\t\t<\/div> \n\t\t<\/div>\n\t<\/div> \n<\/div><\/div>\n\t\t<div id=\"values\"  data-column-margin=\"default\" data-midnight=\"dark\" data-top-percent=\"6%\" data-bottom-percent=\"6%\"  class=\"wpb_row vc_row-fluid vc_row full-width-section\"  style=\"padding-top: calc(100vw * 0.06); padding-bottom: calc(100vw * 0.06); \"><div class=\"row-bg-wrap\" data-bg-animation=\"none\" data-bg-animation-delay=\"\" data-bg-overlay=\"false\"><div class=\"inner-wrap row-bg-layer\" ><div class=\"row-bg viewport-desktop using-bg-color\"  style=\"background-color: #ffffff; \"><\/div><\/div><\/div><div class=\"row_col_wrap_12 col span_12 dark left\">\n\t<div  class=\"vc_col-sm-12 wpb_column column_container vc_column_container col no-extra-padding inherit_tablet inherit_phone\"  data-padding-pos=\"all\" data-has-bg-color=\"false\" data-bg-color=\"\" data-bg-opacity=\"1\" data-animation=\"\" data-delay=\"0\" >\n\t\t<div class=\"vc_column-inner\" >\n\t\t\t<div class=\"wpb_wrapper\">\n\t\t\t\t<div id=\"fws_69d44b4904523\" data-midnight=\"\" data-column-margin=\"default\" class=\"wpb_row vc_row-fluid vc_row inner_row  right_padding_30pct right_padding_tablet_0px\"  style=\"\"><div class=\"row-bg-wrap\"> <div class=\"row-bg\" ><\/div> <\/div><div class=\"row_col_wrap_12_inner col span_12  left\">\n\t<div  class=\"vc_col-sm-12 wpb_column column_container vc_column_container col child_column no-extra-padding inherit_tablet inherit_phone\"   data-padding-pos=\"all\" data-has-bg-color=\"false\" data-bg-color=\"\" data-bg-opacity=\"1\" data-animation=\"\" data-delay=\"0\" >\n\t\t<div class=\"vc_column-inner\" >\n\t\t<div class=\"wpb_wrapper\">\n\t\t\t\n<div class=\"wpb_text_column wpb_content_element  vc_custom_1743596881334\" >\n\t<div class=\"wpb_wrapper\">\n\t\t<h5><strong><span style=\"color: #cfcfcf;\">3<\/span>\u00a0Valores Fundamentales<\/strong><\/h5>\n\t<\/div>\n<\/div>\n\n\n\n<div class=\"nectar-split-heading\" data-align=\"default\" data-m-align=\"inherit\" data-text-effect=\"default\" data-animation-type=\"line-reveal-by-space\" data-animation-delay=\"0\" data-animation-offset=\"\" data-m-rm-animation=\"\" data-stagger=\"\" data-custom-font-size=\"false\" ><h4 class=\"translation-block\" >Innovaci\u00f3n | Calidad | Integridad | Colaboraci\u00f3n | Responsabilidad<\/h4><\/div>\n\t\t<\/div> \n\t<\/div>\n\t<\/div> \n<\/div><\/div><div id=\"fws_69d44b49048e3\" data-midnight=\"\" data-column-margin=\"default\" class=\"wpb_row vc_row-fluid vc_row inner_row\"  style=\"\"><div class=\"row-bg-wrap\"> <div class=\"row-bg\" ><\/div> <\/div><div class=\"row_col_wrap_12_inner col span_12  left\">\n\t<div  class=\"vc_col-sm-6 wpb_column column_container vc_column_container col child_column has-animation padding-3-percent inherit_tablet inherit_phone\"   data-padding-pos=\"top-bottom\" data-has-bg-color=\"false\" data-bg-color=\"\" data-bg-opacity=\"1\" data-animation=\"fade-in-from-bottom\" data-delay=\"0\" >\n\t\t<div class=\"vc_column-inner\" >\n\t\t<div class=\"wpb_wrapper\">\n\t\t\t\n<div class=\"wpb_text_column wpb_content_element  vc_custom_1724861013337\" >\n\t<div class=\"wpb_wrapper\">\n\t\t<p class=\"translation-block\"><strong>Innovation:<\/strong>&nbsp;We embrace innovation as the cornerstone of our success. Through continuous improvement and forward-thinking solutions, we stay ahead of the curve, driving positive change in our industry.<\/p>\n<p class=\"translation-block\"><strong>Calidad:<\/strong> La calidad no es negociable en MREL. Nos adherimos a est\u00e1ndares y procesos rigurosos para garantizar que cada producto que lleva nuestro nombre cumpla con los m\u00e1s altos niveles de excelencia, confiabilidad y rendimiento.<\/p>\n<p class=\"translation-block\"><strong>Integrity:<\/strong>&nbsp;Integrity is the bedrock of our business. We conduct ourselves with honesty, transparency, and ethical principles in all aspects of our operations, fostering trust and credibility with our stakeholders.<\/p>\n\t<\/div>\n<\/div>\n\n\n\n\n\t\t<\/div> \n\t<\/div>\n\t<\/div> \n\n\t<div  class=\"vc_col-sm-6 wpb_column column_container vc_column_container col child_column has-animation padding-3-percent inherit_tablet inherit_phone\"   data-padding-pos=\"top-bottom\" data-has-bg-color=\"false\" data-bg-color=\"\" data-bg-opacity=\"1\" data-animation=\"fade-in-from-bottom\" data-delay=\"100\" >\n\t\t<div class=\"vc_column-inner\" >\n\t\t<div class=\"wpb_wrapper\">\n\t\t\t\n<div class=\"wpb_text_column wpb_content_element  vc_custom_1724861020561\" >\n\t<div class=\"wpb_wrapper\">\n\t\t<p class=\"translation-block\"><strong>Collaboration:<\/strong>&nbsp;We believe in the power of collaboration. By fostering a culture of teamwork, respect, and open communication, we leverage the diverse talents and perspectives of our employees to drive collective success.<\/p>\n<p class=\"translation-block\"><strong>Responsibility:&nbsp;<\/strong>As a responsible corporate citizen, we are committed to making a positive impact on society and the environment. We strive to conduct our business in a sustainable and socially responsible manner, contributing to the well-being of communities worldwide.<\/p>\n\t<\/div>\n<\/div>\n\n\n\n\n\t\t<\/div> \n\t<\/div>\n\t<\/div> \n<\/div><\/div>\n\t\t\t<\/div> \n\t\t<\/div>\n\t<\/div> \n<\/div><\/div>\n\t\t<div id=\"presence\"  data-column-margin=\"default\" data-midnight=\"dark\" data-top-percent=\"6%\" data-bottom-percent=\"6%\"  class=\"wpb_row vc_row-fluid vc_row full-width-section\"  style=\"padding-top: calc(100vw * 0.06); padding-bottom: calc(100vw * 0.06); \"><div class=\"row-bg-wrap\" data-bg-animation=\"none\" data-bg-animation-delay=\"\" data-bg-overlay=\"false\"><div class=\"inner-wrap row-bg-layer\" ><div class=\"row-bg viewport-desktop using-bg-color\"  style=\"background-color: #f7f7f7; \"><\/div><\/div><\/div><div class=\"row_col_wrap_12 col span_12 dark left\">\n\t<div  class=\"vc_col-sm-12 wpb_column column_container vc_column_container col no-extra-padding inherit_tablet inherit_phone\"  data-padding-pos=\"all\" data-has-bg-color=\"false\" data-bg-color=\"\" data-bg-opacity=\"1\" data-animation=\"\" data-delay=\"0\" >\n\t\t<div class=\"vc_column-inner\" >\n\t\t\t<div class=\"wpb_wrapper\">\n\t\t\t\t<div id=\"fws_69d44b4904f13\" data-midnight=\"\" data-column-margin=\"default\" class=\"wpb_row vc_row-fluid vc_row inner_row  right_padding_30pct right_padding_tablet_0px\"  style=\"\"><div class=\"row-bg-wrap\"> <div class=\"row-bg\" ><\/div> <\/div><div class=\"row_col_wrap_12_inner col span_12  left\">\n\t<div  class=\"vc_col-sm-12 wpb_column column_container vc_column_container col child_column no-extra-padding inherit_tablet inherit_phone\"   data-padding-pos=\"all\" data-has-bg-color=\"false\" data-bg-color=\"\" data-bg-opacity=\"1\" data-animation=\"\" data-delay=\"0\" >\n\t\t<div class=\"vc_column-inner\" >\n\t\t<div class=\"wpb_wrapper\">\n\t\t\t\n<div class=\"wpb_text_column wpb_content_element  vc_custom_1743596893567\" >\n\t<div class=\"wpb_wrapper\">\n\t\t<h5><strong><span style=\"color: #cfcfcf;\">4<\/span>\u00a0Presencia Global<\/strong><\/h5>\n\t<\/div>\n<\/div>\n\n\n\n\n<div class=\"wpb_text_column wpb_content_element\" >\n\t<div class=\"wpb_wrapper\">\n\t\t<div class=\"nectar-split-heading markup-generated animated-in\" data-align=\"default\" data-m-align=\"inherit\" data-text-effect=\"default\" data-animation-type=\"line-reveal-by-space\" data-animation-delay=\"0\" data-animation-offset=\"\" data-m-rm-animation=\"\" data-stagger=\"\" data-custom-font-size=\"false\">\n<h4 aria-label=\"Headquartered in Kingston, Ontario, Canada \" class=\"translation-block\">Con Sede en Kingston, Ontario, Canad\u00e1<\/h4>\n<\/div>\n\t<\/div>\n<\/div>\n\n\n\n\n\t\t<\/div> \n\t<\/div>\n\t<\/div> \n<\/div><\/div><div id=\"fws_69d44b49051bc\" data-midnight=\"\" data-column-margin=\"default\" class=\"wpb_row vc_row-fluid vc_row inner_row\"  style=\"\"><div class=\"row-bg-wrap\"> <div class=\"row-bg\" ><\/div> <\/div><div class=\"row_col_wrap_12_inner col span_12  left\">\n\t<div  class=\"vc_col-sm-12 wpb_column column_container vc_column_container col child_column has-animation padding-3-percent inherit_tablet inherit_phone\"   data-padding-pos=\"top-bottom\" data-has-bg-color=\"false\" data-bg-color=\"\" data-bg-opacity=\"1\" data-animation=\"fade-in-from-bottom\" data-delay=\"0\" >\n\t\t<div class=\"vc_column-inner\" >\n\t\t<div class=\"wpb_wrapper\">\n\t\t\t\n<div class=\"wpb_text_column wpb_content_element  vc_custom_1732065065858\" >\n\t<div class=\"wpb_wrapper\">\n\t\t<p class=\"translation-block\">Con sede en\u00a0<strong>Kingston, Ontario, Canad\u00e1<\/strong>\u00a0y una\u00a0<strong>Red de Distribuidores Autorizados y Centros de Calibraci\u00f3n y Reparaci\u00f3n estrat\u00e9gicamente ubicados en todo el mundo <\/strong>, MREL Group of Companies Limited opera en una escala verdaderamente internacional.\u00a0<strong>Nuestra amplia red nos permite atender a clientes en diversos mercados con eficiencia, calidad, agilidad y un servicio personalizado.<\/strong><\/p>\n\t<\/div>\n<\/div>\n\n\n\n<div class=\"img-with-aniamtion-wrap center\" data-max-width=\"100%\" data-max-width-mobile=\"default\" data-shadow=\"none\" data-animation=\"none\" >\n      <div class=\"inner\">\n        <div class=\"hover-wrap\"> \n          <div class=\"hover-wrap-inner\">\n            <img loading=\"lazy\" decoding=\"async\" class=\"img-with-animation skip-lazy\" data-delay=\"0\" height=\"770\" width=\"1394\" data-animation=\"none\" src=\"https:\/\/mrel.com\/wp-content\/uploads\/2025\/03\/GLOBAL_PRESENCE_MAP.webp\" alt=\"\" srcset=\"https:\/\/mrel.com\/wp-content\/uploads\/2025\/03\/GLOBAL_PRESENCE_MAP.webp 1394w, https:\/\/mrel.com\/wp-content\/uploads\/2025\/03\/GLOBAL_PRESENCE_MAP-300x166.webp 300w, https:\/\/mrel.com\/wp-content\/uploads\/2025\/03\/GLOBAL_PRESENCE_MAP-1024x566.webp 1024w, https:\/\/mrel.com\/wp-content\/uploads\/2025\/03\/GLOBAL_PRESENCE_MAP-768x424.webp 768w, https:\/\/mrel.com\/wp-content\/uploads\/2025\/03\/GLOBAL_PRESENCE_MAP-18x10.webp 18w, https:\/\/mrel.com\/wp-content\/uploads\/2025\/03\/GLOBAL_PRESENCE_MAP-32x18.webp 32w\" sizes=\"auto, (max-width: 1394px) 100vw, 1394px\" \/>\n          <\/div>\n        <\/div>\n      <\/div>\n    <\/div>\n\t\t<\/div> \n\t<\/div>\n\t<\/div> \n<\/div><\/div>\n\t\t\t<\/div> \n\t\t<\/div>\n\t<\/div> \n<\/div><\/div>","protected":false},"excerpt":{"rendered":"Company Overview Established in 1973, MREL is a technology-based company that provides unique explosives-related products and associated technical services to qualified customers in the blasting, bomb disposal, defence, explosives, humanitarian demining, and police communities. MREL\u2019s products are positioned...","protected":false},"author":1,"featured_media":0,"parent":0,"menu_order":0,"comment_status":"closed","ping_status":"closed","template":"","meta":{"footnotes":""},"class_list":["post-425","page","type-page","status-publish"],"_links":{"self":[{"href":"https:\/\/mrel.com\/es\/wp-json\/wp\/v2\/pages\/425","targetHints":{"allow":["GET"]}}],"collection":[{"href":"https:\/\/mrel.com\/es\/wp-json\/wp\/v2\/pages"}],"about":[{"href":"https:\/\/mrel.com\/es\/wp-json\/wp\/v2\/types\/page"}],"author":[{"embeddable":true,"href":"https:\/\/mrel.com\/es\/wp-json\/wp\/v2\/users\/1"}],"replies":[{"embeddable":true,"href":"https:\/\/mrel.com\/es\/wp-json\/wp\/v2\/comments?post=425"}],"version-history":[{"count":34,"href":"https:\/\/mrel.com\/es\/wp-json\/wp\/v2\/pages\/425\/revisions"}],"predecessor-version":[{"id":1936,"href":"https:\/\/mrel.com\/es\/wp-json\/wp\/v2\/pages\/425\/revisions\/1936"}],"wp:attachment":[{"href":"https:\/\/mrel.com\/es\/wp-json\/wp\/v2\/media?parent=425"}],"curies":[{"name":"wp","href":"https:\/\/api.w.org\/{rel}","templated":true}]}}