{"id":191,"date":"2024-01-04T04:51:41","date_gmt":"2024-01-04T04:51:41","guid":{"rendered":"https:\/\/mrel.com\/?page_id=191"},"modified":"2025-06-15T04:14:36","modified_gmt":"2025-06-15T04:14:36","slug":"productos-de-seguridad-para-defensa","status":"publish","type":"page","link":"https:\/\/mrel.com\/es\/productos-de-seguridad-para-defensa\/","title":{"rendered":"DEFENCE &#038; SECURITY SOLUTIONS"},"content":{"rendered":"<div id=\"fws_69d464bfa27b4\"  data-column-margin=\"default\" data-midnight=\"dark\"  class=\"wpb_row vc_row-fluid vc_row full-width-section\"  style=\"padding-top: 80px; padding-bottom: 80px; \"><div class=\"row-bg-wrap\" data-bg-animation=\"none\" data-bg-animation-delay=\"\" data-bg-overlay=\"false\"><div class=\"inner-wrap row-bg-layer\" ><div class=\"row-bg viewport-desktop\"  style=\"\"><\/div><\/div><\/div><div class=\"row_col_wrap_12 col span_12 dark left\">\n\t<div  class=\"vc_col-sm-12 wpb_column column_container vc_column_container col no-extra-padding inherit_tablet inherit_phone\"  data-padding-pos=\"all\" data-has-bg-color=\"false\" data-bg-color=\"\" data-bg-opacity=\"1\" data-animation=\"\" data-delay=\"0\" >\n\t\t<div class=\"vc_column-inner\" >\n\t\t\t<div class=\"wpb_wrapper\">\n\t\t\t\t<div class=\"nectar-split-heading  font_size_50px\" data-align=\"default\" data-m-align=\"inherit\" data-text-effect=\"letter-reveal-bottom\" data-animation-type=\"line-reveal-by-space\" data-animation-delay=\"0\" data-animation-offset=\"\" data-m-rm-animation=\"true\" data-stagger=\"true\" data-custom-font-size=\"true\" style=\"font-size: 50px; line-height: 54px;\"><h2 style=\" color: #cfcfcf;\">PRODUCTOS DE DEFENSA &amp; SEGURIDAD<\/h2><\/div>\n<div class=\"wpb_text_column wpb_content_element  vc_custom_1732627033966\" >\n\t<div class=\"wpb_wrapper\">\n\t\t<h6><strong>IMPULSA TUS OPERACIONES DE SEGURIDAD CON LAS SOLUCIONES DE DEFENSA Y SEGURIDAD DE VANGUARDIA DE MREL<\/strong><\/h6>\n\t<\/div>\n<\/div>\n\n\n\n\n<div class=\"wpb_text_column wpb_content_element\" >\n\t<div class=\"wpb_wrapper\">\n\t\t<p>Nuestra completa gama de productos respalda a profesionales militares, humanitarios y de seguridad en operaciones cr\u00edticas alrededor del mundo.<\/p>\n<p>Desde los detectores Vallon fabricados en Alemania para la detecci\u00f3n precisa de IED, UXO y minas, hasta los kits Mithix Pro Hook &amp; Line fabricados en EE.\u202fUU. para la manipulaci\u00f3n remota segura de amenazas explosivas, MREL ofrece soluciones personalizadas para operaciones diversas. Con opciones personalizables, tecnolog\u00eda avanzada y accesorios completos, nuestras soluciones garantizan confiabilidad y adaptabilidad para las misiones m\u00e1s exigentes.<\/p>\n\t<\/div>\n<\/div>\n\n\n\n\n\t\t\t<\/div> \n\t\t<\/div>\n\t<\/div> \n<\/div><\/div>\n\t\t<div id=\"fws_69d464bfa30a0\"  data-column-margin=\"none\" data-midnight=\"dark\"  class=\"wpb_row vc_row-fluid vc_row full-width-content vc_row-o-equal-height vc_row-flex vc_row-o-content-top\"  style=\"padding-top: 0px; padding-bottom: 0px; \"><div class=\"row-bg-wrap\" data-bg-animation=\"none\" data-bg-animation-delay=\"\" data-bg-overlay=\"false\"><div class=\"inner-wrap row-bg-layer\" ><div class=\"row-bg viewport-desktop\"  style=\"\"><\/div><\/div><\/div><div class=\"row_col_wrap_12 col span_12 dark left\">\n\t<div style=\" color: #f8931d;\" class=\"vc_col-sm-6 wpb_column column_container vc_column_container col left_padding_desktop_6vw top_padding_desktop_7vh right_padding_desktop_6vw bottom_padding_desktop_7vh\" data-cfc=\"true\" data-using-bg=\"true\" data-bg-cover=\"true\" data-padding-pos=\"all\" data-has-bg-color=\"false\" data-bg-color=\"\" data-bg-opacity=\"1\" data-animation=\"\" data-delay=\"0\" >\n\t\t<div class=\"vc_column-inner\" ><div class=\"column-image-bg-wrap column-bg-layer viewport-desktop\" data-bg-pos=\"right top\" data-bg-animation=\"none\" data-bg-overlay=\"false\"><div class=\"inner-wrap\"><div class=\"column-image-bg\" style=\" background-image: url('https:\/\/mrel.com\/wp-content\/uploads\/2024\/01\/left-copiar-2.webp'); \"><\/div><\/div><\/div>\n\t\t\t<div class=\"wpb_wrapper\">\n\t\t\t\t<div class=\"nectar-split-heading  font_line_height_1-2\" data-align=\"default\" data-m-align=\"inherit\" data-text-effect=\"default\" data-animation-type=\"default\" data-animation-delay=\"0\" data-animation-offset=\"\" data-m-rm-animation=\"\" data-stagger=\"\" data-custom-font-size=\"false\" ><div class=\"heading-line\" > <div><h3><strong>DETECTORES<\/strong><\/h3> <\/div> <\/div><div class=\"heading-line\" > <div><h3><strong>IED\/UXO\/MINE<\/strong><\/h3> <\/div> <\/div><\/div><div class=\"divider-wrap\" data-alignment=\"default\"><div style=\"height: 80px;\" class=\"divider\"><\/div><\/div><div id=\"fws_69d464bfa3dd7\" data-midnight=\"\" data-column-margin=\"default\" class=\"wpb_row vc_row-fluid vc_row inner_row\"  style=\"\"><div class=\"row-bg-wrap\"> <div class=\"row-bg\" ><\/div> <\/div><div class=\"row_col_wrap_12_inner col span_12  left\">\n\t<div  class=\"vc_col-sm-12 wpb_column column_container vc_column_container col child_column has-animation no-extra-padding inherit_tablet inherit_phone\"   data-padding-pos=\"all\" data-has-bg-color=\"false\" data-bg-color=\"\" data-bg-opacity=\"1\" data-animation=\"fade-in-from-bottom\" data-delay=\"0\" >\n\t\t<div class=\"vc_column-inner\" >\n\t\t<div class=\"wpb_wrapper\">\n\t\t\t<div class=\"nectar-responsive-text font_size_desktop_18px font_line_height_1-2 nectar-link-underline-effect\" style=\"color: #ffffff;max-width: 400px;\"><p class=\"translation-block\">MREL ofrece la l\u00ednea Vallon, fabricada en Alemania, de DETECTORES DE IED\/UXO\/MINAS para apoyar la amplia variedad de operaciones de detecci\u00f3n de minas terrestres (LM), artefactos sin detonar (UXO) y dispositivos explosivos improvisados (IED) llevadas a cabo por profesionales militares y humanitarios en desminado. Se encuentran disponibles diversos tipos de detectores en distintas configuraciones.\nLas configuraciones personalizadas, la programaci\u00f3n y una completa gama de accesorios se adaptan a las diversas necesidades operativas.<\/p>\n<\/div><div class=\"divider-wrap\" data-alignment=\"default\"><div style=\"height: 100px;\" class=\"divider\"><\/div><\/div><div class=\"nectar-cta  hover_color_303030 alignment_tablet_default alignment_phone_default display_tablet_inherit display_phone_inherit\" data-color=\"extra-color-2\" data-using-bg=\"true\" data-style=\"see-through\" data-display=\"block\" data-alignment=\"right\" data-text-color=\"custom\" style=\"margin-top: 50px; \"><h6 style=\"color: #ffffff;\"> <span class=\"text\"> <\/span><span class=\"link_wrap\" style=\"padding-top: 10px; padding-right: 10px; padding-bottom: 10px; padding-left: 10px;\"><a  aria-label=\"IED\/UXO\/MINE DETECTORS\" class=\"link_text\" role=\"button\" href=\"\/es\/productos-de-seguridad-para-defensa\/ied-uxo-landmine-detectors\/\">CLIC AQU\u00cd PARA CONOCER M\u00c1S<span class=\"arrow\"><\/span><\/a><\/span><\/h6><\/div>\n\t\t<\/div> \n\t<\/div>\n\t<\/div> \n<\/div><\/div>\n\t\t\t<\/div> \n\t\t<\/div>\n\t<\/div> \n\n\t<div style=\" color: #303030;\" class=\"vc_col-sm-6 wpb_column column_container vc_column_container col left_padding_desktop_6vw top_padding_desktop_7vh right_padding_desktop_6vw bottom_padding_desktop_7vh\" data-cfc=\"true\" data-using-bg=\"true\" data-padding-pos=\"all\" data-has-bg-color=\"true\" data-bg-color=\"#f8931d\" data-bg-opacity=\"1\" data-animation=\"\" data-delay=\"0\" >\n\t\t<div class=\"vc_column-inner\" ><div class=\"column-bg-overlay-wrap column-bg-layer\" data-bg-animation=\"none\"><div class=\"column-bg-overlay\" style=\"opacity: 1; background-color: #f8931d;\"><\/div><\/div>\n\t\t\t<div class=\"wpb_wrapper\">\n\t\t\t\t<div class=\"nectar-split-heading  font_line_height_1-2\" data-align=\"default\" data-m-align=\"inherit\" data-text-effect=\"default\" data-animation-type=\"default\" data-animation-delay=\"0\" data-animation-offset=\"\" data-m-rm-animation=\"\" data-stagger=\"\" data-custom-font-size=\"false\" ><div class=\"heading-line\" > <div><h3><strong>HOOKS <\/strong><strong>Y<\/strong><\/h3> <\/div> <\/div><div class=\"heading-line\" > <div><h3><strong> LINE KITS<\/strong><\/h3> <\/div> <\/div><\/div><div class=\"img-with-aniamtion-wrap center\" data-max-width=\"100%\" data-max-width-mobile=\"default\" data-shadow=\"none\" data-animation=\"none\"  style=\"margin-top: -20px; margin-bottom: 30px; \">\n      <div class=\"inner\">\n        <div class=\"hover-wrap\"> \n          <div class=\"hover-wrap-inner\">\n            <img loading=\"lazy\" decoding=\"async\" class=\"img-with-animation skip-lazy\" data-delay=\"0\" height=\"516\" width=\"1000\" data-animation=\"none\" src=\"https:\/\/mrel.com\/wp-content\/uploads\/2024\/12\/Micro-Hook-and-Line-Kit-copiar-1.webp\" alt=\"\" srcset=\"https:\/\/mrel.com\/wp-content\/uploads\/2024\/12\/Micro-Hook-and-Line-Kit-copiar-1.webp 1000w, https:\/\/mrel.com\/wp-content\/uploads\/2024\/12\/Micro-Hook-and-Line-Kit-copiar-1-300x155.webp 300w, https:\/\/mrel.com\/wp-content\/uploads\/2024\/12\/Micro-Hook-and-Line-Kit-copiar-1-768x396.webp 768w, https:\/\/mrel.com\/wp-content\/uploads\/2024\/12\/Micro-Hook-and-Line-Kit-copiar-1-32x17.webp 32w\" sizes=\"auto, (max-width: 1000px) 100vw, 1000px\" \/>\n          <\/div>\n        <\/div>\n      <\/div>\n    <\/div><div id=\"fws_69d464bfa506c\" data-midnight=\"\" data-column-margin=\"default\" class=\"wpb_row vc_row-fluid vc_row inner_row\"  style=\"\"><div class=\"row-bg-wrap\"> <div class=\"row-bg\" ><\/div> <\/div><div class=\"row_col_wrap_12_inner col span_12  left\">\n\t<div  class=\"vc_col-sm-12 wpb_column column_container vc_column_container col child_column has-animation no-extra-padding inherit_tablet inherit_phone\"   data-padding-pos=\"all\" data-has-bg-color=\"false\" data-bg-color=\"\" data-bg-opacity=\"1\" data-animation=\"fade-in-from-bottom\" data-delay=\"0\" >\n\t\t<div class=\"vc_column-inner\" >\n\t\t<div class=\"wpb_wrapper\">\n\t\t\t<div class=\"nectar-responsive-text font_size_desktop_18px font_line_height_1-2 nectar-link-underline-effect\" style=\"color: #303030;\"><p><span style=\"font-weight: 400\">MREL ofrece la l\u00ednea Mithix Pro de KITS HOOK &amp; LINE fabricados en EE.\u202fUU. para apoyar la amplia variedad de operaciones con dispositivos explosivos improvisados (IED), trampas, manipulaci\u00f3n remota y movimientos a distancia realizadas por personal de Desactivaci\u00f3n de Explosivos (EOD\/IEDD), escuadrones antibombas, SWAT, ingenieros de combate y operaciones especiales.\nLos kits est\u00e1n disponibles en diversas configuraciones, que van desde tama\u00f1os micro para tenerlos a mano cuando se necesiten, hasta tama\u00f1os tipo mochila para aplicaciones m\u00e1s avanzadas. Tambi\u00e9n se ofrecen configuraciones personalizadas de kits para aquellos clientes que requieran cantidades mayores con especificaciones particulares.<\/span><\/p>\n<\/div><div class=\"nectar-cta  hover_color_303030 text_hover_color_ffffff alignment_tablet_default alignment_phone_default display_tablet_inherit display_phone_inherit translate_x_desktop_-10px translate_x_tablet_0px\" data-color=\"white\" data-using-bg=\"true\" data-style=\"see-through\" data-display=\"block\" data-alignment=\"left\" data-text-color=\"custom\" style=\"margin-top: 50px; \"><h6 style=\"color: #303030;\"> <span class=\"text\"> <\/span><span class=\"link_wrap\" style=\"padding-top: 10px; padding-right: 10px; padding-bottom: 10px; padding-left: 10px;\"><a  aria-label=\"HOOKS AND LINE KITS\" class=\"link_text\" role=\"button\" href=\"\/es\/productos-de-seguridad-para-defensa\/hook-and-line-kits\/\">CLIC AQU\u00cd PARA CONOCER M\u00c1S<span class=\"arrow\"><\/span><\/a><\/span><\/h6><\/div>\n\t\t<\/div> \n\t<\/div>\n\t<\/div> \n<\/div><\/div>\n\t\t\t<\/div> \n\t\t<\/div>\n\t<\/div> \n<\/div><\/div>","protected":false},"excerpt":{"rendered":"DEFENCE &amp; SECURITY PRODUCTS EMPOWER YOUR SECURITY OPERATIONS WITH MREL'S CUTTING-EDGE DEFENCE &amp; SECURITY SOLUTIONS Our comprehensive range of products supports military, humanitarian, and law enforcement professionals in critical operations worldwide. From German-made Vallon Detectors for precise IED,...","protected":false},"author":1,"featured_media":0,"parent":0,"menu_order":0,"comment_status":"closed","ping_status":"closed","template":"","meta":{"footnotes":""},"class_list":["post-191","page","type-page","status-publish"],"_links":{"self":[{"href":"https:\/\/mrel.com\/es\/wp-json\/wp\/v2\/pages\/191","targetHints":{"allow":["GET"]}}],"collection":[{"href":"https:\/\/mrel.com\/es\/wp-json\/wp\/v2\/pages"}],"about":[{"href":"https:\/\/mrel.com\/es\/wp-json\/wp\/v2\/types\/page"}],"author":[{"embeddable":true,"href":"https:\/\/mrel.com\/es\/wp-json\/wp\/v2\/users\/1"}],"replies":[{"embeddable":true,"href":"https:\/\/mrel.com\/es\/wp-json\/wp\/v2\/comments?post=191"}],"version-history":[{"count":40,"href":"https:\/\/mrel.com\/es\/wp-json\/wp\/v2\/pages\/191\/revisions"}],"predecessor-version":[{"id":1643,"href":"https:\/\/mrel.com\/es\/wp-json\/wp\/v2\/pages\/191\/revisions\/1643"}],"wp:attachment":[{"href":"https:\/\/mrel.com\/es\/wp-json\/wp\/v2\/media?parent=191"}],"curies":[{"name":"wp","href":"https:\/\/api.w.org\/{rel}","templated":true}]}}