{"id":1887,"date":"2025-08-20T14:41:36","date_gmt":"2025-08-20T14:41:36","guid":{"rendered":"https:\/\/mrel.com\/?page_id=1887"},"modified":"2025-08-20T15:50:45","modified_gmt":"2025-08-20T15:50:45","slug":"portal","status":"publish","type":"page","link":"https:\/\/mrel.com\/es\/portal\/","title":{"rendered":"MREL PORTALS"},"content":{"rendered":"<div id=\"fws_69d44fcf0589b\"  data-column-margin=\"default\" data-midnight=\"dark\" data-top-percent=\"2%\" data-bottom-percent=\"7%\"  class=\"wpb_row vc_row-fluid vc_row full-width-content vc_row-o-equal-height vc_row-flex vc_row-o-content-middle  zindex-set right_padding_5pct left_padding_5pct top_padding_tablet_20pct top_padding_phone_25pct\"  style=\"padding-top: calc(100vw * 0.02); padding-bottom: calc(100vw * 0.07);  z-index: 100;\"><div class=\"row-bg-wrap\" data-bg-animation=\"fade-in\" data-bg-animation-delay=\"\" data-bg-overlay=\"false\"><div class=\"inner-wrap row-bg-layer\" ><div class=\"row-bg viewport-desktop\"  style=\"\"><\/div><\/div><\/div><div class=\"row_col_wrap_12 col span_12 dark left\">\n\t<div  class=\"vc_col-sm-12 wpb_column column_container vc_column_container col no-extra-padding inherit_tablet inherit_phone\"  data-padding-pos=\"all\" data-has-bg-color=\"false\" data-bg-color=\"\" data-bg-opacity=\"1\" data-animation=\"\" data-delay=\"0\" >\n\t\t<div class=\"vc_column-inner\" >\n\t\t\t<div class=\"wpb_wrapper\">\n\t\t\t\t<div id=\"fws_69d44fcf05e80\" data-midnight=\"\" data-column-margin=\"default\" class=\"wpb_row vc_row-fluid vc_row inner_row vc_row-o-equal-height vc_row-flex vc_row-o-content-bottom\"  style=\"\"><div class=\"row-bg-wrap\"> <div class=\"row-bg\" ><\/div> <\/div><div class=\"row_col_wrap_12_inner col span_12  left\">\n\t<div  class=\"vc_col-sm-10 wpb_column column_container vc_column_container col child_column padding-14-percent bottom_margin_tablet_20px no-extra-padding_tablet inherit_phone\"    data-t-w-inherits=\"small_desktop\" data-padding-pos=\"right\" data-has-bg-color=\"false\" data-bg-color=\"\" data-bg-opacity=\"1\" data-animation=\"\" data-delay=\"0\" >\n\t\t<div class=\"vc_column-inner\" >\n\t\t<div class=\"wpb_wrapper\">\n\t\t\t<div class=\"nectar-split-heading  font_size_3vw font_size_tablet_9vw font_size_phone_10vw font_line_height_1-3\" data-align=\"default\" data-m-align=\"inherit\" data-text-effect=\"letter-reveal-bottom\" data-animation-type=\"line-reveal-by-space\" data-animation-delay=\"0\" data-animation-offset=\"\" data-m-rm-animation=\"true\" data-stagger=\"true\" data-custom-font-size=\"true\" style=\"font-size: 3vw; line-height: 3.3vw;\"><h1 class=\"translation-block\" >Portal de MREL \u2013 Tu puerta de acceso a una gesti\u00f3n m\u00e1s inteligente de instrumentos explosivos<\/h1><\/div>\n<div class=\"wpb_text_column wpb_content_element\" >\n\t<div class=\"wpb_wrapper\">\n\t\t<h5>Muy Pronto - Mantente Conectado<\/h5>\n\t<\/div>\n<\/div>\n\n\n\n\n<div class=\"wpb_text_column wpb_content_element\" >\n\t<div class=\"wpb_wrapper\">\n\t\t<p>En MREL, estamos comprometidos a brindar a nuestros clientes y distribuidores las herramientas que necesitan para tener \u00e9xito. Por eso, estamos lanzando dos portales seguros basados en roles, dise\u00f1ados para que la gesti\u00f3n de equipos, el seguimiento de calibraciones y el soporte sean m\u00e1s f\u00e1ciles que nunca.<\/p>\n<h5>Valor clave:<\/h5>\n<ul>\n<li>Ahorra tiempo: todo lo que necesitas est\u00e1 en l\u00ednea, en un solo lugar.<\/li>\n<li>Mantente seguro: realiza el seguimiento de los programas de calibraci\u00f3n y el cumplimiento sin esfuerzo.<\/li>\n<li>Mantente conectado: accede a recursos, capacitaci\u00f3n y soporte dise\u00f1ados para ti.<\/li>\n<\/ul>\n<p>Elige tu portal para descubrir c\u00f3mo puede transformar la manera en que gestionas tu relaci\u00f3n con MREL:<\/p>\n\t<\/div>\n<\/div>\n\n\n\n<a class=\"nectar-button small regular accent-color  regular-button\"  role=\"button\" style=\"\"  href=\"https:\/\/mrel.com\/es\/customer-portal\/\" data-color-override=\"false\" data-hover-color-override=\"false\" data-hover-text-color-override=\"#fff\"><span>Registro en el Portal del Cliente<\/span><\/a><a class=\"nectar-button small regular accent-color  regular-button\"  role=\"button\" style=\"margin-left: 100px;\"  href=\"https:\/\/mrel.com\/es\/dealer-portal\/\" data-color-override=\"false\" data-hover-color-override=\"false\" data-hover-text-color-override=\"#fff\"><span>Registro en el Portal del Distribuidor<\/span><\/a>\n\t\t<\/div> \n\t<\/div>\n\t<\/div> \n<\/div><\/div>\n\t\t\t<\/div> \n\t\t<\/div>\n\t<\/div> \n<\/div><\/div>","protected":false},"excerpt":{"rendered":"MREL Portals \u2013 Your Gateway to Smarter Explosives Instrumentation Management Coming Soon \u2013 Stay Connected At MREL, we are committed to giving our customers and dealers the tools they need to succeed. That\u2019s why we\u2019re launching two secure,...","protected":false},"author":5,"featured_media":0,"parent":0,"menu_order":0,"comment_status":"closed","ping_status":"closed","template":"","meta":{"footnotes":""},"class_list":["post-1887","page","type-page","status-publish"],"_links":{"self":[{"href":"https:\/\/mrel.com\/es\/wp-json\/wp\/v2\/pages\/1887","targetHints":{"allow":["GET"]}}],"collection":[{"href":"https:\/\/mrel.com\/es\/wp-json\/wp\/v2\/pages"}],"about":[{"href":"https:\/\/mrel.com\/es\/wp-json\/wp\/v2\/types\/page"}],"author":[{"embeddable":true,"href":"https:\/\/mrel.com\/es\/wp-json\/wp\/v2\/users\/5"}],"replies":[{"embeddable":true,"href":"https:\/\/mrel.com\/es\/wp-json\/wp\/v2\/comments?post=1887"}],"version-history":[{"count":12,"href":"https:\/\/mrel.com\/es\/wp-json\/wp\/v2\/pages\/1887\/revisions"}],"predecessor-version":[{"id":1913,"href":"https:\/\/mrel.com\/es\/wp-json\/wp\/v2\/pages\/1887\/revisions\/1913"}],"wp:attachment":[{"href":"https:\/\/mrel.com\/es\/wp-json\/wp\/v2\/media?parent=1887"}],"curies":[{"name":"wp","href":"https:\/\/api.w.org\/{rel}","templated":true}]}}