{"id":1875,"date":"2025-08-20T15:16:20","date_gmt":"2025-08-20T15:16:20","guid":{"rendered":"https:\/\/mrel.com\/?page_id=1875"},"modified":"2025-08-20T15:16:20","modified_gmt":"2025-08-20T15:16:20","slug":"customer-portal","status":"publish","type":"page","link":"https:\/\/mrel.com\/es\/customer-portal\/","title":{"rendered":"Portal de Clientes"},"content":{"rendered":"<div id=\"fws_69d44b884f829\"  data-column-margin=\"default\" data-midnight=\"dark\" data-top-percent=\"2%\" data-bottom-percent=\"7%\"  class=\"wpb_row vc_row-fluid vc_row full-width-content vc_row-o-equal-height vc_row-flex vc_row-o-content-middle  zindex-set right_padding_5pct left_padding_5pct top_padding_tablet_20pct top_padding_phone_25pct\"  style=\"padding-top: calc(100vw * 0.02); padding-bottom: calc(100vw * 0.07);  z-index: 100;\"><div class=\"row-bg-wrap\" data-bg-animation=\"fade-in\" data-bg-animation-delay=\"\" data-bg-overlay=\"false\"><div class=\"inner-wrap row-bg-layer\" ><div class=\"row-bg viewport-desktop\"  style=\"\"><\/div><\/div><\/div><div class=\"row_col_wrap_12 col span_12 dark left\">\n\t<div  class=\"vc_col-sm-12 wpb_column column_container vc_column_container col no-extra-padding inherit_tablet inherit_phone\"  data-padding-pos=\"all\" data-has-bg-color=\"false\" data-bg-color=\"\" data-bg-opacity=\"1\" data-animation=\"\" data-delay=\"0\" >\n\t\t<div class=\"vc_column-inner\" >\n\t\t\t<div class=\"wpb_wrapper\">\n\t\t\t\t<div id=\"fws_69d44b884fc32\" data-midnight=\"\" data-column-margin=\"default\" class=\"wpb_row vc_row-fluid vc_row inner_row vc_row-o-equal-height vc_row-flex vc_row-o-content-bottom\"  style=\"\"><div class=\"row-bg-wrap\"> <div class=\"row-bg\" ><\/div> <\/div><div class=\"row_col_wrap_12_inner col span_12  left\">\n\t<div  class=\"vc_col-sm-10 wpb_column column_container vc_column_container col child_column padding-14-percent bottom_margin_tablet_20px no-extra-padding_tablet inherit_phone\"    data-t-w-inherits=\"small_desktop\" data-padding-pos=\"right\" data-has-bg-color=\"false\" data-bg-color=\"\" data-bg-opacity=\"1\" data-animation=\"\" data-delay=\"0\" >\n\t\t<div class=\"vc_column-inner\" >\n\t\t<div class=\"wpb_wrapper\">\n\t\t\t<div class=\"nectar-split-heading  font_size_3vw font_size_tablet_9vw font_size_phone_10vw font_line_height_1-3\" data-align=\"default\" data-m-align=\"inherit\" data-text-effect=\"letter-reveal-bottom\" data-animation-type=\"line-reveal-by-space\" data-animation-delay=\"0\" data-animation-offset=\"\" data-m-rm-animation=\"true\" data-stagger=\"true\" data-custom-font-size=\"true\" style=\"font-size: 3vw; line-height: 3.3vw;\"><h1 class=\"translation-block\" >Portal de Clientes de MREL<\/h1><\/div>\n<div class=\"wpb_text_column wpb_content_element\" >\n\t<div class=\"wpb_wrapper\">\n\t\t<h5><strong>Muy Pronto - Mantente Conectado<\/strong><\/h5>\n\t<\/div>\n<\/div>\n\n\n\n\n<div class=\"wpb_text_column wpb_content_element\" >\n\t<div class=\"wpb_wrapper\">\n\t\t<p class=\"translation-block\">El <strong data-end=\"185\" data-start=\"161\">Portal de Clientes de MREL<\/strong> ser\u00e1 su puerta de acceso en l\u00ednea segura para gestionar su instrumentaci\u00f3n de voladura MREL.<\/p>\n<p>A trav\u00e9s del Portal, los Clientes Autorizados pronto podr\u00e1n:<\/p>\n<ul data-end=\"540\" data-start=\"318\">\n<li data-end=\"387\" data-start=\"318\">Ver y rastrear los instrumentos serializados registrados a su empresa.<\/li>\n<li data-end=\"438\" data-start=\"388\">Acceder a las fechas de vencimiento de calibraci\u00f3n y a los certificados.<\/li>\n<li data-end=\"483\" data-start=\"439\">Enviar y monitorear solicitudes de servicio\/RMA.<\/li>\n<li data-end=\"540\" data-start=\"484\">Descargar documentos t\u00e9cnicos y recursos de capacitaci\u00f3n.<\/li>\n<\/ul>\n<p data-end=\"633\" data-start=\"542\">Actualmente estamos preparando el lanzamiento de este servicio exclusivo para todos nuestros clientes.<\/p>\n\t<\/div>\n<\/div>\n\n\n\n\n\t\t<\/div> \n\t<\/div>\n\t<\/div> \n<\/div><\/div>\n\t\t\t<\/div> \n\t\t<\/div>\n\t<\/div> \n<\/div><\/div>\n\t\t<div id=\"fws_69d44b88502fb\"  data-column-margin=\"default\" data-midnight=\"dark\"  class=\"wpb_row vc_row-fluid vc_row\"  style=\"padding-top: 0px; padding-bottom: 0px; \"><div class=\"row-bg-wrap\" data-bg-animation=\"none\" data-bg-animation-delay=\"\" data-bg-overlay=\"false\"><div class=\"inner-wrap row-bg-layer\" ><div class=\"row-bg viewport-desktop using-bg-color\"  style=\"background-color: #F7F7F7; \"><\/div><\/div><\/div><div class=\"row_col_wrap_12 col span_12 dark left\">\n\t<div  class=\"vc_col-sm-12 wpb_column column_container vc_column_container col no-extra-padding inherit_tablet inherit_phone\"  data-padding-pos=\"all\" data-has-bg-color=\"false\" data-bg-color=\"\" data-bg-opacity=\"1\" data-animation=\"\" data-delay=\"0\" >\n\t\t<div class=\"vc_column-inner\" >\n\t\t\t<div class=\"wpb_wrapper\">\n\t\t\t\t\n<div class=\"wpb_text_column wpb_content_element\" >\n\t<div class=\"wpb_wrapper\">\n\t\t<h3>S\u00e9 el primero en enterarte<\/h3>\n<p data-end=\"783\" data-start=\"667\">Registra tu inter\u00e9s a continuaci\u00f3n para ser notificado tan pronto como el Portal de Clientes est\u00e9 disponible.<\/p>\n<p data-end=\"869\" data-start=\"785\"><a href=\"https:\/\/zfrmz.com\/mZGvKd3RYZOFOa58pOye\" target=\"_blank\" rel=\"noopener\"><strong data-end=\"811\" data-start=\"785\">Registrar mi inter\u00e9s<\/strong><\/a><\/p>\n\t<\/div>\n<\/div>\n\n\n\n\n\t\t\t<\/div> \n\t\t<\/div>\n\t<\/div> \n<\/div><\/div>","protected":false},"excerpt":{"rendered":"MREL Customer Portal Coming Soon \u2013 Stay Connected The MREL Customer Portal will be your secure online gateway to manage your MREL blasting instrumentation. Through the Portal, Authorized Customers will soon be able to: View and track serialized...","protected":false},"author":5,"featured_media":0,"parent":0,"menu_order":0,"comment_status":"closed","ping_status":"closed","template":"","meta":{"footnotes":""},"class_list":["post-1875","page","type-page","status-publish"],"_links":{"self":[{"href":"https:\/\/mrel.com\/es\/wp-json\/wp\/v2\/pages\/1875","targetHints":{"allow":["GET"]}}],"collection":[{"href":"https:\/\/mrel.com\/es\/wp-json\/wp\/v2\/pages"}],"about":[{"href":"https:\/\/mrel.com\/es\/wp-json\/wp\/v2\/types\/page"}],"author":[{"embeddable":true,"href":"https:\/\/mrel.com\/es\/wp-json\/wp\/v2\/users\/5"}],"replies":[{"embeddable":true,"href":"https:\/\/mrel.com\/es\/wp-json\/wp\/v2\/comments?post=1875"}],"version-history":[{"count":10,"href":"https:\/\/mrel.com\/es\/wp-json\/wp\/v2\/pages\/1875\/revisions"}],"predecessor-version":[{"id":1899,"href":"https:\/\/mrel.com\/es\/wp-json\/wp\/v2\/pages\/1875\/revisions\/1899"}],"wp:attachment":[{"href":"https:\/\/mrel.com\/es\/wp-json\/wp\/v2\/media?parent=1875"}],"curies":[{"name":"wp","href":"https:\/\/api.w.org\/{rel}","templated":true}]}}