{"id":1784,"date":"2025-07-11T13:12:23","date_gmt":"2025-07-11T13:12:23","guid":{"rendered":"https:\/\/mrel.com\/?page_id=1784"},"modified":"2025-07-16T22:24:49","modified_gmt":"2025-07-16T22:24:49","slug":"vibration-accessories","status":"publish","type":"page","link":"https:\/\/mrel.com\/es\/instrumentacion-de-voladuras\/vibration-accessories\/","title":{"rendered":"Accesorios para vibraciones"},"content":{"rendered":"<div id=\"fws_69d44b87aa9b0\"  data-column-margin=\"default\" data-midnight=\"dark\" data-top-percent=\"2%\" data-bottom-percent=\"3%\"  class=\"wpb_row vc_row-fluid vc_row full-width-content vc_row-o-equal-height vc_row-flex vc_row-o-content-middle  zindex-set right_padding_5pct left_padding_5pct top_padding_tablet_20pct top_padding_phone_25pct\"  style=\"padding-top: calc(100vw * 0.02); padding-bottom: calc(100vw * 0.03);  z-index: 100;\"><div class=\"row-bg-wrap\" data-bg-animation=\"fade-in\" data-bg-animation-delay=\"\" data-bg-overlay=\"false\"><div class=\"inner-wrap row-bg-layer\" ><div class=\"row-bg viewport-desktop\"  style=\"\"><\/div><\/div><\/div><div class=\"row_col_wrap_12 col span_12 dark left\">\n\t<div  class=\"vc_col-sm-12 wpb_column column_container vc_column_container col no-extra-padding inherit_tablet inherit_phone\"  data-padding-pos=\"all\" data-has-bg-color=\"false\" data-bg-color=\"\" data-bg-opacity=\"1\" data-animation=\"\" data-delay=\"0\" >\n\t\t<div class=\"vc_column-inner\" >\n\t\t\t<div class=\"wpb_wrapper\">\n\t\t\t\t<div id=\"fws_69d44b87aaed1\" data-midnight=\"\" data-column-margin=\"default\" class=\"wpb_row vc_row-fluid vc_row inner_row vc_row-o-equal-height vc_row-flex vc_row-o-content-bottom\"  style=\"\"><div class=\"row-bg-wrap\"> <div class=\"row-bg\" ><\/div> <\/div><div class=\"row_col_wrap_12_inner col span_12  left\">\n\t<div  class=\"vc_col-sm-12 wpb_column column_container vc_column_container col child_column padding-4-percent bottom_margin_tablet_20px no-extra-padding_tablet inherit_phone\"    data-t-w-inherits=\"small_desktop\" data-padding-pos=\"right\" data-has-bg-color=\"false\" data-bg-color=\"\" data-bg-opacity=\"1\" data-animation=\"\" data-delay=\"0\" >\n\t\t<div class=\"vc_column-inner\" >\n\t\t<div class=\"wpb_wrapper\">\n\t\t\t<div class=\"nectar-split-heading  font_size_50px\" data-align=\"default\" data-m-align=\"inherit\" data-text-effect=\"letter-reveal-bottom\" data-animation-type=\"line-reveal-by-space\" data-animation-delay=\"0\" data-animation-offset=\"\" data-m-rm-animation=\"true\" data-stagger=\"true\" data-custom-font-size=\"true\" style=\"font-size: 50px; line-height: 54px;\"><h2 style=\" color: #cfcfcf;\" class=\"translation-block\">ACCESORIOS PARA VIBRACIONES<\/h2><\/div>\n<div class=\"wpb_text_column wpb_content_element  wpb_animate_when_almost_visible wpb_bottom-to-top bottom-to-top\" >\n\t<div class=\"wpb_wrapper\">\n\t\t<p>MREL ofrece una gama especializada de accesorios para la medici\u00f3n de vibraciones, dise\u00f1ados para capturar la respuesta cercana del suelo y de las estructuras durante operaciones de voladura. Estas herramientas de precisi\u00f3n respaldan el an\u00e1lisis de voladuras y las evaluaciones de seguridad en miner\u00eda a cielo abierto y subterr\u00e1nea, construcci\u00f3n y aplicaciones de investigaci\u00f3n.<\/p>\n<p class=\"translation-block\">Nuestros accesorios de vibraci\u00f3n incluyen aceler\u00f3metros triaxiales de alto rendimiento, bases de montaje y acondicionadores de se\u00f1al, todos dise\u00f1ados para trabajar en conjunto con los registradores de datos <a href=\"https:\/\/mrel.com\/es\/productos\/instrumentacion-de-voladuras\/datatrap-ii-grabador-de-datos-vod\/\" target=\"_blank\" rel=\"noopener\">DataTrap II\u2122<\/a> y <a href=\"https:\/\/mrel.com\/es\/productos\/instrumentacion-de-voladuras\/microtrap-vod-data-recorder\/\" target=\"_blank\" rel=\"noopener\">MicroTrap\u2122<\/a> de MREL. Estos accesorios garantizan una adquisici\u00f3n de datos de alta fidelidad, incluso en entornos de campo adversos y de alto impacto.<\/p>\n\t<\/div>\n<\/div>\n\n\n\n\n\t\t<\/div> \n\t<\/div>\n\t<\/div> \n<\/div><\/div>\n<div class=\"wpb_text_column wpb_content_element  wpb_animate_when_almost_visible wpb_left-to-right left-to-right vc_custom_1733899260155\" >\n\t<div class=\"wpb_wrapper\">\n\t\t<h6>Caracter\u00edsticas principales:<\/h6>\n\t<\/div>\n<\/div>\n\n\n\n<div class=\"nectar-fancy-ul\" data-list-icon=\"icon-salient-thin-line\" data-animation=\"true\" data-animation-delay=\"0\" data-color=\"accent-color\" data-spacing=\"default\" data-alignment=\"left\"> \n<ul>\n<li>Respuesta de alta frecuencia y bajo ruido para una captura precisa de vibraciones en campo cercano<\/li>\n<li>Disponible en configuraciones triaxiales<\/li>\n<li>Construcci\u00f3n resistente y probada en campo para un rendimiento confiable<\/li>\n<li>Compatible con los sistemas de acondicionamiento de se\u00f1al y los registradores de datos de MREL<\/li>\n<li>Opciones de montaje permanente o temporal seg\u00fan la aplicaci\u00f3n<\/li>\n<\/ul>\n <\/div>\n\t\t\t<\/div> \n\t\t<\/div>\n\t<\/div> \n<\/div><\/div>\n\t\t<div id=\"fws_69d44b87ab563\"  data-column-margin=\"default\" data-midnight=\"dark\"  class=\"wpb_row vc_row-fluid vc_row full-width-content vc_row-o-equal-height vc_row-flex vc_row-o-content-top  right_padding_5pct left_padding_5pct\"  style=\"padding-top: 80px; padding-bottom: 0px; \"><div class=\"row-bg-wrap\" data-bg-animation=\"none\" data-bg-animation-delay=\"\" data-bg-overlay=\"false\"><div class=\"inner-wrap row-bg-layer\" ><div class=\"row-bg viewport-desktop using-bg-color\"  style=\"background-color: #f7f7f7; \"><\/div><\/div><\/div><div class=\"row_col_wrap_12 col span_12 dark left\">\n\t<div  class=\"vc_col-sm-12 wpb_column column_container vc_column_container col no-extra-padding inherit_tablet inherit_phone\"  data-padding-pos=\"all\" data-has-bg-color=\"false\" data-bg-color=\"\" data-bg-opacity=\"1\" data-animation=\"\" data-delay=\"0\" >\n\t\t<div class=\"vc_column-inner\" >\n\t\t\t<div class=\"wpb_wrapper\">\n\t\t\t\t\n<div class=\"wpb_text_column wpb_content_element  wpb_animate_when_almost_visible wpb_left-to-right left-to-right vc_custom_1733898298675\" >\n\t<div class=\"wpb_wrapper\">\n\t\t<h6>Aplicaciones:<\/h6>\n\t<\/div>\n<\/div>\n\n\n\n\n\t\t\t<\/div> \n\t\t<\/div>\n\t<\/div> \n<\/div><\/div>\n\t\t<div id=\"fws_69d44b87ab852\"  data-column-margin=\"default\" data-midnight=\"dark\"  class=\"wpb_row vc_row-fluid vc_row full-width-content vc_row-o-equal-height vc_row-flex vc_row-o-content-top  right_padding_5pct left_padding_5pct\"  style=\"padding-top: 30px; padding-bottom: 80px; \"><div class=\"row-bg-wrap\" data-bg-animation=\"none\" data-bg-animation-delay=\"\" data-bg-overlay=\"false\"><div class=\"inner-wrap row-bg-layer\" ><div class=\"row-bg viewport-desktop using-bg-color\"  style=\"background-color: #f7f7f7; \"><\/div><\/div><\/div><div class=\"row_col_wrap_12 col span_12 dark left\">\n\t<div  class=\"vc_col-sm-6 wpb_column column_container vc_column_container col no-extra-padding inherit_tablet inherit_phone\"  data-padding-pos=\"all\" data-has-bg-color=\"false\" data-bg-color=\"\" data-bg-opacity=\"1\" data-animation=\"\" data-delay=\"0\" >\n\t\t<div class=\"vc_column-inner\" >\n\t\t\t<div class=\"wpb_wrapper\">\n\t\t\t\t<div class=\"nectar-fancy-ul\" data-list-icon=\"icon-salient-thin-line\" data-animation=\"true\" data-animation-delay=\"0\" data-color=\"accent-color\" data-spacing=\"default\" data-alignment=\"left\"> <strong>Monitoreo de vibraciones del terreno inducidas por voladuras<\/strong><\/p>\n<ul>\n<li>Mide las vibraciones transmitidas a trav\u00e9s de la roca debido a detonaciones de explosivos<\/li>\n<li>Se utiliza para el monitoreo en campo cercano de la energ\u00eda mediante aceler\u00f3metros de alta frecuencia de resonancia<\/li>\n<li>Admite rangos de frecuencia y sensibilidades adecuados para trabajos en campo cercano<\/li>\n<\/ul>\n <\/div>\n\t\t\t<\/div> \n\t\t<\/div>\n\t<\/div> \n\n\t<div  class=\"vc_col-sm-6 wpb_column column_container vc_column_container col no-extra-padding inherit_tablet inherit_phone\"  data-padding-pos=\"all\" data-has-bg-color=\"false\" data-bg-color=\"\" data-bg-opacity=\"1\" data-animation=\"\" data-delay=\"0\" >\n\t\t<div class=\"vc_column-inner\" >\n\t\t\t<div class=\"wpb_wrapper\">\n\t\t\t\t<div class=\"nectar-fancy-ul\" data-list-icon=\"icon-salient-thin-line\" data-animation=\"true\" data-animation-delay=\"0\" data-color=\"accent-color\" data-spacing=\"default\" data-alignment=\"left\"> <strong>Evaluaci\u00f3n de prefractura<\/strong><\/p>\n<ul>\n<li>Registra la energ\u00eda vibracional en ambos lados de la prefractura para poder calcular la eficiencia<\/li>\n<li>Mide la energ\u00eda en la pared final para reducir la formaci\u00f3n de grietas radiales<\/li>\n<li>Mejora la voladura cerca de la pared final para una mayor estabilidad a largo plazo<\/li>\n<\/ul>\n <\/div>\n\t\t\t<\/div> \n\t\t<\/div>\n\t<\/div> \n<\/div><\/div>\n\t\t<div id=\"fws_69d44b87abc68\"  data-column-margin=\"default\" data-midnight=\"dark\"  class=\"wpb_row vc_row-fluid vc_row full-width-content vc_row-o-equal-height vc_row-flex vc_row-o-content-top  right_padding_4pct left_padding_4pct\"  style=\"padding-top: 30px; padding-bottom: 30px; \"><div class=\"row-bg-wrap\" data-bg-animation=\"none\" data-bg-animation-delay=\"\" data-bg-overlay=\"false\"><div class=\"inner-wrap row-bg-layer\" ><div class=\"row-bg viewport-desktop\"  style=\"\"><\/div><\/div><\/div><div class=\"row_col_wrap_12 col span_12 dark left\">\n\t<div  class=\"vc_col-sm-12 wpb_column column_container vc_column_container col no-extra-padding inherit_tablet inherit_phone\"  data-padding-pos=\"all\" data-has-bg-color=\"false\" data-bg-color=\"\" data-bg-opacity=\"1\" data-animation=\"\" data-delay=\"0\" >\n\t\t<div class=\"vc_column-inner\" >\n\t\t\t<div class=\"wpb_wrapper\">\n\t\t\t\t<div class='nectar-post-grid-wrap text-color-dark additional-meta-size-small spacing-15px' data-el-settings='{\"post_type\":\"portfolio\",\"pagination\":\"none\",\"image_size\":\"full\",\"parallax_scrolling\":\"\",\"aspect_ratio_image_size\":\"\",\"category_position\":\"default\",\"category_display\":\"default\",\"display_categories\":\"0\",\"display_excerpt\":\"0\",\"excerpt_length\":\"20\",\"display_date\":\"0\",\"display_estimated_reading_time\":\"0\",\"display_author\":\"0\",\"author_functionality\":\"default\",\"author_position\":\"default\",\"color_overlay\":\"\",\"color_overlay_opacity\":\"\",\"color_overlay_hover_opacity\":\"\",\"card_bg_color\":\"\",\"grid_style\":\"content_under_image\",\"hover_effect\":\"zoom\",\"post_title_overlay\":\"\",\"heading_tag\":\"default\",\"heading_tag_render\":\"default\",\"enable_gallery_lightbox\":\"0\",\"category_style\":\"underline\",\"overlay_secondary_project_image\":\"\",\"vertical_list_hover_effect\":\"none\",\"vertical_list_read_more\":\"\",\"read_more_button\":\"0\",\"animation\":\"zoom-out-reveal\",\"custom_fields\":\"\",\"custom_fields_location\":\"before_post_meta\",\"display_type\":\"grid\",\"text_content_layout\":\"top_left\"}' data-style='content_under_image' data-query='{\"post_type\":\"portfolio\",\"posts_per_page\":\"-1\",\"order\":\"ASC\",\"orderby\":\"title\",\"offset\":\"0\",\"cpt_name\":\"post\",\"custom_query_tax\":\"\",\"ignore_sticky_posts\":\"\",\"exclude_current_post\":\"\"}' data-load-more-color='black' data-load-more-text='Load More'><div class=\"nectar-post-grid-filters\" data-active-color=\"default\" data-align=\"default\" data-animation=\"zoom-out-reveal\" data-sortable=\"\"><div><a href=\"#\" data-filter=\"vibration-accessories\" data-total-count=\"6\">Accesorios para vibraciones<\/a><\/div><\/div><div class=\"nectar-post-grid custom_font_size_18px font_size_tablet_18px font_size_phone_18px custom-aspect-ratio-3-2 category-position-before-title\" data-indicator=\"\" data-indicator-style=\"default\" data-indicator-text-color=\"#fff\" data-indicator-color=\"#000\" data-indicator-text=\"View\" data-columns=\"4\" data-hover-effect=\"zoom\" data-text-style=\"default\" data-border-radius=\"none\" data-grid-item-height=\"40vh\" data-grid-spacing=\"15px\" data-text-layout=\"top_left\" data-text-color=\"dark\" data-text-hover-color=\"dark\" data-shadow-hover=\"yes\" data-animation=\"zoom-out-reveal\" data-animation-stagger=\"400\" data-cat-click=\"default\"  data-lock-aspect=\"\"  data-text-align=\"left\" data-card=\"\" ><div class=\"nectar-post-grid-item\" data-post-id=\"1791\" data-has-img=\"true\"> <div class=\"inner\"><div class=\"nectar-post-grid-item-bg-wrap\"><div class=\"nectar-post-grid-item-bg-wrap-inner\"><div class=\"nectar-post-grid-item-bg\"><img loading=\"lazy\" decoding=\"async\" width=\"400\" height=\"341\" src=\"https:\/\/mrel.com\/wp-content\/uploads\/2025\/07\/Triaxial_Sensor.jpg\" class=\"attachment-full size-full\" alt=\"\" srcset=\"https:\/\/mrel.com\/wp-content\/uploads\/2025\/07\/Triaxial_Sensor.jpg 400w, https:\/\/mrel.com\/wp-content\/uploads\/2025\/07\/Triaxial_Sensor-300x256.jpg 300w, https:\/\/mrel.com\/wp-content\/uploads\/2025\/07\/Triaxial_Sensor-14x12.jpg 14w, https:\/\/mrel.com\/wp-content\/uploads\/2025\/07\/Triaxial_Sensor-32x27.jpg 32w\" sizes=\"auto, (max-width: 400px) 100vw, 400px\" \/><\/div><\/div><\/div><div class=\"content\"><a class=\"nectar-post-grid-link\" href=\"https:\/\/mrel.com\/es\/productos\/instrumentacion-de-voladuras\/triaxial-accelerometer-100g\/\" ><span class=\"screen-reader-text\">ACELER\u00d3METRO TRIAXIAL (+\/- 100g)<\/span><\/a><div class=\"item-main\"><h3 class=\"post-heading\"><div class=\"nectar-split-heading custom-trigger\" data-align=\"default\" data-m-align=\"inherit\" data-text-effect=\"default\" data-animation-type=\"line-reveal-by-space\" data-animation-delay=\"\" data-animation-offset=\"\" data-m-rm-animation=\"\" data-stagger=\"true\"><p>ACELER\u00d3METRO TRIAXIAL (+\/- 100g)<\/p><\/div><\/h3><\/div><\/div><\/div><\/div><div class=\"nectar-post-grid-item\" data-post-id=\"1793\" data-has-img=\"true\"> <div class=\"inner\"><div class=\"nectar-post-grid-item-bg-wrap\"><div class=\"nectar-post-grid-item-bg-wrap-inner\"><div class=\"nectar-post-grid-item-bg\"><img loading=\"lazy\" decoding=\"async\" width=\"400\" height=\"341\" src=\"https:\/\/mrel.com\/wp-content\/uploads\/2025\/07\/Triaxial_Sensor.jpg\" class=\"attachment-full size-full\" alt=\"\" srcset=\"https:\/\/mrel.com\/wp-content\/uploads\/2025\/07\/Triaxial_Sensor.jpg 400w, https:\/\/mrel.com\/wp-content\/uploads\/2025\/07\/Triaxial_Sensor-300x256.jpg 300w, https:\/\/mrel.com\/wp-content\/uploads\/2025\/07\/Triaxial_Sensor-14x12.jpg 14w, https:\/\/mrel.com\/wp-content\/uploads\/2025\/07\/Triaxial_Sensor-32x27.jpg 32w\" sizes=\"auto, (max-width: 400px) 100vw, 400px\" \/><\/div><\/div><\/div><div class=\"content\"><a class=\"nectar-post-grid-link\" href=\"https:\/\/mrel.com\/es\/productos\/instrumentacion-de-voladuras\/triaxial-accelerometer-200g\/\" ><span class=\"screen-reader-text\">ACELER\u00d3METRO TRIAXIAL (+\/- 200g)<\/span><\/a><div class=\"item-main\"><h3 class=\"post-heading\"><div class=\"nectar-split-heading custom-trigger\" data-align=\"default\" data-m-align=\"inherit\" data-text-effect=\"default\" data-animation-type=\"line-reveal-by-space\" data-animation-delay=\"\" data-animation-offset=\"\" data-m-rm-animation=\"\" data-stagger=\"true\"><p>ACELER\u00d3METRO TRIAXIAL (+\/- 200g)<\/p><\/div><\/h3><\/div><\/div><\/div><\/div><div class=\"nectar-post-grid-item\" data-post-id=\"1795\" data-has-img=\"true\"> <div class=\"inner\"><div class=\"nectar-post-grid-item-bg-wrap\"><div class=\"nectar-post-grid-item-bg-wrap-inner\"><div class=\"nectar-post-grid-item-bg\"><img loading=\"lazy\" decoding=\"async\" width=\"400\" height=\"341\" src=\"https:\/\/mrel.com\/wp-content\/uploads\/2025\/07\/Triaxial_Sensor.jpg\" class=\"attachment-full size-full\" alt=\"\" srcset=\"https:\/\/mrel.com\/wp-content\/uploads\/2025\/07\/Triaxial_Sensor.jpg 400w, https:\/\/mrel.com\/wp-content\/uploads\/2025\/07\/Triaxial_Sensor-300x256.jpg 300w, https:\/\/mrel.com\/wp-content\/uploads\/2025\/07\/Triaxial_Sensor-14x12.jpg 14w, https:\/\/mrel.com\/wp-content\/uploads\/2025\/07\/Triaxial_Sensor-32x27.jpg 32w\" sizes=\"auto, (max-width: 400px) 100vw, 400px\" \/><\/div><\/div><\/div><div class=\"content\"><a class=\"nectar-post-grid-link\" href=\"https:\/\/mrel.com\/es\/productos\/instrumentacion-de-voladuras\/triaxial-accelerometer-500g\/\" ><span class=\"screen-reader-text\">ACELER\u00d3METRO TRIAXIAL (+\/- 500g)<\/span><\/a><div class=\"item-main\"><h3 class=\"post-heading\"><div class=\"nectar-split-heading custom-trigger\" data-align=\"default\" data-m-align=\"inherit\" data-text-effect=\"default\" data-animation-type=\"line-reveal-by-space\" data-animation-delay=\"\" data-animation-offset=\"\" data-m-rm-animation=\"\" data-stagger=\"true\"><p>ACELER\u00d3METRO TRIAXIAL (+\/- 500g)<\/p><\/div><\/h3><\/div><\/div><\/div><\/div><div class=\"nectar-post-grid-item\" data-post-id=\"1786\" data-has-img=\"true\"> <div class=\"inner\"><div class=\"nectar-post-grid-item-bg-wrap\"><div class=\"nectar-post-grid-item-bg-wrap-inner\"><div class=\"nectar-post-grid-item-bg\"><img loading=\"lazy\" decoding=\"async\" width=\"400\" height=\"341\" src=\"https:\/\/mrel.com\/wp-content\/uploads\/2025\/07\/Triaxial_Sensor.jpg\" class=\"attachment-full size-full\" alt=\"\" srcset=\"https:\/\/mrel.com\/wp-content\/uploads\/2025\/07\/Triaxial_Sensor.jpg 400w, https:\/\/mrel.com\/wp-content\/uploads\/2025\/07\/Triaxial_Sensor-300x256.jpg 300w, https:\/\/mrel.com\/wp-content\/uploads\/2025\/07\/Triaxial_Sensor-14x12.jpg 14w, https:\/\/mrel.com\/wp-content\/uploads\/2025\/07\/Triaxial_Sensor-32x27.jpg 32w\" sizes=\"auto, (max-width: 400px) 100vw, 400px\" \/><\/div><\/div><\/div><div class=\"content\"><a class=\"nectar-post-grid-link\" href=\"https:\/\/mrel.com\/es\/productos\/instrumentacion-de-voladuras\/triaxial-accelerometer-50g\/\" ><span class=\"screen-reader-text\">ACELER\u00d3METRO TRIAXIAL (+\/- 50g)<\/span><\/a><div class=\"item-main\"><h3 class=\"post-heading\"><div class=\"nectar-split-heading custom-trigger\" data-align=\"default\" data-m-align=\"inherit\" data-text-effect=\"default\" data-animation-type=\"line-reveal-by-space\" data-animation-delay=\"\" data-animation-offset=\"\" data-m-rm-animation=\"\" data-stagger=\"true\"><p>ACELER\u00d3METRO TRIAXIAL (+\/- 50g)<\/p><\/div><\/h3><\/div><\/div><\/div><\/div><div class=\"nectar-post-grid-item\" data-post-id=\"1287\" data-has-img=\"true\"> <div class=\"inner\"><div class=\"nectar-post-grid-item-bg-wrap\"><div class=\"nectar-post-grid-item-bg-wrap-inner\"><div class=\"nectar-post-grid-item-bg\"><img loading=\"lazy\" decoding=\"async\" width=\"348\" height=\"400\" src=\"https:\/\/mrel.com\/wp-content\/uploads\/2025\/03\/Triaxial_Sensor-1-15-11.jpg\" class=\"attachment-full size-full\" alt=\"\" srcset=\"https:\/\/mrel.com\/wp-content\/uploads\/2025\/03\/Triaxial_Sensor-1-15-11.jpg 348w, https:\/\/mrel.com\/wp-content\/uploads\/2025\/03\/Triaxial_Sensor-1-15-11-261x300.jpg 261w, https:\/\/mrel.com\/wp-content\/uploads\/2025\/03\/Triaxial_Sensor-1-15-11-10x12.jpg 10w, https:\/\/mrel.com\/wp-content\/uploads\/2025\/03\/Triaxial_Sensor-1-15-11-28x32.jpg 28w\" sizes=\"auto, (max-width: 348px) 100vw, 348px\" \/><\/div><\/div><\/div><div class=\"content\"><a class=\"nectar-post-grid-link\" href=\"https:\/\/mrel.com\/es\/productos\/instrumentacion-de-voladuras\/triaxial-accelerometer-5g\/\" ><span class=\"screen-reader-text\">ACELER\u00d3METRO TRIAXIAL (+\/- 5g)<\/span><\/a><div class=\"item-main\"><h3 class=\"post-heading\"><div class=\"nectar-split-heading custom-trigger\" data-align=\"default\" data-m-align=\"inherit\" data-text-effect=\"default\" data-animation-type=\"line-reveal-by-space\" data-animation-delay=\"\" data-animation-offset=\"\" data-m-rm-animation=\"\" data-stagger=\"true\"><p>ACELER\u00d3METRO TRIAXIAL (+\/- 5g)<\/p><\/div><\/h3><\/div><\/div><\/div><\/div><div class=\"nectar-post-grid-item\" data-post-id=\"1798\" data-has-img=\"true\"> <div class=\"inner\"><div class=\"nectar-post-grid-item-bg-wrap\"><div class=\"nectar-post-grid-item-bg-wrap-inner\"><div class=\"nectar-post-grid-item-bg\"><img loading=\"lazy\" decoding=\"async\" width=\"300\" height=\"400\" src=\"https:\/\/mrel.com\/wp-content\/uploads\/2025\/07\/Triaxial_Signal_Conditioner.jpg\" class=\"attachment-full size-full\" alt=\"\" srcset=\"https:\/\/mrel.com\/wp-content\/uploads\/2025\/07\/Triaxial_Signal_Conditioner.jpg 300w, https:\/\/mrel.com\/wp-content\/uploads\/2025\/07\/Triaxial_Signal_Conditioner-225x300.jpg 225w, https:\/\/mrel.com\/wp-content\/uploads\/2025\/07\/Triaxial_Signal_Conditioner-9x12.jpg 9w, https:\/\/mrel.com\/wp-content\/uploads\/2025\/07\/Triaxial_Signal_Conditioner-24x32.jpg 24w\" sizes=\"auto, (max-width: 300px) 100vw, 300px\" \/><\/div><\/div><\/div><div class=\"content\"><a class=\"nectar-post-grid-link\" href=\"https:\/\/mrel.com\/es\/productos\/instrumentacion-de-voladuras\/triaxial_accelerometer_signal_conditioner\/\" ><span class=\"screen-reader-text\">ACONDICIONADOR DE SE\u00d1AL PARA ACELER\u00d3METRO TRIAXIAL<\/span><\/a><div class=\"item-main\"><h3 class=\"post-heading\"><div class=\"nectar-split-heading custom-trigger\" data-align=\"default\" data-m-align=\"inherit\" data-text-effect=\"default\" data-animation-type=\"line-reveal-by-space\" data-animation-delay=\"\" data-animation-offset=\"\" data-m-rm-animation=\"\" data-stagger=\"true\"><p>ACONDICIONADOR DE SE\u00d1AL PARA ACELER\u00d3METRO TRIAXIAL<\/p><\/div><\/h3><\/div><\/div><\/div><\/div><\/div><\/div>\n\t\t\t<\/div> \n\t\t<\/div>\n\t<\/div> \n<\/div><\/div>","protected":false},"excerpt":{"rendered":"","protected":false},"author":5,"featured_media":0,"parent":180,"menu_order":0,"comment_status":"closed","ping_status":"closed","template":"","meta":{"footnotes":""},"class_list":["post-1784","page","type-page","status-publish"],"_links":{"self":[{"href":"https:\/\/mrel.com\/es\/wp-json\/wp\/v2\/pages\/1784","targetHints":{"allow":["GET"]}}],"collection":[{"href":"https:\/\/mrel.com\/es\/wp-json\/wp\/v2\/pages"}],"about":[{"href":"https:\/\/mrel.com\/es\/wp-json\/wp\/v2\/types\/page"}],"author":[{"embeddable":true,"href":"https:\/\/mrel.com\/es\/wp-json\/wp\/v2\/users\/5"}],"replies":[{"embeddable":true,"href":"https:\/\/mrel.com\/es\/wp-json\/wp\/v2\/comments?post=1784"}],"version-history":[{"count":8,"href":"https:\/\/mrel.com\/es\/wp-json\/wp\/v2\/pages\/1784\/revisions"}],"predecessor-version":[{"id":1835,"href":"https:\/\/mrel.com\/es\/wp-json\/wp\/v2\/pages\/1784\/revisions\/1835"}],"up":[{"embeddable":true,"href":"https:\/\/mrel.com\/es\/wp-json\/wp\/v2\/pages\/180"}],"wp:attachment":[{"href":"https:\/\/mrel.com\/es\/wp-json\/wp\/v2\/media?parent=1784"}],"curies":[{"name":"wp","href":"https:\/\/api.w.org\/{rel}","templated":true}]}}