{"id":573,"date":"2024-09-30T18:20:26","date_gmt":"2024-09-30T18:20:26","guid":{"rendered":"https:\/\/mrel.com\/?page_id=573"},"modified":"2025-07-16T22:29:12","modified_gmt":"2025-07-16T22:29:12","slug":"high-speed-video-cameras","status":"publish","type":"page","link":"https:\/\/mrel.com\/de\/sprengmittel\/high-speed-video-cameras\/","title":{"rendered":"Hochgeschwindigkeits-Videokameras"},"content":{"rendered":"<div id=\"fws_69d44b68e31df\"  data-column-margin=\"default\" data-midnight=\"dark\" data-top-percent=\"2%\" data-bottom-percent=\"5%\"  class=\"wpb_row vc_row-fluid vc_row full-width-content vc_row-o-equal-height vc_row-flex vc_row-o-content-middle  zindex-set right_padding_5pct left_padding_5pct top_padding_tablet_20pct top_padding_phone_25pct\"  style=\"padding-top: calc(100vw * 0.02); padding-bottom: calc(100vw * 0.05);  z-index: 100;\"><div class=\"row-bg-wrap\" data-bg-animation=\"fade-in\" data-bg-animation-delay=\"\" data-bg-overlay=\"false\"><div class=\"inner-wrap row-bg-layer\" ><div class=\"row-bg viewport-desktop\"  style=\"\"><\/div><\/div><\/div><div class=\"row_col_wrap_12 col span_12 dark left\">\n\t<div  class=\"vc_col-sm-12 wpb_column column_container vc_column_container col no-extra-padding inherit_tablet inherit_phone\"  data-padding-pos=\"all\" data-has-bg-color=\"false\" data-bg-color=\"\" data-bg-opacity=\"1\" data-animation=\"\" data-delay=\"0\" >\n\t\t<div class=\"vc_column-inner\" >\n\t\t\t<div class=\"wpb_wrapper\">\n\t\t\t\t<div id=\"fws_69d44b68e37ab\" data-midnight=\"\" data-column-margin=\"default\" class=\"wpb_row vc_row-fluid vc_row inner_row vc_row-o-equal-height vc_row-flex vc_row-o-content-bottom\"  style=\"\"><div class=\"row-bg-wrap\"> <div class=\"row-bg\" ><\/div> <\/div><div class=\"row_col_wrap_12_inner col span_12  left\">\n\t<div  class=\"vc_col-sm-10 wpb_column column_container vc_column_container col child_column padding-4-percent bottom_margin_tablet_20px no-extra-padding_tablet inherit_phone\"    data-t-w-inherits=\"small_desktop\" data-padding-pos=\"right\" data-has-bg-color=\"false\" data-bg-color=\"\" data-bg-opacity=\"1\" data-animation=\"\" data-delay=\"0\" >\n\t\t<div class=\"vc_column-inner\" >\n\t\t<div class=\"wpb_wrapper\">\n\t\t\t<div class=\"nectar-split-heading  font_size_50px\" data-align=\"default\" data-m-align=\"inherit\" data-text-effect=\"letter-reveal-bottom\" data-animation-type=\"line-reveal-by-space\" data-animation-delay=\"0\" data-animation-offset=\"\" data-m-rm-animation=\"true\" data-stagger=\"true\" data-custom-font-size=\"true\" style=\"font-size: 50px; line-height: 54px;\"><h2 style=\" color: #cfcfcf;\" class=\"translation-block\">HOCHGESCHWINDIGKEITS-VIDEOKAMERAS<\/h2><\/div>\n<div class=\"wpb_text_column wpb_content_element  wpb_animate_when_almost_visible wpb_left-to-right left-to-right vc_custom_1752086619808\" >\n\t<div class=\"wpb_wrapper\">\n\t\t<h6><strong>Was ist Hochgeschwindigkeitsvideo?<\/strong><\/h6>\n\t<\/div>\n<\/div>\n\n\n\n<div class=\"nectar-split-heading\" data-align=\"default\" data-m-align=\"inherit\" data-text-effect=\"default\" data-animation-type=\"line-reveal-by-space\" data-animation-delay=\"0\" data-animation-offset=\"\" data-m-rm-animation=\"\" data-stagger=\"true\" data-custom-font-size=\"false\" ><p class=\"translation-block\" >Hochgeschwindigkeitsvideo erfasst schnelle Ereignisse, indem Hunderte bis Tausende Bilder pro Sekunde aufgenommen werden. Dadurch kann die Wiedergabe langsamer erfolgen, um eine detaillierte Analyse zu erm\u00f6glichen. Diese Technologie ist entscheidend f\u00fcr Anwendungen, bei denen eine pr\u00e4zise Visualisierung schnell ablaufender Ph\u00e4nomene erforderlich ist, wie Explosionen, mechanische Ausf\u00e4lle oder industrielle Prozesse.<\/p><\/div>\n<div class=\"wpb_text_column wpb_content_element  wpb_animate_when_almost_visible wpb_left-to-right left-to-right vc_custom_1752086630018\" >\n\t<div class=\"wpb_wrapper\">\n\t\t<h6><strong>Warum ist Hochgeschwindigkeitsvideo wichtig?<\/strong><\/h6>\n\t<\/div>\n<\/div>\n\n\n\n<div class=\"nectar-split-heading\" data-align=\"default\" data-m-align=\"inherit\" data-text-effect=\"default\" data-animation-type=\"line-reveal-by-space\" data-animation-delay=\"0\" data-animation-offset=\"\" data-m-rm-animation=\"\" data-stagger=\"true\" data-custom-font-size=\"false\" ><p class=\"translation-block\" >Hochgeschwindigkeitsvideo erm\u00f6glicht die detaillierte Beobachtung und Analyse von Ereignissen, die f\u00fcr das menschliche Auge zu schnell ablaufen. Bei Sprengarbeiten liefert es wichtige Erkenntnisse \u00fcber Zerkleinerung, Bewegung und Energieverteilung und unterst\u00fctzt so die Optimierung von Sprengpl\u00e4nen, die Verbesserung der Sicherheit und die Senkung der Betriebskosten.<\/p><\/div>\n<div class=\"wpb_text_column wpb_content_element  wpb_animate_when_almost_visible wpb_left-to-right left-to-right vc_custom_1752086638607\" >\n\t<div class=\"wpb_wrapper\">\n\t\t<h6><strong>Wie wird Hochgeschwindigkeitsvideo eingesetzt?<\/strong><\/h6>\n\t<\/div>\n<\/div>\n\n\n\n<div class=\"nectar-split-heading\" data-align=\"default\" data-m-align=\"inherit\" data-text-effect=\"default\" data-animation-type=\"line-reveal-by-space\" data-animation-delay=\"0\" data-animation-offset=\"\" data-m-rm-animation=\"\" data-stagger=\"true\" data-custom-font-size=\"false\" ><p class=\"translation-block\" >Die Hochgeschwindigkeitskameras von MREL sind so konzipiert, dass sie zuverl\u00e4ssig hochaufl\u00f6sende Aufnahmen schneller Ereignisse unter extremen Bedingungen erfassen und speichern. Sie sind einfach einzusetzen und bieten die n\u00f6tige Klarheit, um Sprengungen und andere Hochgeschwindigkeitsprozesse zu bewerten und zu verbessern. Unsere Hochgeschwindigkeitskameras, ausgestattet mit der ProAnalyst\u00ae Bewegungsanalyse-Software, erm\u00f6glichen es Sprengfachleuten, Verz\u00f6gerungszeiten in Sprengl\u00f6chern und Wandgeschwindigkeiten zu beurteilen. F\u00fcr zus\u00e4tzliche Sicherheit erlaubt das Blaster's PWT\u2122 Portable Wireless Trigger System die Fernsteuerung der Kamera.<\/p><\/div>\n\t\t<\/div> \n\t<\/div>\n\t<\/div> \n\n\t<div  class=\"vc_col-sm-2 wpb_column column_container vc_column_container col child_column has-animation no-extra-padding el_spacing_10px inherit_tablet inherit_phone mobile-disable-entrance-animation\"    data-t-w-inherits=\"small_desktop\" data-padding-pos=\"all\" data-has-bg-color=\"false\" data-bg-color=\"\" data-bg-opacity=\"1\" data-animation=\"fade-in-from-bottom\" data-delay=\"500\" >\n\t\t<div class=\"vc_column-inner\" >\n\t\t<div class=\"wpb_wrapper\">\n\t\t\t\n\t\t<\/div> \n\t<\/div>\n\t<\/div> \n<\/div><\/div>\n\t\t\t<\/div> \n\t\t<\/div>\n\t<\/div> \n<\/div><\/div>\n\t\t<div id=\"fws_69d44b68e44a3\"  data-column-margin=\"default\" data-midnight=\"dark\"  class=\"wpb_row vc_row-fluid vc_row full-width-content vc_row-o-equal-height vc_row-flex vc_row-o-content-top  right_padding_5pct left_padding_5pct\"  style=\"padding-top: 0px; padding-bottom: 0px; \"><div class=\"row-bg-wrap\" data-bg-animation=\"none\" data-bg-animation-delay=\"\" data-bg-overlay=\"false\"><div class=\"inner-wrap row-bg-layer\" ><div class=\"row-bg viewport-desktop\"  style=\"\"><\/div><\/div><\/div><div class=\"row_col_wrap_12 col span_12 dark left\">\n\t<div  class=\"vc_col-sm-12 wpb_column column_container vc_column_container col no-extra-padding inherit_tablet inherit_phone\"  data-padding-pos=\"all\" data-has-bg-color=\"false\" data-bg-color=\"\" data-bg-opacity=\"1\" data-animation=\"\" data-delay=\"0\" >\n\t\t<div class=\"vc_column-inner\" >\n\t\t\t<div class=\"wpb_wrapper\">\n\t\t\t\t<div class=\"divider-wrap\" style=\"opacity: 0.4;\" data-alignment=\"default\"><div style=\"margin-top: 12.5px; height: 1px; margin-bottom: 12.5px;\" data-width=\"100%\" data-animate=\"yes\" data-animation-delay=\"\" data-color=\"extra-color-3\" class=\"divider-border\"><\/div><\/div>\n\t\t\t<\/div> \n\t\t<\/div>\n\t<\/div> \n<\/div><\/div>\n\t\t<div id=\"fws_69d44b68e48f1\"  data-column-margin=\"default\" data-midnight=\"dark\"  class=\"wpb_row vc_row-fluid vc_row full-width-content vc_row-o-equal-height vc_row-flex vc_row-o-content-middle  right_padding_5pct left_padding_5pct\"  style=\"padding-top: 0px; padding-bottom: 20px; \"><div class=\"row-bg-wrap\" data-bg-animation=\"none\" data-bg-animation-delay=\"\" data-bg-overlay=\"false\"><div class=\"inner-wrap row-bg-layer\" ><div class=\"row-bg viewport-desktop\"  style=\"\"><\/div><\/div><\/div><div class=\"row_col_wrap_12 col span_12 dark left\">\n\t<div  class=\"vc_col-sm-8 wpb_column column_container vc_column_container col no-extra-padding inherit_tablet inherit_phone\"  data-padding-pos=\"all\" data-has-bg-color=\"false\" data-bg-color=\"\" data-bg-opacity=\"1\" data-animation=\"\" data-delay=\"0\" >\n\t\t<div class=\"vc_column-inner\" ><a class=\"column-link\" target=\"_self\" href=\"\/de\/produkte\/sprengmittel\/blasters-ranger-ii-high-speed-camera\/\"><\/a>\n\t\t\t<div class=\"wpb_wrapper\">\n\t\t\t\t<div class=\"img-with-aniamtion-wrap\" data-max-width=\"100%\" data-max-width-mobile=\"default\" data-shadow=\"none\" data-animation=\"none\" >\n      <div class=\"inner\">\n        <div class=\"hover-wrap\"> \n          <div class=\"hover-wrap-inner\">\n            <img loading=\"lazy\" decoding=\"async\" class=\"img-with-animation skip-lazy\" data-delay=\"0\" height=\"83\" width=\"450\" data-animation=\"none\" src=\"https:\/\/mrel.com\/wp-content\/uploads\/2025\/04\/MREL_PRODUCTS_ICON-03.webp\" alt=\"\" srcset=\"https:\/\/mrel.com\/wp-content\/uploads\/2025\/04\/MREL_PRODUCTS_ICON-03.webp 450w, https:\/\/mrel.com\/wp-content\/uploads\/2025\/04\/MREL_PRODUCTS_ICON-03-300x55.webp 300w, https:\/\/mrel.com\/wp-content\/uploads\/2025\/04\/MREL_PRODUCTS_ICON-03-18x3.webp 18w, https:\/\/mrel.com\/wp-content\/uploads\/2025\/04\/MREL_PRODUCTS_ICON-03-32x6.webp 32w\" sizes=\"auto, (max-width: 450px) 100vw, 450px\" \/>\n          <\/div>\n        <\/div>\n      <\/div>\n    <\/div>\n\t\t\t<\/div> \n\t\t<\/div>\n\t<\/div> \n\n\t<div  class=\"vc_col-sm-4 wpb_column column_container vc_column_container col no-extra-padding inherit_tablet inherit_phone\"  data-padding-pos=\"all\" data-has-bg-color=\"false\" data-bg-color=\"\" data-bg-opacity=\"1\" data-animation=\"\" data-delay=\"0\" >\n\t\t<div class=\"vc_column-inner\" ><a class=\"column-link\" target=\"_self\" href=\"\/de\/produkte\/sprengmittel\/blasters-ranger-ii-high-speed-camera\/\"><\/a>\n\t\t\t<div class=\"wpb_wrapper\">\n\t\t\t\t<div class=\"img-with-aniamtion-wrap center custom-width-220px\" data-max-width=\"custom\" data-max-width-mobile=\"default\" data-shadow=\"none\" data-animation=\"none\" >\n      <div class=\"inner\">\n        <div class=\"hover-wrap\"> \n          <div class=\"hover-wrap-inner\">\n            <img loading=\"lazy\" decoding=\"async\" class=\"img-with-animation skip-lazy\" data-delay=\"0\" height=\"1080\" width=\"1440\" data-animation=\"none\" src=\"https:\/\/mrel.com\/wp-content\/uploads\/2025\/03\/BLASTER-RANGER_3.webp\" alt=\"\" srcset=\"https:\/\/mrel.com\/wp-content\/uploads\/2025\/03\/BLASTER-RANGER_3.webp 1440w, https:\/\/mrel.com\/wp-content\/uploads\/2025\/03\/BLASTER-RANGER_3-300x225.webp 300w, https:\/\/mrel.com\/wp-content\/uploads\/2025\/03\/BLASTER-RANGER_3-1024x768.webp 1024w, https:\/\/mrel.com\/wp-content\/uploads\/2025\/03\/BLASTER-RANGER_3-768x576.webp 768w, https:\/\/mrel.com\/wp-content\/uploads\/2025\/03\/BLASTER-RANGER_3-16x12.webp 16w, https:\/\/mrel.com\/wp-content\/uploads\/2025\/03\/BLASTER-RANGER_3-32x24.webp 32w\" sizes=\"auto, (max-width: 1440px) 100vw, 1440px\" \/>\n          <\/div>\n        <\/div>\n      <\/div>\n    <\/div>\n\t\t\t<\/div> \n\t\t<\/div>\n\t<\/div> \n<\/div><\/div>\n\t\t<div id=\"fws_69d44b68e5795\"  data-column-margin=\"default\" data-midnight=\"dark\"  class=\"wpb_row vc_row-fluid vc_row full-width-content vc_row-o-equal-height vc_row-flex vc_row-o-content-top  right_padding_5pct left_padding_5pct\"  style=\"padding-top: 0px; padding-bottom: 0px; \"><div class=\"row-bg-wrap\" data-bg-animation=\"none\" data-bg-animation-delay=\"\" data-bg-overlay=\"false\"><div class=\"inner-wrap row-bg-layer\" ><div class=\"row-bg viewport-desktop\"  style=\"\"><\/div><\/div><\/div><div class=\"row_col_wrap_12 col span_12 dark left\">\n\t<div  class=\"vc_col-sm-12 wpb_column column_container vc_column_container col no-extra-padding inherit_tablet inherit_phone\"  data-padding-pos=\"all\" data-has-bg-color=\"false\" data-bg-color=\"\" data-bg-opacity=\"1\" data-animation=\"\" data-delay=\"0\" >\n\t\t<div class=\"vc_column-inner\" >\n\t\t\t<div class=\"wpb_wrapper\">\n\t\t\t\t<div class=\"divider-wrap\" style=\"opacity: 0.4;\" data-alignment=\"default\"><div style=\"margin-top: 12.5px; height: 1px; margin-bottom: 12.5px;\" data-width=\"100%\" data-animate=\"yes\" data-animation-delay=\"\" data-color=\"extra-color-3\" class=\"divider-border\"><\/div><\/div>\n\t\t\t<\/div> \n\t\t<\/div>\n\t<\/div> \n<\/div><\/div>\n\t\t<div id=\"fws_69d44b68e5a85\"  data-column-margin=\"default\" data-midnight=\"dark\"  class=\"wpb_row vc_row-fluid vc_row full-width-content vc_row-o-equal-height vc_row-flex vc_row-o-content-middle  right_padding_5pct left_padding_5pct\"  style=\"padding-top: 0px; padding-bottom: 20px; \"><div class=\"row-bg-wrap\" data-bg-animation=\"none\" data-bg-animation-delay=\"\" data-bg-overlay=\"false\"><div class=\"inner-wrap row-bg-layer\" ><div class=\"row-bg viewport-desktop\"  style=\"\"><\/div><\/div><\/div><div class=\"row_col_wrap_12 col span_12 dark left\">\n\t<div  class=\"vc_col-sm-8 wpb_column column_container vc_column_container col no-extra-padding inherit_tablet inherit_phone\"  data-padding-pos=\"all\" data-has-bg-color=\"false\" data-bg-color=\"\" data-bg-opacity=\"1\" data-animation=\"\" data-delay=\"0\" >\n\t\t<div class=\"vc_column-inner\" ><a class=\"column-link\" target=\"_self\" href=\"\/de\/produkte\/sprengmittel\/pwt-portable-wireless-trigger\/\"><\/a>\n\t\t\t<div class=\"wpb_wrapper\">\n\t\t\t\t<div class=\"img-with-aniamtion-wrap  custom-width-440px\" data-max-width=\"custom\" data-max-width-mobile=\"default\" data-shadow=\"none\" data-animation=\"none\" >\n      <div class=\"inner\">\n        <div class=\"hover-wrap\"> \n          <div class=\"hover-wrap-inner\">\n            <img loading=\"lazy\" decoding=\"async\" class=\"img-with-animation skip-lazy\" data-delay=\"0\" height=\"104\" width=\"567\" data-animation=\"none\" src=\"https:\/\/mrel.com\/wp-content\/uploads\/2024\/11\/MREL_PRODUCTS_ICON-06.png\" alt=\"\" srcset=\"https:\/\/mrel.com\/wp-content\/uploads\/2024\/11\/MREL_PRODUCTS_ICON-06.png 567w, https:\/\/mrel.com\/wp-content\/uploads\/2024\/11\/MREL_PRODUCTS_ICON-06-300x55.png 300w\" sizes=\"auto, (max-width: 567px) 100vw, 567px\" \/>\n          <\/div>\n        <\/div>\n      <\/div>\n    <\/div>\n\t\t\t<\/div> \n\t\t<\/div>\n\t<\/div> \n\n\t<div  class=\"vc_col-sm-4 wpb_column column_container vc_column_container col no-extra-padding inherit_tablet inherit_phone\"  data-padding-pos=\"all\" data-has-bg-color=\"false\" data-bg-color=\"\" data-bg-opacity=\"1\" data-animation=\"\" data-delay=\"0\" >\n\t\t<div class=\"vc_column-inner\" ><a class=\"column-link\" target=\"_self\" href=\"\/de\/produkte\/sprengmittel\/pwt-portable-wireless-trigger\/\"><\/a>\n\t\t\t<div class=\"wpb_wrapper\">\n\t\t\t\t<div class=\"img-with-aniamtion-wrap center custom-width-220px\" data-max-width=\"custom\" data-max-width-mobile=\"default\" data-shadow=\"none\" data-animation=\"none\" >\n      <div class=\"inner\">\n        <div class=\"hover-wrap\"> \n          <div class=\"hover-wrap-inner\">\n            <img loading=\"lazy\" decoding=\"async\" class=\"img-with-animation skip-lazy\" data-delay=\"0\" height=\"600\" width=\"700\" data-animation=\"none\" src=\"https:\/\/mrel.com\/wp-content\/uploads\/2024\/08\/PWT.webp\" alt=\"\" srcset=\"https:\/\/mrel.com\/wp-content\/uploads\/2024\/08\/PWT.webp 700w, https:\/\/mrel.com\/wp-content\/uploads\/2024\/08\/PWT-300x257.webp 300w\" sizes=\"auto, (max-width: 700px) 100vw, 700px\" \/>\n          <\/div>\n        <\/div>\n      <\/div>\n    <\/div>\n\t\t\t<\/div> \n\t\t<\/div>\n\t<\/div> \n<\/div><\/div>\n\t\t<div id=\"fws_69d44b68e6613\"  data-column-margin=\"default\" data-midnight=\"dark\"  class=\"wpb_row vc_row-fluid vc_row full-width-content vc_row-o-equal-height vc_row-flex vc_row-o-content-top  right_padding_5pct left_padding_5pct\"  style=\"padding-top: 0px; padding-bottom: 0px; \"><div class=\"row-bg-wrap\" data-bg-animation=\"none\" data-bg-animation-delay=\"\" data-bg-overlay=\"false\"><div class=\"inner-wrap row-bg-layer\" ><div class=\"row-bg viewport-desktop\"  style=\"\"><\/div><\/div><\/div><div class=\"row_col_wrap_12 col span_12 dark left\">\n\t<div  class=\"vc_col-sm-12 wpb_column column_container vc_column_container col no-extra-padding inherit_tablet inherit_phone\"  data-padding-pos=\"all\" data-has-bg-color=\"false\" data-bg-color=\"\" data-bg-opacity=\"1\" data-animation=\"\" data-delay=\"0\" >\n\t\t<div class=\"vc_column-inner\" >\n\t\t\t<div class=\"wpb_wrapper\">\n\t\t\t\t<div class=\"divider-wrap\" style=\"opacity: 0.4;\" data-alignment=\"default\"><div style=\"margin-top: 12.5px; height: 1px; margin-bottom: 12.5px;\" data-width=\"100%\" data-animate=\"yes\" data-animation-delay=\"\" data-color=\"extra-color-3\" class=\"divider-border\"><\/div><\/div>\n\t\t\t<\/div> \n\t\t<\/div>\n\t<\/div> \n<\/div><\/div>\n\t\t<div id=\"fws_69d44b68e68d8\"  data-column-margin=\"default\" data-midnight=\"dark\"  class=\"wpb_row vc_row-fluid vc_row full-width-content vc_row-o-equal-height vc_row-flex vc_row-o-content-middle  right_padding_5pct left_padding_5pct\"  style=\"padding-top: 0px; padding-bottom: 20px; \"><div class=\"row-bg-wrap\" data-bg-animation=\"none\" data-bg-animation-delay=\"\" data-bg-overlay=\"false\"><div class=\"inner-wrap row-bg-layer\" ><div class=\"row-bg viewport-desktop\"  style=\"\"><\/div><\/div><\/div><div class=\"row_col_wrap_12 col span_12 dark left\">\n\t<div  class=\"vc_col-sm-8 wpb_column column_container vc_column_container col no-extra-padding inherit_tablet inherit_phone\"  data-padding-pos=\"all\" data-has-bg-color=\"false\" data-bg-color=\"\" data-bg-opacity=\"1\" data-animation=\"\" data-delay=\"0\" >\n\t\t<div class=\"vc_column-inner\" ><a class=\"column-link\" target=\"_self\" href=\"\/de\/produkte\/sprengmittel\/proanalyst-2023-software-blasters-custom-toolbox-1-usb-license\/\"><\/a>\n\t\t\t<div class=\"wpb_wrapper\">\n\t\t\t\t<div class=\"img-with-aniamtion-wrap  custom-width-345px\" data-max-width=\"custom\" data-max-width-mobile=\"default\" data-shadow=\"none\" data-animation=\"none\" >\n      <div class=\"inner\">\n        <div class=\"hover-wrap\"> \n          <div class=\"hover-wrap-inner\">\n            <img loading=\"lazy\" decoding=\"async\" class=\"img-with-animation skip-lazy\" data-delay=\"0\" height=\"107\" width=\"442\" data-animation=\"none\" src=\"https:\/\/mrel.com\/wp-content\/uploads\/2024\/11\/MREL_PRODUCTS_ICON-05.png\" alt=\"\" srcset=\"https:\/\/mrel.com\/wp-content\/uploads\/2024\/11\/MREL_PRODUCTS_ICON-05.png 442w, https:\/\/mrel.com\/wp-content\/uploads\/2024\/11\/MREL_PRODUCTS_ICON-05-300x73.png 300w\" sizes=\"auto, (max-width: 442px) 100vw, 442px\" \/>\n          <\/div>\n        <\/div>\n      <\/div>\n    <\/div>\n\t\t\t<\/div> \n\t\t<\/div>\n\t<\/div> \n\n\t<div  class=\"vc_col-sm-4 wpb_column column_container vc_column_container col no-extra-padding inherit_tablet inherit_phone\"  data-padding-pos=\"all\" data-has-bg-color=\"false\" data-bg-color=\"\" data-bg-opacity=\"1\" data-animation=\"\" data-delay=\"0\" >\n\t\t<div class=\"vc_column-inner\" ><a class=\"column-link\" target=\"_self\" href=\"\/de\/produkte\/sprengmittel\/proanalyst-2023-software-blasters-custom-toolbox-1-usb-license\/\"><\/a>\n\t\t\t<div class=\"wpb_wrapper\">\n\t\t\t\t<div class=\"img-with-aniamtion-wrap center custom-width-220px\" data-max-width=\"custom\" data-max-width-mobile=\"default\" data-shadow=\"none\" data-animation=\"none\" >\n      <div class=\"inner\">\n        <div class=\"hover-wrap\"> \n          <div class=\"hover-wrap-inner\">\n            <img loading=\"lazy\" decoding=\"async\" class=\"img-with-animation skip-lazy\" data-delay=\"0\" height=\"830\" width=\"866\" data-animation=\"none\" src=\"https:\/\/mrel.com\/wp-content\/uploads\/2024\/09\/proanalyst1.webp\" alt=\"\" srcset=\"https:\/\/mrel.com\/wp-content\/uploads\/2024\/09\/proanalyst1.webp 866w, https:\/\/mrel.com\/wp-content\/uploads\/2024\/09\/proanalyst1-300x288.webp 300w, https:\/\/mrel.com\/wp-content\/uploads\/2024\/09\/proanalyst1-768x736.webp 768w\" sizes=\"auto, (max-width: 866px) 100vw, 866px\" \/>\n          <\/div>\n        <\/div>\n      <\/div>\n    <\/div>\n\t\t\t<\/div> \n\t\t<\/div>\n\t<\/div> \n<\/div><\/div>\n\t\t<div id=\"fws_69d44b68e741e\"  data-column-margin=\"default\" data-midnight=\"dark\"  class=\"wpb_row vc_row-fluid vc_row full-width-content vc_row-o-equal-height vc_row-flex vc_row-o-content-top  right_padding_5pct left_padding_5pct\"  style=\"padding-top: 0px; padding-bottom: 0px; \"><div class=\"row-bg-wrap\" data-bg-animation=\"none\" data-bg-animation-delay=\"\" data-bg-overlay=\"false\"><div class=\"inner-wrap row-bg-layer\" ><div class=\"row-bg viewport-desktop\"  style=\"\"><\/div><\/div><\/div><div class=\"row_col_wrap_12 col span_12 dark left\">\n\t<div  class=\"vc_col-sm-12 wpb_column column_container vc_column_container col no-extra-padding inherit_tablet inherit_phone\"  data-padding-pos=\"all\" data-has-bg-color=\"false\" data-bg-color=\"\" data-bg-opacity=\"1\" data-animation=\"\" data-delay=\"0\" >\n\t\t<div class=\"vc_column-inner\" >\n\t\t\t<div class=\"wpb_wrapper\">\n\t\t\t\t<div class=\"divider-wrap\" style=\"opacity: 0.4;\" data-alignment=\"default\"><div style=\"margin-top: 12.5px; height: 1px; margin-bottom: 12.5px;\" data-width=\"100%\" data-animate=\"yes\" data-animation-delay=\"\" data-color=\"extra-color-3\" class=\"divider-border\"><\/div><\/div>\n\t\t\t<\/div> \n\t\t<\/div>\n\t<\/div> \n<\/div><\/div>\n\t\t<div id=\"fws_69d44b68e76e2\"  data-column-margin=\"default\" data-midnight=\"dark\"  class=\"wpb_row vc_row-fluid vc_row  right_padding_tablet_2pct right_padding_phone_2pct left_padding_tablet_2pct left_padding_phone_2pct\"  style=\"padding-top: 50px; padding-bottom: 50px; \"><div class=\"row-bg-wrap\" data-bg-animation=\"none\" data-bg-animation-delay=\"\" data-bg-overlay=\"false\"><div class=\"inner-wrap row-bg-layer\" ><div class=\"row-bg viewport-desktop\"  style=\"\"><\/div><\/div><\/div><div class=\"row_col_wrap_12 col span_12 dark left\">\n\t<div  class=\"vc_col-sm-12 wpb_column column_container vc_column_container col no-extra-padding inherit_tablet inherit_phone\"  data-padding-pos=\"all\" data-has-bg-color=\"false\" data-bg-color=\"\" data-bg-opacity=\"1\" data-animation=\"\" data-delay=\"0\" >\n\t\t<div class=\"vc_column-inner\" >\n\t\t\t<div class=\"wpb_wrapper\">\n\t\t\t\t<div id=\"fws_69d44b68e7928\" data-midnight=\"\" data-column-margin=\"default\" class=\"wpb_row vc_row-fluid vc_row inner_row  right_padding_8pct left_padding_8pct\"  style=\" z-index: 1;\"><div class=\"row-bg-wrap\"> <div class=\"row-bg\" ><\/div> <\/div><div class=\"row_col_wrap_12_inner col span_12  left\">\n\t<div  class=\"vc_col-sm-12 wpb_column column_container vc_column_container col child_column has-animation padding-3-percent no-extra-padding_tablet no-extra-padding_phone nectar-mask-reveal nectar-mask-reveal-top-dir nectar-mask-reveal-circle-shape\"   data-padding-pos=\"all\" data-has-bg-color=\"false\" data-bg-color=\"\" data-bg-opacity=\"1\" data-animation=\"mask-reveal\" data-delay=\"300\" >\n\t\t<div class=\"vc_column-inner\" >\n\t\t<div class=\"wpb_wrapper\">\n\t\t\t<div class=\"nectar_video_player_self_hosted wpb_video_widget wpb_content_element vc_clearfix vc_video-aspect-ratio-169 vc_video-el-width-100 vc_video-align-left rm-on-mobile tablet-aspect-169\" data-border-radius=\"15px\" data-shadow=\"medium_depth\">\n<div class=\"wpb_wrapper\"><div class=\"wpb_video_wrapper\" style=\"background-image: url(https:\/\/mrel.com\/wp-content\/uploads\/2024\/12\/video-capture-5.00seg-6847.webp);\"><div class=\"nectar_video_player_self_hosted__overlay\" style=\"background:linear-gradient(180deg, rgba(244,236,226,0.22) 5%, rgba(255,255,255,0) 85%);\"><\/div><a href=\"\/wp-content\/uploads\/2024\/12\/LOOP2-1.webm\" data-play_button_color=\"#ffffff\" data-play_button_icon_color=\"#000000\" class=\"nectar_video_lightbox_trigger pp play_button follow_mouse\"><span class=\"screen-reader-text\">Play Video<\/span><span class=\"play\"><svg class=\"inner\" version=\"1.1\"\n    xmlns=\"http:\/\/www.w3.org\/2000\/svg\" xmlns:xlink=\"http:\/\/www.w3.org\/1999\/xlink\" width=\"600px\" height=\"800px\" x=\"0px\" y=\"0px\" viewbox=\"0 0 600 800\" enable-background=\"new 0 0 600 800\" xml:space=\"preserve\"><path fill=\"none\" d=\"M0-1.79v800L600,395L0-1.79z\"><\/path><\/svg><\/span><\/a><video width=\"1280\" height=\"720\" class=\"nectar-video-self-hosted\" preload=\"metadata\" loop autoplay muted playsinline poster=\"https:\/\/mrel.com\/wp-content\/uploads\/2024\/12\/video-capture-5.00seg-6847.webp\"><\/video><\/div><\/div><\/div>\n\t\t<\/div> \n\t<\/div>\n\t<\/div> \n<\/div><\/div>\n\t\t\t<\/div> \n\t\t<\/div>\n\t<\/div> \n<\/div><\/div>","protected":false},"excerpt":{"rendered":"HIGH SPEED VIDEO CAMERAS What is High Speed Video? High speed video captures rapid events by recording hundreds to thousands of frames per second, allowing playback at slower speeds for detailed analysis. This technology is essential in applications...","protected":false},"author":1,"featured_media":0,"parent":180,"menu_order":0,"comment_status":"closed","ping_status":"closed","template":"","meta":{"footnotes":""},"class_list":["post-573","page","type-page","status-publish"],"_links":{"self":[{"href":"https:\/\/mrel.com\/de\/wp-json\/wp\/v2\/pages\/573","targetHints":{"allow":["GET"]}}],"collection":[{"href":"https:\/\/mrel.com\/de\/wp-json\/wp\/v2\/pages"}],"about":[{"href":"https:\/\/mrel.com\/de\/wp-json\/wp\/v2\/types\/page"}],"author":[{"embeddable":true,"href":"https:\/\/mrel.com\/de\/wp-json\/wp\/v2\/users\/1"}],"replies":[{"embeddable":true,"href":"https:\/\/mrel.com\/de\/wp-json\/wp\/v2\/comments?post=573"}],"version-history":[{"count":26,"href":"https:\/\/mrel.com\/de\/wp-json\/wp\/v2\/pages\/573\/revisions"}],"predecessor-version":[{"id":1832,"href":"https:\/\/mrel.com\/de\/wp-json\/wp\/v2\/pages\/573\/revisions\/1832"}],"up":[{"embeddable":true,"href":"https:\/\/mrel.com\/de\/wp-json\/wp\/v2\/pages\/180"}],"wp:attachment":[{"href":"https:\/\/mrel.com\/de\/wp-json\/wp\/v2\/media?parent=573"}],"curies":[{"name":"wp","href":"https:\/\/api.w.org\/{rel}","templated":true}]}}