{"id":1784,"date":"2025-07-11T13:12:23","date_gmt":"2025-07-11T13:12:23","guid":{"rendered":"https:\/\/mrel.com\/?page_id=1784"},"modified":"2025-07-16T22:24:49","modified_gmt":"2025-07-16T22:24:49","slug":"vibration-accessories","status":"publish","type":"page","link":"https:\/\/mrel.com\/de\/sprengmittel\/vibration-accessories\/","title":{"rendered":"Vibrationszubeh\u00f6r"},"content":{"rendered":"<div id=\"fws_69d44b7da6d57\"  data-column-margin=\"default\" data-midnight=\"dark\" data-top-percent=\"2%\" data-bottom-percent=\"3%\"  class=\"wpb_row vc_row-fluid vc_row full-width-content vc_row-o-equal-height vc_row-flex vc_row-o-content-middle  zindex-set right_padding_5pct left_padding_5pct top_padding_tablet_20pct top_padding_phone_25pct\"  style=\"padding-top: calc(100vw * 0.02); padding-bottom: calc(100vw * 0.03);  z-index: 100;\"><div class=\"row-bg-wrap\" data-bg-animation=\"fade-in\" data-bg-animation-delay=\"\" data-bg-overlay=\"false\"><div class=\"inner-wrap row-bg-layer\" ><div class=\"row-bg viewport-desktop\"  style=\"\"><\/div><\/div><\/div><div class=\"row_col_wrap_12 col span_12 dark left\">\n\t<div  class=\"vc_col-sm-12 wpb_column column_container vc_column_container col no-extra-padding inherit_tablet inherit_phone\"  data-padding-pos=\"all\" data-has-bg-color=\"false\" data-bg-color=\"\" data-bg-opacity=\"1\" data-animation=\"\" data-delay=\"0\" >\n\t\t<div class=\"vc_column-inner\" >\n\t\t\t<div class=\"wpb_wrapper\">\n\t\t\t\t<div id=\"fws_69d44b7da74f2\" data-midnight=\"\" data-column-margin=\"default\" class=\"wpb_row vc_row-fluid vc_row inner_row vc_row-o-equal-height vc_row-flex vc_row-o-content-bottom\"  style=\"\"><div class=\"row-bg-wrap\"> <div class=\"row-bg\" ><\/div> <\/div><div class=\"row_col_wrap_12_inner col span_12  left\">\n\t<div  class=\"vc_col-sm-12 wpb_column column_container vc_column_container col child_column padding-4-percent bottom_margin_tablet_20px no-extra-padding_tablet inherit_phone\"    data-t-w-inherits=\"small_desktop\" data-padding-pos=\"right\" data-has-bg-color=\"false\" data-bg-color=\"\" data-bg-opacity=\"1\" data-animation=\"\" data-delay=\"0\" >\n\t\t<div class=\"vc_column-inner\" >\n\t\t<div class=\"wpb_wrapper\">\n\t\t\t<div class=\"nectar-split-heading  font_size_50px\" data-align=\"default\" data-m-align=\"inherit\" data-text-effect=\"letter-reveal-bottom\" data-animation-type=\"line-reveal-by-space\" data-animation-delay=\"0\" data-animation-offset=\"\" data-m-rm-animation=\"true\" data-stagger=\"true\" data-custom-font-size=\"true\" style=\"font-size: 50px; line-height: 54px;\"><h2 style=\" color: #cfcfcf;\" class=\"translation-block\">VIBRATIONZUBEH\u00d6R<\/h2><\/div>\n<div class=\"wpb_text_column wpb_content_element  wpb_animate_when_almost_visible wpb_bottom-to-top bottom-to-top\" >\n\t<div class=\"wpb_wrapper\">\n\t\t<p>MREL bietet eine spezialisierte Auswahl an Zubeh\u00f6r f\u00fcr Vibrationsmessungen, das entwickelt wurde, um die Boden- und Strukturantwort im Nahfeld w\u00e4hrend Sprengarbeiten zu erfassen. Diese pr\u00e4zisen Werkzeuge unterst\u00fctzen die Sprengungsanalyse und Sicherheitsbewertungen in der Oberfl\u00e4chen- und Untertagebergbaubranche, im Bauwesen und in Forschungsanwendungen.<\/p>\n<p class=\"translation-block\">Unser Vibrationszubeh\u00f6r umfasst leistungsstarke triaxiale Beschleunigungssensoren, Montagebasen und Signalaufbereiter, die alle darauf ausgelegt sind, nahtlos mit den DataTrap II\u2122 und MicroTrap\u2122 Datenrekordern von MREL zusammenzuarbeiten. Diese Zubeh\u00f6rteile gew\u00e4hrleisten eine hochwertige Datenerfassung, selbst unter rauen und hochbelasteten Feldbedingungen.<\/p>\n\t<\/div>\n<\/div>\n\n\n\n\n\t\t<\/div> \n\t<\/div>\n\t<\/div> \n<\/div><\/div>\n<div class=\"wpb_text_column wpb_content_element  wpb_animate_when_almost_visible wpb_left-to-right left-to-right vc_custom_1733899260155\" >\n\t<div class=\"wpb_wrapper\">\n\t\t<h6>Hauptmerkmale:<\/h6>\n\t<\/div>\n<\/div>\n\n\n\n<div class=\"nectar-fancy-ul\" data-list-icon=\"icon-salient-thin-line\" data-animation=\"true\" data-animation-delay=\"0\" data-color=\"accent-color\" data-spacing=\"default\" data-alignment=\"left\"> \n<ul>\n<li>Hochfrequenzantwort und geringes Rauschen f\u00fcr genaue Nahfeld-Vibrationsmessungen<\/li>\n<li>Erh\u00e4ltlich in triaxialen Konfigurationen<\/li>\n<li>Robuste, feldgetestete Bauweise f\u00fcr zuverl\u00e4ssige Leistung<\/li>\n<li>Kompatibel mit MREL Signalaufbereitungssystemen und Datenrekordern<\/li>\n<li>Optionen f\u00fcr permanente oder tempor\u00e4re Montage je nach Anwendung<\/li>\n<\/ul>\n <\/div>\n\t\t\t<\/div> \n\t\t<\/div>\n\t<\/div> \n<\/div><\/div>\n\t\t<div id=\"fws_69d44b7da8026\"  data-column-margin=\"default\" data-midnight=\"dark\"  class=\"wpb_row vc_row-fluid vc_row full-width-content vc_row-o-equal-height vc_row-flex vc_row-o-content-top  right_padding_5pct left_padding_5pct\"  style=\"padding-top: 80px; padding-bottom: 0px; \"><div class=\"row-bg-wrap\" data-bg-animation=\"none\" data-bg-animation-delay=\"\" data-bg-overlay=\"false\"><div class=\"inner-wrap row-bg-layer\" ><div class=\"row-bg viewport-desktop using-bg-color\"  style=\"background-color: #f7f7f7; \"><\/div><\/div><\/div><div class=\"row_col_wrap_12 col span_12 dark left\">\n\t<div  class=\"vc_col-sm-12 wpb_column column_container vc_column_container col no-extra-padding inherit_tablet inherit_phone\"  data-padding-pos=\"all\" data-has-bg-color=\"false\" data-bg-color=\"\" data-bg-opacity=\"1\" data-animation=\"\" data-delay=\"0\" >\n\t\t<div class=\"vc_column-inner\" >\n\t\t\t<div class=\"wpb_wrapper\">\n\t\t\t\t\n<div class=\"wpb_text_column wpb_content_element  wpb_animate_when_almost_visible wpb_left-to-right left-to-right vc_custom_1733898298675\" >\n\t<div class=\"wpb_wrapper\">\n\t\t<h6>Anwendungen:<\/h6>\n\t<\/div>\n<\/div>\n\n\n\n\n\t\t\t<\/div> \n\t\t<\/div>\n\t<\/div> \n<\/div><\/div>\n\t\t<div id=\"fws_69d44b7da84af\"  data-column-margin=\"default\" data-midnight=\"dark\"  class=\"wpb_row vc_row-fluid vc_row full-width-content vc_row-o-equal-height vc_row-flex vc_row-o-content-top  right_padding_5pct left_padding_5pct\"  style=\"padding-top: 30px; padding-bottom: 80px; \"><div class=\"row-bg-wrap\" data-bg-animation=\"none\" data-bg-animation-delay=\"\" data-bg-overlay=\"false\"><div class=\"inner-wrap row-bg-layer\" ><div class=\"row-bg viewport-desktop using-bg-color\"  style=\"background-color: #f7f7f7; \"><\/div><\/div><\/div><div class=\"row_col_wrap_12 col span_12 dark left\">\n\t<div  class=\"vc_col-sm-6 wpb_column column_container vc_column_container col no-extra-padding inherit_tablet inherit_phone\"  data-padding-pos=\"all\" data-has-bg-color=\"false\" data-bg-color=\"\" data-bg-opacity=\"1\" data-animation=\"\" data-delay=\"0\" >\n\t\t<div class=\"vc_column-inner\" >\n\t\t\t<div class=\"wpb_wrapper\">\n\t\t\t\t<div class=\"nectar-fancy-ul\" data-list-icon=\"icon-salient-thin-line\" data-animation=\"true\" data-animation-delay=\"0\" data-color=\"accent-color\" data-spacing=\"default\" data-alignment=\"left\"> <strong>\u00dcberwachung von sprengbedingten Bodenersch\u00fctterungen<\/strong><\/p>\n<ul>\n<li>Misst Vibrationen, die durch Gestein infolge von Sprengstoffdetonationen \u00fcbertragen werden<\/li>\n<li>Wird f\u00fcr Nahfeld\u00fcberwachung der Energie mit hochfrequenten Resonanzbeschleunigungssensoren eingesetzt<\/li>\n<li>Unterst\u00fctzt Frequenzbereiche und Empfindlichkeiten f\u00fcr Nahfeldeins\u00e4tze<\/li>\n<\/ul>\n <\/div>\n\t\t\t<\/div> \n\t\t<\/div>\n\t<\/div> \n\n\t<div  class=\"vc_col-sm-6 wpb_column column_container vc_column_container col no-extra-padding inherit_tablet inherit_phone\"  data-padding-pos=\"all\" data-has-bg-color=\"false\" data-bg-color=\"\" data-bg-opacity=\"1\" data-animation=\"\" data-delay=\"0\" >\n\t\t<div class=\"vc_column-inner\" >\n\t\t\t<div class=\"wpb_wrapper\">\n\t\t\t\t<div class=\"nectar-fancy-ul\" data-list-icon=\"icon-salient-thin-line\" data-animation=\"true\" data-animation-delay=\"0\" data-color=\"accent-color\" data-spacing=\"default\" data-alignment=\"left\"> <strong>Pre-Split-Bewertung<\/strong><\/p>\n<ul>\n<li>Zeichnet die Schwingungsenergie auf beiden Seiten des Pre-Splits auf, um die Effizienz berechnen zu k\u00f6nnen<\/li>\n<li>Misst die Energie an der endg\u00fcltigen Wand zur Reduzierung radialer Risse<\/li>\n<li>Verbessert die Sprengungen nahe der Endwand f\u00fcr eine bessere langfristige Stabilit\u00e4t<\/li>\n<\/ul>\n <\/div>\n\t\t\t<\/div> \n\t\t<\/div>\n\t<\/div> \n<\/div><\/div>\n\t\t<div id=\"fws_69d44b7da8ad6\"  data-column-margin=\"default\" data-midnight=\"dark\"  class=\"wpb_row vc_row-fluid vc_row full-width-content vc_row-o-equal-height vc_row-flex vc_row-o-content-top  right_padding_4pct left_padding_4pct\"  style=\"padding-top: 30px; padding-bottom: 30px; \"><div class=\"row-bg-wrap\" data-bg-animation=\"none\" data-bg-animation-delay=\"\" data-bg-overlay=\"false\"><div class=\"inner-wrap row-bg-layer\" ><div class=\"row-bg viewport-desktop\"  style=\"\"><\/div><\/div><\/div><div class=\"row_col_wrap_12 col span_12 dark left\">\n\t<div  class=\"vc_col-sm-12 wpb_column column_container vc_column_container col no-extra-padding inherit_tablet inherit_phone\"  data-padding-pos=\"all\" data-has-bg-color=\"false\" data-bg-color=\"\" data-bg-opacity=\"1\" data-animation=\"\" data-delay=\"0\" >\n\t\t<div class=\"vc_column-inner\" >\n\t\t\t<div class=\"wpb_wrapper\">\n\t\t\t\t<div class='nectar-post-grid-wrap text-color-dark additional-meta-size-small spacing-15px' data-el-settings='{\"post_type\":\"portfolio\",\"pagination\":\"none\",\"image_size\":\"full\",\"parallax_scrolling\":\"\",\"aspect_ratio_image_size\":\"\",\"category_position\":\"default\",\"category_display\":\"default\",\"display_categories\":\"0\",\"display_excerpt\":\"0\",\"excerpt_length\":\"20\",\"display_date\":\"0\",\"display_estimated_reading_time\":\"0\",\"display_author\":\"0\",\"author_functionality\":\"default\",\"author_position\":\"default\",\"color_overlay\":\"\",\"color_overlay_opacity\":\"\",\"color_overlay_hover_opacity\":\"\",\"card_bg_color\":\"\",\"grid_style\":\"content_under_image\",\"hover_effect\":\"zoom\",\"post_title_overlay\":\"\",\"heading_tag\":\"default\",\"heading_tag_render\":\"default\",\"enable_gallery_lightbox\":\"0\",\"category_style\":\"underline\",\"overlay_secondary_project_image\":\"\",\"vertical_list_hover_effect\":\"none\",\"vertical_list_read_more\":\"\",\"read_more_button\":\"0\",\"animation\":\"zoom-out-reveal\",\"custom_fields\":\"\",\"custom_fields_location\":\"before_post_meta\",\"display_type\":\"grid\",\"text_content_layout\":\"top_left\"}' data-style='content_under_image' data-query='{\"post_type\":\"portfolio\",\"posts_per_page\":\"-1\",\"order\":\"ASC\",\"orderby\":\"title\",\"offset\":\"0\",\"cpt_name\":\"post\",\"custom_query_tax\":\"\",\"ignore_sticky_posts\":\"\",\"exclude_current_post\":\"\"}' data-load-more-color='black' data-load-more-text='Load More'><div class=\"nectar-post-grid-filters\" data-active-color=\"default\" data-align=\"default\" data-animation=\"zoom-out-reveal\" data-sortable=\"\"><div><a href=\"#\" data-filter=\"vibration-accessories\" data-total-count=\"6\">Vibrationszubeh\u00f6r<\/a><\/div><\/div><div class=\"nectar-post-grid custom_font_size_18px font_size_tablet_18px font_size_phone_18px custom-aspect-ratio-3-2 category-position-before-title\" data-indicator=\"\" data-indicator-style=\"default\" data-indicator-text-color=\"#fff\" data-indicator-color=\"#000\" data-indicator-text=\"View\" data-columns=\"4\" data-hover-effect=\"zoom\" data-text-style=\"default\" data-border-radius=\"none\" data-grid-item-height=\"40vh\" data-grid-spacing=\"15px\" data-text-layout=\"top_left\" data-text-color=\"dark\" data-text-hover-color=\"dark\" data-shadow-hover=\"yes\" data-animation=\"zoom-out-reveal\" data-animation-stagger=\"400\" data-cat-click=\"default\"  data-lock-aspect=\"\"  data-text-align=\"left\" data-card=\"\" ><div class=\"nectar-post-grid-item\" data-post-id=\"1791\" data-has-img=\"true\"> <div class=\"inner\"><div class=\"nectar-post-grid-item-bg-wrap\"><div class=\"nectar-post-grid-item-bg-wrap-inner\"><div class=\"nectar-post-grid-item-bg\"><img loading=\"lazy\" decoding=\"async\" width=\"400\" height=\"341\" src=\"https:\/\/mrel.com\/wp-content\/uploads\/2025\/07\/Triaxial_Sensor.jpg\" class=\"attachment-full size-full\" alt=\"\" srcset=\"https:\/\/mrel.com\/wp-content\/uploads\/2025\/07\/Triaxial_Sensor.jpg 400w, https:\/\/mrel.com\/wp-content\/uploads\/2025\/07\/Triaxial_Sensor-300x256.jpg 300w, https:\/\/mrel.com\/wp-content\/uploads\/2025\/07\/Triaxial_Sensor-14x12.jpg 14w, https:\/\/mrel.com\/wp-content\/uploads\/2025\/07\/Triaxial_Sensor-32x27.jpg 32w\" sizes=\"auto, (max-width: 400px) 100vw, 400px\" \/><\/div><\/div><\/div><div class=\"content\"><a class=\"nectar-post-grid-link\" href=\"https:\/\/mrel.com\/de\/produkte\/sprengmittel\/triaxial-accelerometer-100g\/\" ><span class=\"screen-reader-text\">TRIAXIAL ACCELEROMETER (+\/- 100g)<\/span><\/a><div class=\"item-main\"><h3 class=\"post-heading\"><div class=\"nectar-split-heading custom-trigger\" data-align=\"default\" data-m-align=\"inherit\" data-text-effect=\"default\" data-animation-type=\"line-reveal-by-space\" data-animation-delay=\"\" data-animation-offset=\"\" data-m-rm-animation=\"\" data-stagger=\"true\"><p>TRIAXIAL ACCELEROMETER (+\/- 100g)<\/p><\/div><\/h3><\/div><\/div><\/div><\/div><div class=\"nectar-post-grid-item\" data-post-id=\"1793\" data-has-img=\"true\"> <div class=\"inner\"><div class=\"nectar-post-grid-item-bg-wrap\"><div class=\"nectar-post-grid-item-bg-wrap-inner\"><div class=\"nectar-post-grid-item-bg\"><img loading=\"lazy\" decoding=\"async\" width=\"400\" height=\"341\" src=\"https:\/\/mrel.com\/wp-content\/uploads\/2025\/07\/Triaxial_Sensor.jpg\" class=\"attachment-full size-full\" alt=\"\" srcset=\"https:\/\/mrel.com\/wp-content\/uploads\/2025\/07\/Triaxial_Sensor.jpg 400w, https:\/\/mrel.com\/wp-content\/uploads\/2025\/07\/Triaxial_Sensor-300x256.jpg 300w, https:\/\/mrel.com\/wp-content\/uploads\/2025\/07\/Triaxial_Sensor-14x12.jpg 14w, https:\/\/mrel.com\/wp-content\/uploads\/2025\/07\/Triaxial_Sensor-32x27.jpg 32w\" sizes=\"auto, (max-width: 400px) 100vw, 400px\" \/><\/div><\/div><\/div><div class=\"content\"><a class=\"nectar-post-grid-link\" href=\"https:\/\/mrel.com\/de\/produkte\/sprengmittel\/triaxial-accelerometer-200g\/\" ><span class=\"screen-reader-text\">TRIAXIAL ACCELEROMETER (+\/- 200g)<\/span><\/a><div class=\"item-main\"><h3 class=\"post-heading\"><div class=\"nectar-split-heading custom-trigger\" data-align=\"default\" data-m-align=\"inherit\" data-text-effect=\"default\" data-animation-type=\"line-reveal-by-space\" data-animation-delay=\"\" data-animation-offset=\"\" data-m-rm-animation=\"\" data-stagger=\"true\"><p>TRIAXIAL ACCELEROMETER (+\/- 200g)<\/p><\/div><\/h3><\/div><\/div><\/div><\/div><div class=\"nectar-post-grid-item\" data-post-id=\"1795\" data-has-img=\"true\"> <div class=\"inner\"><div class=\"nectar-post-grid-item-bg-wrap\"><div class=\"nectar-post-grid-item-bg-wrap-inner\"><div class=\"nectar-post-grid-item-bg\"><img loading=\"lazy\" decoding=\"async\" width=\"400\" height=\"341\" src=\"https:\/\/mrel.com\/wp-content\/uploads\/2025\/07\/Triaxial_Sensor.jpg\" class=\"attachment-full size-full\" alt=\"\" srcset=\"https:\/\/mrel.com\/wp-content\/uploads\/2025\/07\/Triaxial_Sensor.jpg 400w, https:\/\/mrel.com\/wp-content\/uploads\/2025\/07\/Triaxial_Sensor-300x256.jpg 300w, https:\/\/mrel.com\/wp-content\/uploads\/2025\/07\/Triaxial_Sensor-14x12.jpg 14w, https:\/\/mrel.com\/wp-content\/uploads\/2025\/07\/Triaxial_Sensor-32x27.jpg 32w\" sizes=\"auto, (max-width: 400px) 100vw, 400px\" \/><\/div><\/div><\/div><div class=\"content\"><a class=\"nectar-post-grid-link\" href=\"https:\/\/mrel.com\/de\/produkte\/sprengmittel\/triaxial-accelerometer-500g\/\" ><span class=\"screen-reader-text\">TRIAXIAL ACCELEROMETER (+\/- 500g)<\/span><\/a><div class=\"item-main\"><h3 class=\"post-heading\"><div class=\"nectar-split-heading custom-trigger\" data-align=\"default\" data-m-align=\"inherit\" data-text-effect=\"default\" data-animation-type=\"line-reveal-by-space\" data-animation-delay=\"\" data-animation-offset=\"\" data-m-rm-animation=\"\" data-stagger=\"true\"><p>TRIAXIAL ACCELEROMETER (+\/- 500g)<\/p><\/div><\/h3><\/div><\/div><\/div><\/div><div class=\"nectar-post-grid-item\" data-post-id=\"1786\" data-has-img=\"true\"> <div class=\"inner\"><div class=\"nectar-post-grid-item-bg-wrap\"><div class=\"nectar-post-grid-item-bg-wrap-inner\"><div class=\"nectar-post-grid-item-bg\"><img loading=\"lazy\" decoding=\"async\" width=\"400\" height=\"341\" src=\"https:\/\/mrel.com\/wp-content\/uploads\/2025\/07\/Triaxial_Sensor.jpg\" class=\"attachment-full size-full\" alt=\"\" srcset=\"https:\/\/mrel.com\/wp-content\/uploads\/2025\/07\/Triaxial_Sensor.jpg 400w, https:\/\/mrel.com\/wp-content\/uploads\/2025\/07\/Triaxial_Sensor-300x256.jpg 300w, https:\/\/mrel.com\/wp-content\/uploads\/2025\/07\/Triaxial_Sensor-14x12.jpg 14w, https:\/\/mrel.com\/wp-content\/uploads\/2025\/07\/Triaxial_Sensor-32x27.jpg 32w\" sizes=\"auto, (max-width: 400px) 100vw, 400px\" \/><\/div><\/div><\/div><div class=\"content\"><a class=\"nectar-post-grid-link\" href=\"https:\/\/mrel.com\/de\/produkte\/sprengmittel\/triaxial-accelerometer-50g\/\" ><span class=\"screen-reader-text\">TRIAXIAL ACCELEROMETER (+\/- 50g)<\/span><\/a><div class=\"item-main\"><h3 class=\"post-heading\"><div class=\"nectar-split-heading custom-trigger\" data-align=\"default\" data-m-align=\"inherit\" data-text-effect=\"default\" data-animation-type=\"line-reveal-by-space\" data-animation-delay=\"\" data-animation-offset=\"\" data-m-rm-animation=\"\" data-stagger=\"true\"><p>TRIAXIAL ACCELEROMETER (+\/- 50g)<\/p><\/div><\/h3><\/div><\/div><\/div><\/div><div class=\"nectar-post-grid-item\" data-post-id=\"1287\" data-has-img=\"true\"> <div class=\"inner\"><div class=\"nectar-post-grid-item-bg-wrap\"><div class=\"nectar-post-grid-item-bg-wrap-inner\"><div class=\"nectar-post-grid-item-bg\"><img loading=\"lazy\" decoding=\"async\" width=\"348\" height=\"400\" src=\"https:\/\/mrel.com\/wp-content\/uploads\/2025\/03\/Triaxial_Sensor-1-15-11.jpg\" class=\"attachment-full size-full\" alt=\"\" srcset=\"https:\/\/mrel.com\/wp-content\/uploads\/2025\/03\/Triaxial_Sensor-1-15-11.jpg 348w, https:\/\/mrel.com\/wp-content\/uploads\/2025\/03\/Triaxial_Sensor-1-15-11-261x300.jpg 261w, https:\/\/mrel.com\/wp-content\/uploads\/2025\/03\/Triaxial_Sensor-1-15-11-10x12.jpg 10w, https:\/\/mrel.com\/wp-content\/uploads\/2025\/03\/Triaxial_Sensor-1-15-11-28x32.jpg 28w\" sizes=\"auto, (max-width: 348px) 100vw, 348px\" \/><\/div><\/div><\/div><div class=\"content\"><a class=\"nectar-post-grid-link\" href=\"https:\/\/mrel.com\/de\/produkte\/sprengmittel\/triaxial-accelerometer-5g\/\" ><span class=\"screen-reader-text\">TRIAXIAL ACCELEROMETER (+\/- 5g)<\/span><\/a><div class=\"item-main\"><h3 class=\"post-heading\"><div class=\"nectar-split-heading custom-trigger\" data-align=\"default\" data-m-align=\"inherit\" data-text-effect=\"default\" data-animation-type=\"line-reveal-by-space\" data-animation-delay=\"\" data-animation-offset=\"\" data-m-rm-animation=\"\" data-stagger=\"true\"><p>TRIAXIAL ACCELEROMETER (+\/- 5g)<\/p><\/div><\/h3><\/div><\/div><\/div><\/div><div class=\"nectar-post-grid-item\" data-post-id=\"1798\" data-has-img=\"true\"> <div class=\"inner\"><div class=\"nectar-post-grid-item-bg-wrap\"><div class=\"nectar-post-grid-item-bg-wrap-inner\"><div class=\"nectar-post-grid-item-bg\"><img loading=\"lazy\" decoding=\"async\" width=\"300\" height=\"400\" src=\"https:\/\/mrel.com\/wp-content\/uploads\/2025\/07\/Triaxial_Signal_Conditioner.jpg\" class=\"attachment-full size-full\" alt=\"\" srcset=\"https:\/\/mrel.com\/wp-content\/uploads\/2025\/07\/Triaxial_Signal_Conditioner.jpg 300w, https:\/\/mrel.com\/wp-content\/uploads\/2025\/07\/Triaxial_Signal_Conditioner-225x300.jpg 225w, https:\/\/mrel.com\/wp-content\/uploads\/2025\/07\/Triaxial_Signal_Conditioner-9x12.jpg 9w, https:\/\/mrel.com\/wp-content\/uploads\/2025\/07\/Triaxial_Signal_Conditioner-24x32.jpg 24w\" sizes=\"auto, (max-width: 300px) 100vw, 300px\" \/><\/div><\/div><\/div><div class=\"content\"><a class=\"nectar-post-grid-link\" href=\"https:\/\/mrel.com\/de\/produkte\/sprengmittel\/triaxial_accelerometer_signal_conditioner\/\" ><span class=\"screen-reader-text\">TRIAXIAL ACCELEROMETER SIGNAL CONDITIONER<\/span><\/a><div class=\"item-main\"><h3 class=\"post-heading\"><div class=\"nectar-split-heading custom-trigger\" data-align=\"default\" data-m-align=\"inherit\" data-text-effect=\"default\" data-animation-type=\"line-reveal-by-space\" data-animation-delay=\"\" data-animation-offset=\"\" data-m-rm-animation=\"\" data-stagger=\"true\"><p>TRIAXIAL ACCELEROMETER SIGNAL CONDITIONER<\/p><\/div><\/h3><\/div><\/div><\/div><\/div><\/div><\/div>\n\t\t\t<\/div> \n\t\t<\/div>\n\t<\/div> \n<\/div><\/div>","protected":false},"excerpt":{"rendered":"","protected":false},"author":5,"featured_media":0,"parent":180,"menu_order":0,"comment_status":"closed","ping_status":"closed","template":"","meta":{"footnotes":""},"class_list":["post-1784","page","type-page","status-publish"],"_links":{"self":[{"href":"https:\/\/mrel.com\/de\/wp-json\/wp\/v2\/pages\/1784","targetHints":{"allow":["GET"]}}],"collection":[{"href":"https:\/\/mrel.com\/de\/wp-json\/wp\/v2\/pages"}],"about":[{"href":"https:\/\/mrel.com\/de\/wp-json\/wp\/v2\/types\/page"}],"author":[{"embeddable":true,"href":"https:\/\/mrel.com\/de\/wp-json\/wp\/v2\/users\/5"}],"replies":[{"embeddable":true,"href":"https:\/\/mrel.com\/de\/wp-json\/wp\/v2\/comments?post=1784"}],"version-history":[{"count":8,"href":"https:\/\/mrel.com\/de\/wp-json\/wp\/v2\/pages\/1784\/revisions"}],"predecessor-version":[{"id":1835,"href":"https:\/\/mrel.com\/de\/wp-json\/wp\/v2\/pages\/1784\/revisions\/1835"}],"up":[{"embeddable":true,"href":"https:\/\/mrel.com\/de\/wp-json\/wp\/v2\/pages\/180"}],"wp:attachment":[{"href":"https:\/\/mrel.com\/de\/wp-json\/wp\/v2\/media?parent=1784"}],"curies":[{"name":"wp","href":"https:\/\/api.w.org\/{rel}","templated":true}]}}